{"id":1934,"date":"2016-06-20T03:53:05","date_gmt":"2016-06-20T03:53:05","guid":{"rendered":"http:\/\/wp.rivertheme.com\/ri-fusion\/?page_id=1934"},"modified":"2026-03-10T09:43:36","modified_gmt":"2026-03-10T09:43:36","slug":"mas-naoc-maison-dhotes","status":"publish","type":"page","link":"https:\/\/www.lemasdunaoc.com\/en\/","title":{"rendered":"Home"},"content":{"rendered":"<div class=\"wpb-content-wrapper\"><p>[vc_row][vc_column][vc_column_text][\/vc_column_text][\/vc_column][\/vc_row][vc_row full_width=&#8221;stretch_row_content_no_spaces&#8221; full_height=&#8221;yes&#8221; css=&#8221;.vc_custom_1466397962818{margin-top: 0px !important;margin-right: 0px !important;margin-bottom: 0px !important;margin-left: 0px !important;}&#8221;][vc_column css=&#8221;.vc_custom_1466397454873{margin-top: 0px !important;margin-right: 0px !important;margin-bottom: 0px !important;margin-left: 0px !important;}&#8221;][rev_slider_vc alias=&#8221;slidehome&#8221;][vc_empty_space][\/vc_column][\/vc_row][vc_row][vc_column][vc_custom_heading text=&#8221;LE MAS DU NAOC &#8211; Maison d&#8217;h\u00f4tes -&#8221; font_container=&#8221;tag:h1|font_size:50|text_align:center&#8221; google_fonts=&#8221;font_family:Oswald%3A300%2Cregular%2C700|font_style:300%20light%20regular%3A300%3Anormal&#8221;][vc_btn title=&#8221;BOOK YOUR STAY&#8221; style=&#8221;custom&#8221; custom_background=&#8221;#596E4E&#8221; custom_text=&#8221;#FFFFFF&#8221; align=&#8221;center&#8221; css=&#8221;&#8221; button_block=&#8221;true&#8221;][vc_column_text css_animation=&#8221;top-to-bottom&#8221; css=&#8221;.vc_custom_1672838029848{background-color: #ffffff !important;}&#8221;]<\/p>\n<p style=\"text-align: center;\">Le\u00a0Mas du Naoc is a Guest House located in the village of Cabris in the back country of Cannes and Grasse. The Mas du Naoc will enable<i>\u00a0<\/i>you<i>\u00a0<\/i>to enjoy the pleasures of the French Riviera. Our\u00a0<i>\u00a0<\/i>Guest House full of charm is situated at the gates<i>\u00a0<\/i>of the Provence region and on a typically mediterranean\u00a0 estate with a 15-meter, fresh-water and\u00a0<a href=\"https:\/\/www.lemasdunaoc.com\/en\/le-mas-maison-d-hotes-grasse\/outside\/\">heated swimming pool<\/a><i>.\u00a0<\/i>Close to the cities of Grasse, Nice, Antibes, Mougins and Valbonne you will\u00a0 have easy access to the French Riviera, from St Tropez to Menton.<\/p>\n<p style=\"text-align: center;\">With two options\u00a0<a href=\"https:\/\/www.lemasdunaoc.com\/chambres-d-hotes-cabris\/\">guest room<\/a><i>\u00a0<\/i>or\u00a0\u00a0<a href=\"https:\/\/www.lemasdunaoc.com\/appartements-de-charme-cote-d-azur\/\">apartment<\/a>, we can welcome you, all year around, in an authentic and quiet old \u00ab\u00a0mas proven\u00e7al\u00a0\u00bb where you can discover the atmosphere of the old country houses typical of Provence.<\/p>\n<p>[\/vc_column_text][vc_separator][\/vc_column][\/vc_row][vc_row][vc_column width=&#8221;1\/3&#8243;]<div class=\"rit-element-builder rit-element-image-hover \">\n    <div class=\"image-hover-inner\">\n                    <a href=\"http:\/\/www.lemasdunaoc.com\/le-mas-du-naoc-maison-hotes-grasse\/\">\n                <img loading=\"lazy\" decoding=\"async\" width=\"800\" height=\"1200\" src=\"https:\/\/www.lemasdunaoc.com\/wp-content\/uploads\/2024\/05\/Le-Mas-du-Naoc-french-riviera.jpg\" class=\"attachment-full size-full\" alt=\"\" srcset=\"https:\/\/www.lemasdunaoc.com\/wp-content\/uploads\/2024\/05\/Le-Mas-du-Naoc-french-riviera.jpg 800w, https:\/\/www.lemasdunaoc.com\/wp-content\/uploads\/2024\/05\/Le-Mas-du-Naoc-french-riviera-200x300.jpg 200w, https:\/\/www.lemasdunaoc.com\/wp-content\/uploads\/2024\/05\/Le-Mas-du-Naoc-french-riviera-683x1024.jpg 683w, https:\/\/www.lemasdunaoc.com\/wp-content\/uploads\/2024\/05\/Le-Mas-du-Naoc-french-riviera-768x1152.jpg 768w\" sizes=\"auto, (max-width: 800px) 100vw, 800px\" \/>            <\/a>\n                    <\/div>\n<\/div>\n[vc_custom_heading text=&#8221;THE MAS&#8221; font_container=&#8221;tag:h3|text_align:center&#8221; google_fonts=&#8221;font_family:Oswald%3A300%2Cregular%2C700|font_style:300%20light%20regular%3A300%3Anormal&#8221; link=&#8221;url:http%3A%2F%2Fwww.lemasdunaoc.com%2Fle-mas-du-naoc-maison-hotes-grasse%2F|||&#8221;][vc_column_text]<\/p>\n<p style=\"text-align: center;\">\u00ab\u00a0Simplicity is the harmonious balance of the beautiful, the convenient and the right\u00a0\u00bb\u00a0Franck Lloyd Wright wrote.<\/p>\n<p style=\"text-align: center;\"><a href=\"https:\/\/www.lemasdunaoc.com\/le-mas-du-naoc-maison-hotes-grasse\/\">Read<\/a><\/p>\n<p>[\/vc_column_text][\/vc_column][vc_column width=&#8221;1\/3&#8243;]<div class=\"rit-element-builder rit-element-image-hover \">\n    <div class=\"image-hover-inner\">\n                    <a href=\"http:\/\/www.lemasdunaoc.com\/slow-living\/\">\n                <img loading=\"lazy\" decoding=\"async\" width=\"754\" height=\"1000\" src=\"https:\/\/www.lemasdunaoc.com\/wp-content\/uploads\/2024\/05\/le-mas-du-naoc-cabris-cote-dazur.jpg\" class=\"attachment-full size-full\" alt=\"\" srcset=\"https:\/\/www.lemasdunaoc.com\/wp-content\/uploads\/2024\/05\/le-mas-du-naoc-cabris-cote-dazur.jpg 754w, https:\/\/www.lemasdunaoc.com\/wp-content\/uploads\/2024\/05\/le-mas-du-naoc-cabris-cote-dazur-226x300.jpg 226w\" sizes=\"auto, (max-width: 754px) 100vw, 754px\" \/>            <\/a>\n                    <\/div>\n<\/div>\n[vc_custom_heading text=&#8221;SLOW LIVING&#8221; font_container=&#8221;tag:h3|text_align:center&#8221; google_fonts=&#8221;font_family:Oswald%3A300%2Cregular%2C700|font_style:300%20light%20regular%3A300%3Anormal&#8221; link=&#8221;url:http%3A%2F%2Fwww.lemasdunaoc.com%2Fslow-living%2F|||&#8221;][vc_column_text]<\/p>\n<p style=\"text-align: center;\">Slow living is the philosophy of Le\u00a0Mas du Naoc. Here, when you get up, you discover a world in which time is measured by the light of the sky, the changing sounds of nature and the colors of seasons\u2026<\/p>\n<p style=\"text-align: center;\"><a href=\"https:\/\/www.lemasdunaoc.com\/en\/slow-living\/\">Read<\/a><\/p>\n<p>[\/vc_column_text][\/vc_column][vc_column width=&#8221;1\/3&#8243;]<div class=\"rit-element-builder rit-element-image-hover \">\n    <div class=\"image-hover-inner\">\n                    <a href=\"http:\/\/www.lemasdunaoc.com\/chambres-d-hotes-cabris\/\">\n                <img loading=\"lazy\" decoding=\"async\" width=\"800\" height=\"1200\" src=\"https:\/\/www.lemasdunaoc.com\/wp-content\/uploads\/2024\/05\/chambre-hotes-cote-sud-cote-d-azur.jpeg\" class=\"attachment-full size-full\" alt=\"\" srcset=\"https:\/\/www.lemasdunaoc.com\/wp-content\/uploads\/2024\/05\/chambre-hotes-cote-sud-cote-d-azur.jpeg 800w, https:\/\/www.lemasdunaoc.com\/wp-content\/uploads\/2024\/05\/chambre-hotes-cote-sud-cote-d-azur-200x300.jpeg 200w, https:\/\/www.lemasdunaoc.com\/wp-content\/uploads\/2024\/05\/chambre-hotes-cote-sud-cote-d-azur-683x1024.jpeg 683w, https:\/\/www.lemasdunaoc.com\/wp-content\/uploads\/2024\/05\/chambre-hotes-cote-sud-cote-d-azur-768x1152.jpeg 768w\" sizes=\"auto, (max-width: 800px) 100vw, 800px\" \/>            <\/a>\n                    <\/div>\n<\/div>\n[vc_custom_heading text=&#8221;GUEST ROOMS&#8221; font_container=&#8221;tag:h3|text_align:center&#8221; google_fonts=&#8221;font_family:Oswald%3A300%2Cregular%2C700|font_style:300%20light%20regular%3A300%3Anormal&#8221; link=&#8221;url:http%3A%2F%2Fwww.lemasdunaoc.com%2Fchambres-d-hotes-cabris%2F|||&#8221;][vc_column_text]<\/p>\n<p style=\"text-align: center;\">Le\u00a0Mas du Naoc has 2 guest rooms and a suite, home-made breakfast included, starting at 150 Euros<\/p>\n<p style=\"text-align: center;\"><a href=\"https:\/\/www.lemasdunaoc.com\/chambres-d-hotes-cabris\/\">informations on guest rooms<\/a><\/p>\n<p>[\/vc_column_text][\/vc_column][\/vc_row][vc_row][vc_column width=&#8221;2\/3&#8243;]<div class=\"rit-element-builder rit-element-image-hover \">\n    <div class=\"image-hover-inner\">\n                    <a href=\"http:\/\/www.lemasdunaoc.com\/appartements-de-charme-cote-d-azur\/\">\n                <img loading=\"lazy\" decoding=\"async\" width=\"800\" height=\"527\" src=\"https:\/\/www.lemasdunaoc.com\/wp-content\/uploads\/2016\/06\/appartement_naoc.jpeg\" class=\"attachment-full size-full\" alt=\"appartement en location\" srcset=\"https:\/\/www.lemasdunaoc.com\/wp-content\/uploads\/2016\/06\/appartement_naoc.jpeg 800w, https:\/\/www.lemasdunaoc.com\/wp-content\/uploads\/2016\/06\/appartement_naoc-300x198.jpeg 300w, https:\/\/www.lemasdunaoc.com\/wp-content\/uploads\/2016\/06\/appartement_naoc-768x506.jpeg 768w\" sizes=\"auto, (max-width: 800px) 100vw, 800px\" \/>            <\/a>\n                    <\/div>\n<\/div>\n[\/vc_column][vc_column width=&#8221;1\/3&#8243;][vc_empty_space][vc_custom_heading text=&#8221;GUEST APARTMENTS&#8221; font_container=&#8221;tag:h3|text_align:center&#8221; google_fonts=&#8221;font_family:Oswald%3A300%2Cregular%2C700|font_style:300%20light%20regular%3A300%3Anormal&#8221; link=&#8221;url:http%3A%2F%2Fwww.lemasdunaoc.com%2Fappartements-de-charme-cote-d-azur%2F|||&#8221;][vc_column_text]<\/p>\n<p style=\"text-align: center;\">Le\u00a0Mas du Naoc offers 2 contemporary just-like-home apartments ,\u00a0 starting at 180 Euros<\/p>\n<p style=\"text-align: center;\"><a href=\"https:\/\/www.lemasdunaoc.com\/appartements-de-charme-cote-d-azur\/\">information on apartments\u00a0<\/a><\/p>\n<p>[\/vc_column_text][\/vc_column][\/vc_row][vc_row][vc_column][vc_empty_space][vc_separator][vc_single_image image=&#8221;2788&#8243; img_size=&#8221;full&#8221;][vc_separator][\/vc_column][\/vc_row][vc_row][vc_column][vc_column_text]<\/p>\n<p style=\"text-align: center;\">Discover an alternative to a hotel\u00a0 by choosing a charming Guest House<i>,\u00a0<\/i>a contemporary refuge nestled between seaside and mountain . You will appreciate a peaceful and quiet place to rest, as well as the proximity of the French Riviera. The house is situated<i>\u00a0<\/i>500 meters above sea level<i>,\u00a0<\/i>thus no need for air-conditioning. Here, summer nights are cool and\u00a0 reasonably hot daytime is spent lulled by the humming songs of cicadas<i>. You can find more information about Le Mas du Naoc\u00a0<\/i><a href=\"https:\/\/www.lemasdunaoc.com\/ils-en-parlent\/\"><i>here<\/i><\/a><\/p>\n<p>[\/vc_column_text][\/vc_column][\/vc_row][vc_row][vc_column][vc_column_text]<\/p>\n<p style=\"text-align: center;\">Le Mas du Naoc est pr\u00e9sent sur MHD &#8211; <a href=\"http:\/\/www.mhd-maison-hotes.com\">Maisons d&#8217;h\u00f4tes design<\/a><\/p>\n<p>[\/vc_column_text][\/vc_column][\/vc_row][vc_row][vc_column][vc_column_text][\/vc_column_text][\/vc_column][\/vc_row]<\/p>\n<\/div>","protected":false},"excerpt":{"rendered":"<p>[vc_row][vc_column][vc_column_text][\/vc_column_text][\/vc_column][\/vc_row][vc_row full_width=&#8221;stretch_row_content_no_spaces&#8221; full_height=&#8221;yes&#8221; css=&#8221;.vc_custom_1466397962818{margin-top: 0px !important;margin-right: 0px !important;margin-bottom: 0px !important;margin-left: 0px !important;}&#8221;][vc_column css=&#8221;.vc_custom_1466397454873{margin-top: 0px !important;margin-right: 0px !important;margin-bottom: 0px !important;margin-left: 0px !important;}&#8221;][rev_slider_vc alias=&#8221;slidehome&#8221;][vc_empty_space][\/vc_column][\/vc_row][vc_row][vc_column][vc_custom_heading text=&#8221;LE MAS DU NAOC &#8211; Maison d&#8217;h\u00f4tes -&#8221; font_container=&#8221;tag:h1|font_size:50|text_align:center&#8221;&#8230;<\/p>\n","protected":false},"author":1,"featured_media":0,"parent":0,"menu_order":0,"comment_status":"closed","ping_status":"closed","template":"","meta":{"_monsterinsights_skip_tracking":false,"_monsterinsights_sitenote_active":false,"_monsterinsights_sitenote_note":"","_monsterinsights_sitenote_category":0,"footnotes":""},"class_list":["post-1934","page","type-page","status-publish","hentry"],"yoast_head":"<!-- This site is optimized with the Yoast SEO plugin v26.9 - https:\/\/yoast.com\/product\/yoast-seo-wordpress\/ -->\n<title>The Mas du Naoc charming guest house in Cabris French Riviera<\/title>\n<meta name=\"description\" content=\"The Mas du Naoc is a charming and design guest house in Cabris near the cities of Grasse, Cannes Nice located in the village of Cabris French RivieraThe Mas du Naoc is a charming and design guest house in Cabris near the cities of Grasse, Cannes Nice located in the village of Cabris French Riviera\" \/>\n<meta name=\"robots\" content=\"index, follow, max-snippet:-1, max-image-preview:large, max-video-preview:-1\" \/>\n<link rel=\"canonical\" href=\"https:\/\/www.lemasdunaoc.com\/\" \/>\n<meta property=\"og:locale\" content=\"en_US\" \/>\n<meta property=\"og:type\" content=\"article\" \/>\n<meta property=\"og:title\" content=\"[:fr]Le Mas du Naoc maison d&#039;h\u00f4tes de charme \u00e0 Cabris Grasse c\u00f4te d&#039;azur[:en]The Mas du Naoc charming guest house in Cabris French Riviera[:]\" \/>\n<meta property=\"og:description\" content=\"{:fr}Le Mas du Naoc maison d&#039;h\u00f4tes \u00e0 Cabris sur la C\u00f4te d&#039;Azur Grasse Cannes. Chambres d&#039;h\u00f4tes design avec bassin de nage chauff\u00e9.{:en}The Mas du Naoc is a charming and design guest house in Cabris near the cities of Grasse, Cannes Nice located in the village of Cabris French RivieraThe Mas du Naoc is a charming and design guest house in Cabris near the cities of Grasse, Cannes Nice located in the village of Cabris French Riviera{:}\" \/>\n<meta property=\"og:url\" content=\"https:\/\/www.lemasdunaoc.com\/\" \/>\n<meta property=\"og:site_name\" content=\"Le Mas du Naoc\" \/>\n<meta property=\"article:modified_time\" content=\"2026-03-10T09:43:36+00:00\" \/>\n<meta name=\"twitter:card\" content=\"summary_large_image\" \/>\n<meta name=\"twitter:label1\" content=\"Est. reading time\" \/>\n\t<meta name=\"twitter:data1\" content=\"7 minutes\" \/>\n<script type=\"application\/ld+json\" class=\"yoast-schema-graph\">{\"@context\":\"https:\/\/schema.org\",\"@graph\":[{\"@type\":\"WebPage\",\"@id\":\"https:\/\/www.lemasdunaoc.com\/\",\"url\":\"https:\/\/www.lemasdunaoc.com\/\",\"name\":\"[:fr]Le Mas du Naoc maison d'h\u00f4tes de charme \u00e0 Cabris Grasse c\u00f4te d'azur[:en]The Mas du Naoc charming guest house in Cabris French Riviera[:]\",\"isPartOf\":{\"@id\":\"https:\/\/www.lemasdunaoc.com\/fr\/#website\"},\"datePublished\":\"2016-06-20T03:53:05+00:00\",\"dateModified\":\"2026-03-10T09:43:36+00:00\",\"description\":\"{:fr}Le Mas du Naoc maison d'h\u00f4tes \u00e0 Cabris sur la C\u00f4te d'Azur Grasse Cannes. Chambres d'h\u00f4tes design avec bassin de nage chauff\u00e9.{:en}The Mas du Naoc is a charming and design guest house in Cabris near the cities of Grasse, Cannes Nice located in the village of Cabris French RivieraThe Mas du Naoc is a charming and design guest house in Cabris near the cities of Grasse, Cannes Nice located in the village of Cabris French Riviera{:}\",\"breadcrumb\":{\"@id\":\"https:\/\/www.lemasdunaoc.com\/#breadcrumb\"},\"inLanguage\":\"en-US\",\"potentialAction\":[{\"@type\":\"ReadAction\",\"target\":[\"https:\/\/www.lemasdunaoc.com\/\"]}]},{\"@type\":\"BreadcrumbList\",\"@id\":\"https:\/\/www.lemasdunaoc.com\/#breadcrumb\",\"itemListElement\":[{\"@type\":\"ListItem\",\"position\":1,\"name\":\"Accueil\",\"item\":\"https:\/\/www.lemasdunaoc.com\/\"},{\"@type\":\"ListItem\",\"position\":2,\"name\":\"[:fr]Le Mas du Naoc Maison d&rsquo;h\u00f4tes[:en]Home[:]\"}]},{\"@type\":\"WebSite\",\"@id\":\"https:\/\/www.lemasdunaoc.com\/fr\/#website\",\"url\":\"https:\/\/www.lemasdunaoc.com\/fr\/\",\"name\":\"Le Mas du Naoc\",\"description\":\"Maison d&#039;h\u00f4tes de charme\",\"publisher\":{\"@id\":\"https:\/\/www.lemasdunaoc.com\/fr\/#\/schema\/person\/ddb5d512a1a346bfaed7b410f9db7c41\"},\"potentialAction\":[{\"@type\":\"SearchAction\",\"target\":{\"@type\":\"EntryPoint\",\"urlTemplate\":\"https:\/\/www.lemasdunaoc.com\/fr\/?s={search_term_string}\"},\"query-input\":{\"@type\":\"PropertyValueSpecification\",\"valueRequired\":true,\"valueName\":\"search_term_string\"}}],\"inLanguage\":\"en-US\"},{\"@type\":[\"Person\",\"Organization\"],\"@id\":\"https:\/\/www.lemasdunaoc.com\/fr\/#\/schema\/person\/ddb5d512a1a346bfaed7b410f9db7c41\",\"name\":\"jmaingret\",\"image\":{\"@type\":\"ImageObject\",\"inLanguage\":\"en-US\",\"@id\":\"https:\/\/www.lemasdunaoc.com\/fr\/#\/schema\/person\/image\/\",\"url\":\"https:\/\/secure.gravatar.com\/avatar\/5784e2612ac089b84aad68c8b1266254636e487769c05a3c47565d323c1a6874?s=96&d=mm&r=g\",\"contentUrl\":\"https:\/\/secure.gravatar.com\/avatar\/5784e2612ac089b84aad68c8b1266254636e487769c05a3c47565d323c1a6874?s=96&d=mm&r=g\",\"caption\":\"jmaingret\"},\"logo\":{\"@id\":\"https:\/\/www.lemasdunaoc.com\/fr\/#\/schema\/person\/image\/\"}}]}<\/script>\n<!-- \/ Yoast SEO plugin. -->","yoast_head_json":{"title":"The Mas du Naoc charming guest house in Cabris French Riviera","description":"The Mas du Naoc is a charming and design guest house in Cabris near the cities of Grasse, Cannes Nice located in the village of Cabris French RivieraThe Mas du Naoc is a charming and design guest house in Cabris near the cities of Grasse, Cannes Nice located in the village of Cabris French Riviera","robots":{"index":"index","follow":"follow","max-snippet":"max-snippet:-1","max-image-preview":"max-image-preview:large","max-video-preview":"max-video-preview:-1"},"canonical":"https:\/\/www.lemasdunaoc.com\/","og_locale":"en_US","og_type":"article","og_title":"[:fr]Le Mas du Naoc maison d'h\u00f4tes de charme \u00e0 Cabris Grasse c\u00f4te d'azur[:en]The Mas du Naoc charming guest house in Cabris French Riviera[:]","og_description":"{:fr}Le Mas du Naoc maison d'h\u00f4tes \u00e0 Cabris sur la C\u00f4te d'Azur Grasse Cannes. Chambres d'h\u00f4tes design avec bassin de nage chauff\u00e9.{:en}The Mas du Naoc is a charming and design guest house in Cabris near the cities of Grasse, Cannes Nice located in the village of Cabris French RivieraThe Mas du Naoc is a charming and design guest house in Cabris near the cities of Grasse, Cannes Nice located in the village of Cabris French Riviera{:}","og_url":"https:\/\/www.lemasdunaoc.com\/","og_site_name":"Le Mas du Naoc","article_modified_time":"2026-03-10T09:43:36+00:00","twitter_card":"summary_large_image","twitter_misc":{"Est. reading time":"7 minutes"},"schema":{"@context":"https:\/\/schema.org","@graph":[{"@type":"WebPage","@id":"https:\/\/www.lemasdunaoc.com\/","url":"https:\/\/www.lemasdunaoc.com\/","name":"[:fr]Le Mas du Naoc maison d'h\u00f4tes de charme \u00e0 Cabris Grasse c\u00f4te d'azur[:en]The Mas du Naoc charming guest house in Cabris French Riviera[:]","isPartOf":{"@id":"https:\/\/www.lemasdunaoc.com\/fr\/#website"},"datePublished":"2016-06-20T03:53:05+00:00","dateModified":"2026-03-10T09:43:36+00:00","description":"{:fr}Le Mas du Naoc maison d'h\u00f4tes \u00e0 Cabris sur la C\u00f4te d'Azur Grasse Cannes. Chambres d'h\u00f4tes design avec bassin de nage chauff\u00e9.{:en}The Mas du Naoc is a charming and design guest house in Cabris near the cities of Grasse, Cannes Nice located in the village of Cabris French RivieraThe Mas du Naoc is a charming and design guest house in Cabris near the cities of Grasse, Cannes Nice located in the village of Cabris French Riviera{:}","breadcrumb":{"@id":"https:\/\/www.lemasdunaoc.com\/#breadcrumb"},"inLanguage":"en-US","potentialAction":[{"@type":"ReadAction","target":["https:\/\/www.lemasdunaoc.com\/"]}]},{"@type":"BreadcrumbList","@id":"https:\/\/www.lemasdunaoc.com\/#breadcrumb","itemListElement":[{"@type":"ListItem","position":1,"name":"Accueil","item":"https:\/\/www.lemasdunaoc.com\/"},{"@type":"ListItem","position":2,"name":"[:fr]Le Mas du Naoc Maison d&rsquo;h\u00f4tes[:en]Home[:]"}]},{"@type":"WebSite","@id":"https:\/\/www.lemasdunaoc.com\/fr\/#website","url":"https:\/\/www.lemasdunaoc.com\/fr\/","name":"Le Mas du Naoc","description":"Maison d&#039;h\u00f4tes de charme","publisher":{"@id":"https:\/\/www.lemasdunaoc.com\/fr\/#\/schema\/person\/ddb5d512a1a346bfaed7b410f9db7c41"},"potentialAction":[{"@type":"SearchAction","target":{"@type":"EntryPoint","urlTemplate":"https:\/\/www.lemasdunaoc.com\/fr\/?s={search_term_string}"},"query-input":{"@type":"PropertyValueSpecification","valueRequired":true,"valueName":"search_term_string"}}],"inLanguage":"en-US"},{"@type":["Person","Organization"],"@id":"https:\/\/www.lemasdunaoc.com\/fr\/#\/schema\/person\/ddb5d512a1a346bfaed7b410f9db7c41","name":"jmaingret","image":{"@type":"ImageObject","inLanguage":"en-US","@id":"https:\/\/www.lemasdunaoc.com\/fr\/#\/schema\/person\/image\/","url":"https:\/\/secure.gravatar.com\/avatar\/5784e2612ac089b84aad68c8b1266254636e487769c05a3c47565d323c1a6874?s=96&d=mm&r=g","contentUrl":"https:\/\/secure.gravatar.com\/avatar\/5784e2612ac089b84aad68c8b1266254636e487769c05a3c47565d323c1a6874?s=96&d=mm&r=g","caption":"jmaingret"},"logo":{"@id":"https:\/\/www.lemasdunaoc.com\/fr\/#\/schema\/person\/image\/"}}]}},"_links":{"self":[{"href":"https:\/\/www.lemasdunaoc.com\/en\/wp-json\/wp\/v2\/pages\/1934","targetHints":{"allow":["GET"]}}],"collection":[{"href":"https:\/\/www.lemasdunaoc.com\/en\/wp-json\/wp\/v2\/pages"}],"about":[{"href":"https:\/\/www.lemasdunaoc.com\/en\/wp-json\/wp\/v2\/types\/page"}],"author":[{"embeddable":true,"href":"https:\/\/www.lemasdunaoc.com\/en\/wp-json\/wp\/v2\/users\/1"}],"replies":[{"embeddable":true,"href":"https:\/\/www.lemasdunaoc.com\/en\/wp-json\/wp\/v2\/comments?post=1934"}],"version-history":[{"count":177,"href":"https:\/\/www.lemasdunaoc.com\/en\/wp-json\/wp\/v2\/pages\/1934\/revisions"}],"predecessor-version":[{"id":4735,"href":"https:\/\/www.lemasdunaoc.com\/en\/wp-json\/wp\/v2\/pages\/1934\/revisions\/4735"}],"wp:attachment":[{"href":"https:\/\/www.lemasdunaoc.com\/en\/wp-json\/wp\/v2\/media?parent=1934"}],"curies":[{"name":"wp","href":"https:\/\/api.w.org\/{rel}","templated":true}]}}