{"id":2360,"date":"2016-08-10T13:15:01","date_gmt":"2016-08-10T13:15:01","guid":{"rendered":"http:\/\/wp.rivertheme.com\/ri-fusion\/?page_id=2360"},"modified":"2025-04-21T17:57:17","modified_gmt":"2025-04-21T17:57:17","slug":"contact-reservation","status":"publish","type":"page","link":"https:\/\/www.lemasdunaoc.com\/en\/contact-reservation\/","title":{"rendered":"Contact-Booking"},"content":{"rendered":"<div class=\"wpb-content-wrapper\"><p>[vc_row css=&#8221;.vc_custom_1470834989532{margin-top: 100px !important;}&#8221;][vc_column][vc_gmaps link=&#8221;#E-8_JTNDaWZyYW1lJTIwc3JjJTNEJTIyaHR0cHMlM0ElMkYlMkZ3d3cuZ29vZ2xlLmNvbSUyRm1hcHMlMkZlbWJlZCUzRnBiJTNEJTIxMW0xOCUyMTFtMTIlMjExbTMlMjExZDI4NTYuNDM3OTYzMDEwNTI4JTIxMmQ2Ljg4MzA4NjQ2OTAyMTYzNyUyMTNkNDMuNjYyODk5ODc1MzkwNjglMjEybTMlMjExZjAlMjEyZjAlMjEzZjAlMjEzbTIlMjExaTEwMjQlMjEyaTc2OCUyMTRmMTMuMSUyMTNtMyUyMTFtMiUyMTFzMHgxMmNjMjVkNmY0ZDhmOGNkJTI1M0EweDE4NjUzOTg0NzFlNzU0ZWIlMjEyc0xlJTJCTWFzJTJCZHUlMkJOYW9jJTIxNWUwJTIxM20yJTIxMXNmciUyMTJzZnIlMjE0djE0NzIyNzY4NTQ4MTIlMjIlMjB3aWR0aCUzRCUyMjYwMCUyMiUyMGhlaWdodCUzRCUyMjQ1MCUyMiUyMGZyYW1lYm9yZGVyJTNEJTIyMCUyMiUyMHN0eWxlJTNEJTIyYm9yZGVyJTNBMCUyMiUyMGFsbG93ZnVsbHNjcmVlbiUzRSUzQyUyRmlmcmFtZSUzRQ==&#8221; size=&#8221;500&#8243;][\/vc_column][\/vc_row][vc_row css=&#8221;.vc_custom_1470882280520{margin-top: 80px !important;margin-bottom: 0px !important;}&#8221;][vc_column][vc_custom_heading text=&#8221;BOOKING&#8221; font_container=&#8221;tag:h2|font_size:42|text_align:left|color:%23252525&#8243; use_theme_fonts=&#8221;yes&#8221;][vc_btn title=&#8221;Book your stay&#8221; style=&#8221;custom&#8221; custom_background=&#8221;#596E4E&#8221; custom_text=&#8221;#FFFFFF&#8221; align=&#8221;center&#8221; css=&#8221;&#8221; button_block=&#8221;true&#8221; link=&#8221;url:https%3A%2F%2Fwww.lemasdunaoc.com%2Freservation%2F|title:R%C3%A9servation&#8221;][\/vc_column][\/vc_row][vc_row css=&#8221;.vc_custom_1470882280520{margin-top: 80px !important;margin-bottom: 0px !important;}&#8221;][vc_column width=&#8221;1\/3&#8243;][vc_custom_heading text=&#8221;INFORMATIONS&#8221; font_container=&#8221;tag:h2|font_size:42|text_align:left|color:%23252525&#8243; use_theme_fonts=&#8221;yes&#8221;][\/vc_column][vc_column width=&#8221;2\/3&#8243;][vc_row_inner css=&#8221;.vc_custom_1470835256675{padding-bottom: 80px !important;}&#8221;][vc_column_inner width=&#8221;1\/3&#8243;][vc_custom_heading text=&#8221;Contact&#8221; font_container=&#8221;tag:h4|font_size:18|text_align:left|color:%23252525&#8243; use_theme_fonts=&#8221;yes&#8221; css=&#8221;.vc_custom_1473602891776{border-top-width: 2px !important;padding-top: 30px !important;padding-bottom: 30px !important;border-top-color: #252525 !important;border-top-style: solid !important;}&#8221;][\/vc_column_inner][vc_column_inner width=&#8221;2\/3&#8243;][vc_column_text css=&#8221;&#8221;]For any information, you can call\u00a0 between 9.00 am and 7.00 pm and we will be happy to answer all your questions. You can also contact us by email and you will have\u00a0 a prompt reply.<\/p>\n<p>Hope you will get in touch\u00a0 very soon&#8230;[\/vc_column_text][\/vc_column_inner][\/vc_row_inner][vc_row_inner css=&#8221;.vc_custom_1470882312789{padding-bottom: 40px !important;}&#8221;][vc_column_inner width=&#8221;1\/3&#8243;][vc_custom_heading text=&#8221;OUR DETAILS&#8221; font_container=&#8221;tag:h4|font_size:18|text_align:left|color:%23252525&#8243; use_theme_fonts=&#8221;yes&#8221; css=&#8221;.vc_custom_1488572295714{border-top-width: 2px !important;padding-top: 30px !important;padding-bottom: 30px !important;border-top-color: #252525 !important;border-top-style: solid !important;}&#8221;][\/vc_column_inner][vc_column_inner width=&#8221;2\/3&#8243;][vc_column_text css=&#8221;&#8221;]<\/p>\n<p style=\"font-size: 13px;\"><strong>Le Mas du Naoc<\/strong><\/p>\n<p style=\"font-size: 13px;\">580 Chemin du Migrani\u00e9<\/p>\n<p style=\"font-size: 13px;\">06530 CABRIS<\/p>\n<p style=\"font-size: 13px;\">(+33)\u00a06 73 46 04 99<\/p>\n<p><a style=\"color: #494949;\" href=\"mailto:info@lemasdunaoc.com\">info@lemasdunaoc.com<\/a>[\/vc_column_text][\/vc_column_inner][\/vc_row_inner][\/vc_column][\/vc_row]<\/p>\n<\/div>","protected":false},"excerpt":{"rendered":"<p>[vc_row css=&#8221;.vc_custom_1470834989532{margin-top: 100px !important;}&#8221;][vc_column][vc_gmaps link=&#8221;#E-8_JTNDaWZyYW1lJTIwc3JjJTNEJTIyaHR0cHMlM0ElMkYlMkZ3d3cuZ29vZ2xlLmNvbSUyRm1hcHMlMkZlbWJlZCUzRnBiJTNEJTIxMW0xOCUyMTFtMTIlMjExbTMlMjExZDI4NTYuNDM3OTYzMDEwNTI4JTIxMmQ2Ljg4MzA4NjQ2OTAyMTYzNyUyMTNkNDMuNjYyODk5ODc1MzkwNjglMjEybTMlMjExZjAlMjEyZjAlMjEzZjAlMjEzbTIlMjExaTEwMjQlMjEyaTc2OCUyMTRmMTMuMSUyMTNtMyUyMTFtMiUyMTFzMHgxMmNjMjVkNmY0ZDhmOGNkJTI1M0EweDE4NjUzOTg0NzFlNzU0ZWIlMjEyc0xlJTJCTWFzJTJCZHUlMkJOYW9jJTIxNWUwJTIxM20yJTIxMXNmciUyMTJzZnIlMjE0djE0NzIyNzY4NTQ4MTIlMjIlMjB3aWR0aCUzRCUyMjYwMCUyMiUyMGhlaWdodCUzRCUyMjQ1MCUyMiUyMGZyYW1lYm9yZGVyJTNEJTIyMCUyMiUyMHN0eWxlJTNEJTIyYm9yZGVyJTNBMCUyMiUyMGFsbG93ZnVsbHNjcmVlbiUzRSUzQyUyRmlmcmFtZSUzRQ==&#8221; size=&#8221;500&#8243;][\/vc_column][\/vc_row][vc_row css=&#8221;.vc_custom_1470882280520{margin-top: 80px !important;margin-bottom: 0px !important;}&#8221;][vc_column][vc_custom_heading text=&#8221;BOOKING&#8221; font_container=&#8221;tag:h2|font_size:42|text_align:left|color:%23252525&#8243; use_theme_fonts=&#8221;yes&#8221;][vc_btn title=&#8221;Book your stay&#8221; style=&#8221;custom&#8221; custom_background=&#8221;#596E4E&#8221; custom_text=&#8221;#FFFFFF&#8221; align=&#8221;center&#8221; css=&#8221;&#8221; button_block=&#8221;true&#8221; link=&#8221;url:https%3A%2F%2Fwww.lemasdunaoc.com%2Freservation%2F|title:R%C3%A9servation&#8221;][\/vc_column][\/vc_row][vc_row css=&#8221;.vc_custom_1470882280520{margin-top: 80px !important;margin-bottom: 0px !important;}&#8221;][vc_column width=&#8221;1\/3&#8243;][vc_custom_heading text=&#8221;INFORMATIONS&#8221;&#8230;<\/p>\n","protected":false},"author":1,"featured_media":0,"parent":0,"menu_order":0,"comment_status":"closed","ping_status":"closed","template":"","meta":{"_monsterinsights_skip_tracking":false,"_monsterinsights_sitenote_active":false,"_monsterinsights_sitenote_note":"","_monsterinsights_sitenote_category":0,"footnotes":""},"class_list":["post-2360","page","type-page","status-publish","hentry"],"yoast_head":"<!-- This site is optimized with the Yoast SEO plugin v26.9 - https:\/\/yoast.com\/product\/yoast-seo-wordpress\/ -->\n<title>Contact and booking a guest house in the Mas du Naoc - Cabris<\/title>\n<meta name=\"description\" content=\"Contact and booking your guest room or apartment in the Mas du Naoc in Cabris French Riviera. All informations to book your room\" \/>\n<meta name=\"robots\" content=\"index, follow, max-snippet:-1, max-image-preview:large, max-video-preview:-1\" \/>\n<link rel=\"canonical\" href=\"https:\/\/www.lemasdunaoc.com\/contact-reservation\/\" \/>\n<meta property=\"og:locale\" content=\"en_US\" \/>\n<meta property=\"og:type\" content=\"article\" \/>\n<meta property=\"og:title\" content=\"[:fr]Contact et r\u00e9servation d&#039;une chambres d&#039;h\u00f4tes au Mas du Naoc - Cabris[:en]Contact and booking a guest house in the Mas du Naoc - Cabris[:]\" \/>\n<meta property=\"og:description\" content=\"{:fr}Contact et r\u00e9servation de votre chambre d&#039;h\u00f4te ou appartement contemporain au Mas du Naoc \u00e0 Cabris sur la C\u00f4te d&#039;Azur. Situ\u00e9 proche de Grasse, Cannes, Nice{:en}Contact and booking your guest room or apartment in the Mas du Naoc in Cabris French Riviera. All informations to book your room{:}\" \/>\n<meta property=\"og:url\" content=\"https:\/\/www.lemasdunaoc.com\/contact-reservation\/\" \/>\n<meta property=\"og:site_name\" content=\"Le Mas du Naoc\" \/>\n<meta property=\"article:modified_time\" content=\"2025-04-21T17:57:17+00:00\" \/>\n<meta name=\"twitter:card\" content=\"summary_large_image\" \/>\n<meta name=\"twitter:label1\" content=\"Est. reading time\" \/>\n\t<meta name=\"twitter:data1\" content=\"1 minute\" \/>\n<script type=\"application\/ld+json\" class=\"yoast-schema-graph\">{\"@context\":\"https:\/\/schema.org\",\"@graph\":[{\"@type\":\"WebPage\",\"@id\":\"https:\/\/www.lemasdunaoc.com\/contact-reservation\/\",\"url\":\"https:\/\/www.lemasdunaoc.com\/contact-reservation\/\",\"name\":\"[:fr]Contact et r\u00e9servation d'une chambres d'h\u00f4tes au Mas du Naoc - Cabris[:en]Contact and booking a guest house in the Mas du Naoc - Cabris[:]\",\"isPartOf\":{\"@id\":\"https:\/\/www.lemasdunaoc.com\/fr\/#website\"},\"datePublished\":\"2016-08-10T13:15:01+00:00\",\"dateModified\":\"2025-04-21T17:57:17+00:00\",\"description\":\"{:fr}Contact et r\u00e9servation de votre chambre d'h\u00f4te ou appartement contemporain au Mas du Naoc \u00e0 Cabris sur la C\u00f4te d'Azur. Situ\u00e9 proche de Grasse, Cannes, Nice{:en}Contact and booking your guest room or apartment in the Mas du Naoc in Cabris French Riviera. All informations to book your room{:}\",\"breadcrumb\":{\"@id\":\"https:\/\/www.lemasdunaoc.com\/contact-reservation\/#breadcrumb\"},\"inLanguage\":\"en-US\",\"potentialAction\":[{\"@type\":\"ReadAction\",\"target\":[\"https:\/\/www.lemasdunaoc.com\/contact-reservation\/\"]}]},{\"@type\":\"BreadcrumbList\",\"@id\":\"https:\/\/www.lemasdunaoc.com\/contact-reservation\/#breadcrumb\",\"itemListElement\":[{\"@type\":\"ListItem\",\"position\":1,\"name\":\"Accueil\",\"item\":\"https:\/\/www.lemasdunaoc.com\/\"},{\"@type\":\"ListItem\",\"position\":2,\"name\":\"Contact-R\u00e9servation\"}]},{\"@type\":\"WebSite\",\"@id\":\"https:\/\/www.lemasdunaoc.com\/fr\/#website\",\"url\":\"https:\/\/www.lemasdunaoc.com\/fr\/\",\"name\":\"Le Mas du Naoc\",\"description\":\"Maison d&#039;h\u00f4tes de charme\",\"publisher\":{\"@id\":\"https:\/\/www.lemasdunaoc.com\/fr\/#\/schema\/person\/ddb5d512a1a346bfaed7b410f9db7c41\"},\"potentialAction\":[{\"@type\":\"SearchAction\",\"target\":{\"@type\":\"EntryPoint\",\"urlTemplate\":\"https:\/\/www.lemasdunaoc.com\/fr\/?s={search_term_string}\"},\"query-input\":{\"@type\":\"PropertyValueSpecification\",\"valueRequired\":true,\"valueName\":\"search_term_string\"}}],\"inLanguage\":\"en-US\"},{\"@type\":[\"Person\",\"Organization\"],\"@id\":\"https:\/\/www.lemasdunaoc.com\/fr\/#\/schema\/person\/ddb5d512a1a346bfaed7b410f9db7c41\",\"name\":\"jmaingret\",\"image\":{\"@type\":\"ImageObject\",\"inLanguage\":\"en-US\",\"@id\":\"https:\/\/www.lemasdunaoc.com\/fr\/#\/schema\/person\/image\/\",\"url\":\"https:\/\/secure.gravatar.com\/avatar\/5784e2612ac089b84aad68c8b1266254636e487769c05a3c47565d323c1a6874?s=96&d=mm&r=g\",\"contentUrl\":\"https:\/\/secure.gravatar.com\/avatar\/5784e2612ac089b84aad68c8b1266254636e487769c05a3c47565d323c1a6874?s=96&d=mm&r=g\",\"caption\":\"jmaingret\"},\"logo\":{\"@id\":\"https:\/\/www.lemasdunaoc.com\/fr\/#\/schema\/person\/image\/\"}}]}<\/script>\n<!-- \/ Yoast SEO plugin. -->","yoast_head_json":{"title":"Contact and booking a guest house in the Mas du Naoc - Cabris","description":"Contact and booking your guest room or apartment in the Mas du Naoc in Cabris French Riviera. All informations to book your room","robots":{"index":"index","follow":"follow","max-snippet":"max-snippet:-1","max-image-preview":"max-image-preview:large","max-video-preview":"max-video-preview:-1"},"canonical":"https:\/\/www.lemasdunaoc.com\/contact-reservation\/","og_locale":"en_US","og_type":"article","og_title":"[:fr]Contact et r\u00e9servation d'une chambres d'h\u00f4tes au Mas du Naoc - Cabris[:en]Contact and booking a guest house in the Mas du Naoc - Cabris[:]","og_description":"{:fr}Contact et r\u00e9servation de votre chambre d'h\u00f4te ou appartement contemporain au Mas du Naoc \u00e0 Cabris sur la C\u00f4te d'Azur. Situ\u00e9 proche de Grasse, Cannes, Nice{:en}Contact and booking your guest room or apartment in the Mas du Naoc in Cabris French Riviera. All informations to book your room{:}","og_url":"https:\/\/www.lemasdunaoc.com\/contact-reservation\/","og_site_name":"Le Mas du Naoc","article_modified_time":"2025-04-21T17:57:17+00:00","twitter_card":"summary_large_image","twitter_misc":{"Est. reading time":"1 minute"},"schema":{"@context":"https:\/\/schema.org","@graph":[{"@type":"WebPage","@id":"https:\/\/www.lemasdunaoc.com\/contact-reservation\/","url":"https:\/\/www.lemasdunaoc.com\/contact-reservation\/","name":"[:fr]Contact et r\u00e9servation d'une chambres d'h\u00f4tes au Mas du Naoc - Cabris[:en]Contact and booking a guest house in the Mas du Naoc - Cabris[:]","isPartOf":{"@id":"https:\/\/www.lemasdunaoc.com\/fr\/#website"},"datePublished":"2016-08-10T13:15:01+00:00","dateModified":"2025-04-21T17:57:17+00:00","description":"{:fr}Contact et r\u00e9servation de votre chambre d'h\u00f4te ou appartement contemporain au Mas du Naoc \u00e0 Cabris sur la C\u00f4te d'Azur. Situ\u00e9 proche de Grasse, Cannes, Nice{:en}Contact and booking your guest room or apartment in the Mas du Naoc in Cabris French Riviera. All informations to book your room{:}","breadcrumb":{"@id":"https:\/\/www.lemasdunaoc.com\/contact-reservation\/#breadcrumb"},"inLanguage":"en-US","potentialAction":[{"@type":"ReadAction","target":["https:\/\/www.lemasdunaoc.com\/contact-reservation\/"]}]},{"@type":"BreadcrumbList","@id":"https:\/\/www.lemasdunaoc.com\/contact-reservation\/#breadcrumb","itemListElement":[{"@type":"ListItem","position":1,"name":"Accueil","item":"https:\/\/www.lemasdunaoc.com\/"},{"@type":"ListItem","position":2,"name":"Contact-R\u00e9servation"}]},{"@type":"WebSite","@id":"https:\/\/www.lemasdunaoc.com\/fr\/#website","url":"https:\/\/www.lemasdunaoc.com\/fr\/","name":"Le Mas du Naoc","description":"Maison d&#039;h\u00f4tes de charme","publisher":{"@id":"https:\/\/www.lemasdunaoc.com\/fr\/#\/schema\/person\/ddb5d512a1a346bfaed7b410f9db7c41"},"potentialAction":[{"@type":"SearchAction","target":{"@type":"EntryPoint","urlTemplate":"https:\/\/www.lemasdunaoc.com\/fr\/?s={search_term_string}"},"query-input":{"@type":"PropertyValueSpecification","valueRequired":true,"valueName":"search_term_string"}}],"inLanguage":"en-US"},{"@type":["Person","Organization"],"@id":"https:\/\/www.lemasdunaoc.com\/fr\/#\/schema\/person\/ddb5d512a1a346bfaed7b410f9db7c41","name":"jmaingret","image":{"@type":"ImageObject","inLanguage":"en-US","@id":"https:\/\/www.lemasdunaoc.com\/fr\/#\/schema\/person\/image\/","url":"https:\/\/secure.gravatar.com\/avatar\/5784e2612ac089b84aad68c8b1266254636e487769c05a3c47565d323c1a6874?s=96&d=mm&r=g","contentUrl":"https:\/\/secure.gravatar.com\/avatar\/5784e2612ac089b84aad68c8b1266254636e487769c05a3c47565d323c1a6874?s=96&d=mm&r=g","caption":"jmaingret"},"logo":{"@id":"https:\/\/www.lemasdunaoc.com\/fr\/#\/schema\/person\/image\/"}}]}},"_links":{"self":[{"href":"https:\/\/www.lemasdunaoc.com\/en\/wp-json\/wp\/v2\/pages\/2360","targetHints":{"allow":["GET"]}}],"collection":[{"href":"https:\/\/www.lemasdunaoc.com\/en\/wp-json\/wp\/v2\/pages"}],"about":[{"href":"https:\/\/www.lemasdunaoc.com\/en\/wp-json\/wp\/v2\/types\/page"}],"author":[{"embeddable":true,"href":"https:\/\/www.lemasdunaoc.com\/en\/wp-json\/wp\/v2\/users\/1"}],"replies":[{"embeddable":true,"href":"https:\/\/www.lemasdunaoc.com\/en\/wp-json\/wp\/v2\/comments?post=2360"}],"version-history":[{"count":50,"href":"https:\/\/www.lemasdunaoc.com\/en\/wp-json\/wp\/v2\/pages\/2360\/revisions"}],"predecessor-version":[{"id":4673,"href":"https:\/\/www.lemasdunaoc.com\/en\/wp-json\/wp\/v2\/pages\/2360\/revisions\/4673"}],"wp:attachment":[{"href":"https:\/\/www.lemasdunaoc.com\/en\/wp-json\/wp\/v2\/media?parent=2360"}],"curies":[{"name":"wp","href":"https:\/\/api.w.org\/{rel}","templated":true}]}}