{"id":2715,"date":"2016-08-28T09:25:26","date_gmt":"2016-08-28T09:25:26","guid":{"rendered":"http:\/\/www.lemasdunaoc.com\/?page_id=2715"},"modified":"2026-03-29T08:07:47","modified_gmt":"2026-03-29T08:07:47","slug":"chambres-d-hotes-cabris","status":"publish","type":"page","link":"https:\/\/www.lemasdunaoc.com\/en\/chambres-d-hotes-cabris\/","title":{"rendered":"Guest rooms"},"content":{"rendered":"<div class=\"wpb-content-wrapper\"><p>[vc_row][vc_column][rev_slider_vc alias=&#8221;full-screen&#8221;][\/vc_column][vc_column][vc_empty_space][\/vc_column][\/vc_row][vc_row][vc_column][vc_custom_heading text=&#8221;GUEST ROOMS AND SUITE \u2013 CABRIS FRENCH RIVIERA&#8221; font_container=&#8221;tag:h1|font_size:50|text_align:center|color:%23191919&#8243; google_fonts=&#8221;font_family:Oswald%3A300%2Cregular%2C700|font_style:300%20light%20regular%3A300%3Anormal&#8221;][\/vc_column][\/vc_row][vc_row][vc_column][vc_separator][\/vc_column][\/vc_row][vc_row][vc_column][vc_column_text]The \u00a0Mas du Naoc offers 2 guest rooms for 2 people and one suite for 3. Every room has access to a \u00a0 kitchen, a terrace and\u00a0 the swimming pool.<\/p>\n<p style=\"text-align: center;\">* <strong>\u00a0in July and August these rooms are rented as apartments.<\/strong><\/p>\n<p>[\/vc_column_text][vc_btn title=&#8221;T\u00e9l\u00e9charger votre &#8220;Bon Cadeau&#8220;&#8221; shape=&#8221;square&#8221; align=&#8221;center&#8221; i_icon_fontawesome=&#8221;fa fa-gift&#8221; css_animation=&#8221;left-to-right&#8221; add_icon=&#8221;true&#8221; link=&#8221;url:http%3A%2F%2Fwww.lemasdunaoc.com%2Fwp-content%2Fuploads%2F2016%2F12%2FBon-Cadeau-Mas-du-Naoc.pdf||target:%20_blank|&#8221;][\/vc_column][\/vc_row][vc_row][vc_column][vc_separator][\/vc_column][\/vc_row][vc_row gap=&#8221;30&#8243; content_placement=&#8221;middle&#8221;][vc_column width=&#8221;1\/2&#8243;][vc_single_image image=&#8221;3147&#8243; img_size=&#8221;400X600&#8243; alignment=&#8221;center&#8221; onclick=&#8221;custom_link&#8221; link=&#8221;http:\/\/www.lemasdunaoc.com\/chambres-d-hotes-grasse\/galerie-photos-des-chambres\/&#8221;][vc_custom_heading text=&#8221;GALLERY&#8221; font_container=&#8221;tag:h4|text_align:center|color:%23bfa77e&#8221; google_fonts=&#8221;font_family:Oswald%3A300%2Cregular%2C700|font_style:300%20light%20regular%3A300%3Anormal&#8221; link=&#8221;url:http%3A%2F%2Fwww.lemasdunaoc.com%2Fchambres-d-hotes-grasse%2Fgalerie-photos-des-chambres%2F|||&#8221;][\/vc_column][vc_column width=&#8221;1\/2&#8243;][vc_custom_heading text=&#8221;GUEST ROOM COTE LAVOIR&#8221; font_container=&#8221;tag:h2|font_size:36|text_align:center&#8221; google_fonts=&#8221;font_family:Oswald%3A300%2Cregular%2C700|font_style:300%20light%20regular%3A300%3Anormal&#8221;][vc_column_text]<\/p>\n<p style=\"text-align: center;\">25 square-meter double room with bathroom (walk-in shower ) and access to common fully-equipped kitchen and lounge.<\/p>\n<p style=\"text-align: center;\"><b>Amenities<\/b>\u00a0: towels \u00ab\u00a0Society\u00a0\u00bb, swimming-pool towels and organic cosmetic products<\/p>\n<p>[\/vc_column_text][vc_single_image image=&#8221;2810&#8243; img_size=&#8221;&#8221; alignment=&#8221;center&#8221; css_animation=&#8221;top-to-bottom&#8221;][vc_column_text css=&#8221;&#8221;]<\/p>\n<p style=\"text-align: center;\"><strong>Starting from 170 euros (<\/strong>breakfast included) (minimum of 2 nights)<\/p>\n<p style=\"text-align: center;\">In July and August rented as ADN apartment<\/p>\n<p>[\/vc_column_text][vc_btn title=&#8221;Book your stay&#8221; style=&#8221;custom&#8221; custom_background=&#8221;#596E4E&#8221; custom_text=&#8221;#FFFFFF&#8221; shape=&#8221;square&#8221; align=&#8221;center&#8221; css=&#8221;&#8221; link=&#8221;url:http%3A%2F%2Fwww.lemasdunaoc.com%2Fcontact-reservation%2F|||&#8221;][\/vc_column][\/vc_row][vc_row][vc_column][vc_separator][\/vc_column][\/vc_row][vc_row gap=&#8221;30&#8243; content_placement=&#8221;middle&#8221;][vc_column width=&#8221;1\/2&#8243;][vc_single_image image=&#8221;2873&#8243; img_size=&#8221;400X600&#8243; alignment=&#8221;center&#8221; onclick=&#8221;custom_link&#8221; link=&#8221;http:\/\/www.lemasdunaoc.com\/chambres-d-hotes-grasse\/galerie-photos-des-chambres\/&#8221;][vc_custom_heading text=&#8221;GALLERY&#8221; font_container=&#8221;tag:h4|text_align:center|color:%23bfa77e&#8221; google_fonts=&#8221;font_family:Oswald%3A300%2Cregular%2C700|font_style:300%20light%20regular%3A300%3Anormal&#8221; link=&#8221;url:http%3A%2F%2Fwww.lemasdunaoc.com%2Fchambres-d-hotes-grasse%2Fgalerie-photos-des-chambres%2F|||&#8221;][\/vc_column][vc_column width=&#8221;1\/2&#8243;][vc_custom_heading text=&#8221;GUEST ROOM COTE SUD&#8221; font_container=&#8221;tag:h2|font_size:36|text_align:center&#8221; google_fonts=&#8221;font_family:Oswald%3A300%2Cregular%2C700|font_style:300%20light%20regular%3A300%3Anormal&#8221;][vc_column_text]<\/p>\n<p style=\"text-align: center;\">20 square-meter double room\u00a0 with bathroom\u00a0 (walk-in shower) and access to common<\/p>\n<p style=\"text-align: center;\">\u00a0fully-equipped kitchen and private terrace<i>\u00a0<\/i>overlooking<i>\u00a0<\/i>\u00a0the coast and surrounding hills\u00a0.<\/p>\n<p style=\"text-align: center;\">This room is currently being renovated, photos will be available soon\u2026.<\/p>\n<p style=\"text-align: center;\"><b>Amenities<\/b>\u00a0: Towels \u00ab\u00a0Society\u00a0\u00bb , swimming-pool towels and organic cosmetic products<i>.<\/i><\/p>\n<p>[\/vc_column_text][vc_single_image image=&#8221;2810&#8243; img_size=&#8221;&#8221; alignment=&#8221;center&#8221; css_animation=&#8221;top-to-bottom&#8221;][vc_column_text css=&#8221;&#8221;]<\/p>\n<p style=\"text-align: center;\"><strong>Starting from 200 euros<\/strong> (breakfast included) (minimum of 2 nights)<\/p>\n<p style=\"text-align: center;\">In july and August rented as ADN apartment<\/p>\n<p>[\/vc_column_text][vc_btn title=&#8221;Book your stay&#8221; style=&#8221;custom&#8221; custom_background=&#8221;#596E4E&#8221; custom_text=&#8221;#FFFFFF&#8221; shape=&#8221;square&#8221; align=&#8221;center&#8221; css=&#8221;&#8221; link=&#8221;url:http%3A%2F%2Fwww.lemasdunaoc.com%2Fcontact-reservation%2F|||&#8221;][\/vc_column][\/vc_row][vc_row][vc_column][vc_separator][\/vc_column][\/vc_row][vc_row gap=&#8221;30&#8243; content_placement=&#8221;middle&#8221;][vc_column width=&#8221;1\/2&#8243;][vc_single_image image=&#8221;3166&#8243; img_size=&#8221;400X600&#8243; alignment=&#8221;center&#8221; onclick=&#8221;custom_link&#8221; link=&#8221;http:\/\/www.lemasdunaoc.com\/chambres-d-hotes-grasse\/galerie-photos-des-chambres\/&#8221;][vc_custom_heading text=&#8221;GALLERY&#8221; font_container=&#8221;tag:h4|text_align:center|color:%23bfa77e&#8221; google_fonts=&#8221;font_family:Oswald%3A300%2Cregular%2C700|font_style:300%20light%20regular%3A300%3Anormal&#8221; link=&#8221;url:http%3A%2F%2Fwww.lemasdunaoc.com%2Fchambres-d-hotes-grasse%2Fgalerie-photos-des-chambres%2F|||&#8221;][\/vc_column][vc_column width=&#8221;1\/2&#8243;][vc_custom_heading text=&#8221;SUITE C\u00d4TE ORATOIRE&#8221; font_container=&#8221;tag:h2|font_size:36|text_align:center&#8221; google_fonts=&#8221;font_family:Oswald%3A300%2Cregular%2C700|font_style:300%20light%20regular%3A300%3Anormal&#8221;][vc_column_text]<\/p>\n<p style=\"text-align: center;\">S45 square-meter suite for 2-3 people with a large bedroom , bathroom (walk-in shower) and a lounge with<i>\u00a0<\/i>a single bed, wash-stand and private toilet<i>.\u00a0<\/i>Fully-equipped kitchen and terrace shared\u00a0with the \u00ab\u00a0C\u00f4t\u00e9 Lavoir\u00a0\u00bb guest room.<\/p>\n<p style=\"text-align: center;\"><b>Amenities\u00a0<\/b>: towels \u00ab\u00a0Society\u00a0\u00bb, swimming-pool towels, organic cosmetic products<\/p>\n<p>[\/vc_column_text][vc_single_image image=&#8221;2810&#8243; img_size=&#8221;&#8221; alignment=&#8221;center&#8221; css_animation=&#8221;top-to-bottom&#8221;][vc_column_text css=&#8221;&#8221;]<\/p>\n<p style=\"text-align: center;\"><strong>Starting from 180 euros<\/strong> (breakfast included (minimum\u00a0 of 2 nights)<\/p>\n<p style=\"text-align: center;\"><strong>In july and August rented as ADN apartment<\/strong><\/p>\n<p>[\/vc_column_text][vc_btn title=&#8221;Book your stay&#8221; style=&#8221;custom&#8221; custom_background=&#8221;#596E4E&#8221; custom_text=&#8221;#FFFFFF&#8221; shape=&#8221;square&#8221; align=&#8221;center&#8221; css=&#8221;&#8221; link=&#8221;url:http%3A%2F%2Fwww.lemasdunaoc.com%2Fcontact-reservation%2F|||&#8221;][\/vc_column][\/vc_row][vc_row][vc_column][vc_separator][vc_column_text]<\/p>\n<p style=\"text-align: center;\"><b>The rooms are non smoking.<\/b><\/p>\n<p class=\"p1\" style=\"text-align: center;\">Our guest rooms are defined as a place of calm and serenity, day and night&#8230; Free access to the garden and heated swimming pool (from mid-April to mid-October, depending on weather conditions, children remain the responsibility of their parents, who must be present when swimming).<\/p>\n<p>[\/vc_column_text][\/vc_column][\/vc_row][vc_row][vc_column][vc_separator][\/vc_column][\/vc_row][vc_row][vc_column width=&#8221;1\/2&#8243;][vc_custom_heading text=&#8221;FOR YOUR COMFORT&#8221; font_container=&#8221;tag:h2|font_size:45|text_align:center&#8221; google_fonts=&#8221;font_family:Oswald%3A300%2Cregular%2C700|font_style:400%20regular%3A400%3Anormal&#8221;][vc_column_text]You have at your disposal a shared kitchen with\u00a0:<\/p>\n<ul>\n<li>Washing mashine<\/li>\n<li>Nespresso machine<\/li>\n<li>Free Wifi<\/li>\n<li>Harman Kardon<\/li>\n<li>Oven<\/li>\n<li>Fridge<\/li>\n<li>Gas plate<\/li>\n<li>Free parking on the property<\/li>\n<\/ul>\n<p><a href=\"http:\/\/www.lemasdunaoc.com\/wp-content\/uploads\/2019\/04\/images.png\">\u00a0 \u00a0 \u00a0 \u00a0<img loading=\"lazy\" decoding=\"async\" class=\"alignnone wp-image-3865\" src=\"http:\/\/www.lemasdunaoc.com\/wp-content\/uploads\/2019\/04\/images.png\" alt=\"\" width=\"58\" height=\"58\" \/><\/a>[\/vc_column_text][\/vc_column][vc_column width=&#8221;1\/2&#8243;][vc_custom_heading text=&#8221;FOR ALL RESERVATION&#8221; font_container=&#8221;tag:h2|font_size:45|text_align:center&#8221; google_fonts=&#8221;font_family:Oswald%3A300%2Cregular%2C700|font_style:400%20regular%3A400%3Anormal&#8221;][vc_column_text css=&#8221;&#8221;]<b>For a one night stay,\u00a0<\/b>the high season rate is charged.<\/p>\n<p>We require a 30% deposit of the whole stay, with a minimum amount corresponding to one night (non refundable).<\/p>\n<p>You can pay by cheque or bank transfer.<\/p>\n<p>Should you have to shorten your stay, the full amount is due.<\/p>\n<p>The balance has to be paid on arrival.<\/p>\n<p>You have to check in between 4.30 pm and 7.30 pm<\/p>\n<p>Checking out is before 11.00 am for guest rooms and before10.00am for apartments[\/vc_column_text][\/vc_column][\/vc_row][vc_row][vc_column][vc_single_image image=&#8221;2885&#8243; img_size=&#8221;full&#8221;][\/vc_column][\/vc_row]<\/p>\n<\/div>","protected":false},"excerpt":{"rendered":"<p>[vc_row][vc_column][rev_slider_vc alias=&#8221;full-screen&#8221;][\/vc_column][vc_column][vc_empty_space][\/vc_column][\/vc_row][vc_row][vc_column][vc_custom_heading text=&#8221;GUEST ROOMS AND SUITE \u2013 CABRIS FRENCH RIVIERA&#8221; font_container=&#8221;tag:h1|font_size:50|text_align:center|color:%23191919&#8243; google_fonts=&#8221;font_family:Oswald%3A300%2Cregular%2C700|font_style:300%20light%20regular%3A300%3Anormal&#8221;][\/vc_column][\/vc_row][vc_row][vc_column][vc_separator][\/vc_column][\/vc_row][vc_row][vc_column][vc_column_text]The \u00a0Mas du Naoc offers 2 guest rooms for 2 people and one suite for 3. Every room has access&#8230;<\/p>\n","protected":false},"author":1,"featured_media":0,"parent":0,"menu_order":0,"comment_status":"closed","ping_status":"closed","template":"","meta":{"_monsterinsights_skip_tracking":false,"_monsterinsights_sitenote_active":false,"_monsterinsights_sitenote_note":"","_monsterinsights_sitenote_category":0,"footnotes":""},"class_list":["post-2715","page","type-page","status-publish","hentry"],"yoast_head":"<!-- This site is optimized with the Yoast SEO plugin v26.9 - https:\/\/yoast.com\/product\/yoast-seo-wordpress\/ -->\n<title>Guest rooms and suite The Mas du Naoc in Cabris very near from Grasse Cannes Nice<\/title>\n<meta name=\"description\" content=\"Guest rooms and suite with contemporean and design rooms in the village of Cabris French Riviera 3 km from Grasse Cannes, Antibes and Nice.\" \/>\n<meta name=\"robots\" content=\"index, follow, max-snippet:-1, max-image-preview:large, max-video-preview:-1\" \/>\n<link rel=\"canonical\" href=\"https:\/\/www.lemasdunaoc.com\/chambres-d-hotes-cabris\/\" \/>\n<meta property=\"og:locale\" content=\"en_US\" \/>\n<meta property=\"og:type\" content=\"article\" \/>\n<meta property=\"og:title\" content=\"[:fr]Chambres d&#039;hotes de charme \u00e0 Cabris proche Grasse C\u00f4te d&#039;Azur[:en]Guest rooms and suite The Mas du Naoc in Cabris very near from Grasse Cannes Nice[:]\" \/>\n<meta property=\"og:description\" content=\"{:fr}Chambres d&#039;h\u00f4tes et suite de charme et design sur la C\u00f4te d&#039;Azur \u00e0 Cabris proche de Grasse, Cannes, Antibes and Nice. Piscine chauff\u00e9e.{:en}Guest rooms and suite with contemporean and design rooms in the village of Cabris French Riviera 3 km from Grasse Cannes, Antibes and Nice.{:}\" \/>\n<meta property=\"og:url\" content=\"https:\/\/www.lemasdunaoc.com\/chambres-d-hotes-cabris\/\" \/>\n<meta property=\"og:site_name\" content=\"Le Mas du Naoc\" \/>\n<meta property=\"article:modified_time\" content=\"2026-03-29T08:07:47+00:00\" \/>\n<meta property=\"og:image\" content=\"http:\/\/www.lemasdunaoc.com\/wp-content\/uploads\/2019\/04\/images.png\" \/>\n<meta name=\"twitter:card\" content=\"summary_large_image\" \/>\n<meta name=\"twitter:label1\" content=\"Est. reading time\" \/>\n\t<meta name=\"twitter:data1\" content=\"5 minutes\" \/>\n<script type=\"application\/ld+json\" class=\"yoast-schema-graph\">{\"@context\":\"https:\/\/schema.org\",\"@graph\":[{\"@type\":\"WebPage\",\"@id\":\"https:\/\/www.lemasdunaoc.com\/chambres-d-hotes-cabris\/\",\"url\":\"https:\/\/www.lemasdunaoc.com\/chambres-d-hotes-cabris\/\",\"name\":\"[:fr]Chambres d'hotes de charme \u00e0 Cabris proche Grasse C\u00f4te d'Azur[:en]Guest rooms and suite The Mas du Naoc in Cabris very near from Grasse Cannes Nice[:]\",\"isPartOf\":{\"@id\":\"https:\/\/www.lemasdunaoc.com\/fr\/#website\"},\"primaryImageOfPage\":{\"@id\":\"https:\/\/www.lemasdunaoc.com\/chambres-d-hotes-cabris\/#primaryimage\"},\"image\":{\"@id\":\"https:\/\/www.lemasdunaoc.com\/chambres-d-hotes-cabris\/#primaryimage\"},\"thumbnailUrl\":\"http:\/\/www.lemasdunaoc.com\/wp-content\/uploads\/2019\/04\/images.png\",\"datePublished\":\"2016-08-28T09:25:26+00:00\",\"dateModified\":\"2026-03-29T08:07:47+00:00\",\"description\":\"{:fr}Chambres d'h\u00f4tes et suite de charme et design sur la C\u00f4te d'Azur \u00e0 Cabris proche de Grasse, Cannes, Antibes and Nice. Piscine chauff\u00e9e.{:en}Guest rooms and suite with contemporean and design rooms in the village of Cabris French Riviera 3 km from Grasse Cannes, Antibes and Nice.{:}\",\"breadcrumb\":{\"@id\":\"https:\/\/www.lemasdunaoc.com\/chambres-d-hotes-cabris\/#breadcrumb\"},\"inLanguage\":\"en-US\",\"potentialAction\":[{\"@type\":\"ReadAction\",\"target\":[\"https:\/\/www.lemasdunaoc.com\/chambres-d-hotes-cabris\/\"]}]},{\"@type\":\"ImageObject\",\"inLanguage\":\"en-US\",\"@id\":\"https:\/\/www.lemasdunaoc.com\/chambres-d-hotes-cabris\/#primaryimage\",\"url\":\"http:\/\/www.lemasdunaoc.com\/wp-content\/uploads\/2019\/04\/images.png\",\"contentUrl\":\"http:\/\/www.lemasdunaoc.com\/wp-content\/uploads\/2019\/04\/images.png\"},{\"@type\":\"BreadcrumbList\",\"@id\":\"https:\/\/www.lemasdunaoc.com\/chambres-d-hotes-cabris\/#breadcrumb\",\"itemListElement\":[{\"@type\":\"ListItem\",\"position\":1,\"name\":\"Accueil\",\"item\":\"https:\/\/www.lemasdunaoc.com\/\"},{\"@type\":\"ListItem\",\"position\":2,\"name\":\"Chambres d&rsquo;h\u00f4tes\"}]},{\"@type\":\"WebSite\",\"@id\":\"https:\/\/www.lemasdunaoc.com\/fr\/#website\",\"url\":\"https:\/\/www.lemasdunaoc.com\/fr\/\",\"name\":\"Le Mas du Naoc\",\"description\":\"Maison d&#039;h\u00f4tes de charme\",\"publisher\":{\"@id\":\"https:\/\/www.lemasdunaoc.com\/fr\/#\/schema\/person\/ddb5d512a1a346bfaed7b410f9db7c41\"},\"potentialAction\":[{\"@type\":\"SearchAction\",\"target\":{\"@type\":\"EntryPoint\",\"urlTemplate\":\"https:\/\/www.lemasdunaoc.com\/fr\/?s={search_term_string}\"},\"query-input\":{\"@type\":\"PropertyValueSpecification\",\"valueRequired\":true,\"valueName\":\"search_term_string\"}}],\"inLanguage\":\"en-US\"},{\"@type\":[\"Person\",\"Organization\"],\"@id\":\"https:\/\/www.lemasdunaoc.com\/fr\/#\/schema\/person\/ddb5d512a1a346bfaed7b410f9db7c41\",\"name\":\"jmaingret\",\"image\":{\"@type\":\"ImageObject\",\"inLanguage\":\"en-US\",\"@id\":\"https:\/\/www.lemasdunaoc.com\/fr\/#\/schema\/person\/image\/\",\"url\":\"https:\/\/secure.gravatar.com\/avatar\/5784e2612ac089b84aad68c8b1266254636e487769c05a3c47565d323c1a6874?s=96&d=mm&r=g\",\"contentUrl\":\"https:\/\/secure.gravatar.com\/avatar\/5784e2612ac089b84aad68c8b1266254636e487769c05a3c47565d323c1a6874?s=96&d=mm&r=g\",\"caption\":\"jmaingret\"},\"logo\":{\"@id\":\"https:\/\/www.lemasdunaoc.com\/fr\/#\/schema\/person\/image\/\"}}]}<\/script>\n<!-- \/ Yoast SEO plugin. -->","yoast_head_json":{"title":"Guest rooms and suite The Mas du Naoc in Cabris very near from Grasse Cannes Nice","description":"Guest rooms and suite with contemporean and design rooms in the village of Cabris French Riviera 3 km from Grasse Cannes, Antibes and Nice.","robots":{"index":"index","follow":"follow","max-snippet":"max-snippet:-1","max-image-preview":"max-image-preview:large","max-video-preview":"max-video-preview:-1"},"canonical":"https:\/\/www.lemasdunaoc.com\/chambres-d-hotes-cabris\/","og_locale":"en_US","og_type":"article","og_title":"[:fr]Chambres d'hotes de charme \u00e0 Cabris proche Grasse C\u00f4te d'Azur[:en]Guest rooms and suite The Mas du Naoc in Cabris very near from Grasse Cannes Nice[:]","og_description":"{:fr}Chambres d'h\u00f4tes et suite de charme et design sur la C\u00f4te d'Azur \u00e0 Cabris proche de Grasse, Cannes, Antibes and Nice. Piscine chauff\u00e9e.{:en}Guest rooms and suite with contemporean and design rooms in the village of Cabris French Riviera 3 km from Grasse Cannes, Antibes and Nice.{:}","og_url":"https:\/\/www.lemasdunaoc.com\/chambres-d-hotes-cabris\/","og_site_name":"Le Mas du Naoc","article_modified_time":"2026-03-29T08:07:47+00:00","og_image":[{"url":"http:\/\/www.lemasdunaoc.com\/wp-content\/uploads\/2019\/04\/images.png","type":"","width":"","height":""}],"twitter_card":"summary_large_image","twitter_misc":{"Est. reading time":"5 minutes"},"schema":{"@context":"https:\/\/schema.org","@graph":[{"@type":"WebPage","@id":"https:\/\/www.lemasdunaoc.com\/chambres-d-hotes-cabris\/","url":"https:\/\/www.lemasdunaoc.com\/chambres-d-hotes-cabris\/","name":"[:fr]Chambres d'hotes de charme \u00e0 Cabris proche Grasse C\u00f4te d'Azur[:en]Guest rooms and suite The Mas du Naoc in Cabris very near from Grasse Cannes Nice[:]","isPartOf":{"@id":"https:\/\/www.lemasdunaoc.com\/fr\/#website"},"primaryImageOfPage":{"@id":"https:\/\/www.lemasdunaoc.com\/chambres-d-hotes-cabris\/#primaryimage"},"image":{"@id":"https:\/\/www.lemasdunaoc.com\/chambres-d-hotes-cabris\/#primaryimage"},"thumbnailUrl":"http:\/\/www.lemasdunaoc.com\/wp-content\/uploads\/2019\/04\/images.png","datePublished":"2016-08-28T09:25:26+00:00","dateModified":"2026-03-29T08:07:47+00:00","description":"{:fr}Chambres d'h\u00f4tes et suite de charme et design sur la C\u00f4te d'Azur \u00e0 Cabris proche de Grasse, Cannes, Antibes and Nice. Piscine chauff\u00e9e.{:en}Guest rooms and suite with contemporean and design rooms in the village of Cabris French Riviera 3 km from Grasse Cannes, Antibes and Nice.{:}","breadcrumb":{"@id":"https:\/\/www.lemasdunaoc.com\/chambres-d-hotes-cabris\/#breadcrumb"},"inLanguage":"en-US","potentialAction":[{"@type":"ReadAction","target":["https:\/\/www.lemasdunaoc.com\/chambres-d-hotes-cabris\/"]}]},{"@type":"ImageObject","inLanguage":"en-US","@id":"https:\/\/www.lemasdunaoc.com\/chambres-d-hotes-cabris\/#primaryimage","url":"http:\/\/www.lemasdunaoc.com\/wp-content\/uploads\/2019\/04\/images.png","contentUrl":"http:\/\/www.lemasdunaoc.com\/wp-content\/uploads\/2019\/04\/images.png"},{"@type":"BreadcrumbList","@id":"https:\/\/www.lemasdunaoc.com\/chambres-d-hotes-cabris\/#breadcrumb","itemListElement":[{"@type":"ListItem","position":1,"name":"Accueil","item":"https:\/\/www.lemasdunaoc.com\/"},{"@type":"ListItem","position":2,"name":"Chambres d&rsquo;h\u00f4tes"}]},{"@type":"WebSite","@id":"https:\/\/www.lemasdunaoc.com\/fr\/#website","url":"https:\/\/www.lemasdunaoc.com\/fr\/","name":"Le Mas du Naoc","description":"Maison d&#039;h\u00f4tes de charme","publisher":{"@id":"https:\/\/www.lemasdunaoc.com\/fr\/#\/schema\/person\/ddb5d512a1a346bfaed7b410f9db7c41"},"potentialAction":[{"@type":"SearchAction","target":{"@type":"EntryPoint","urlTemplate":"https:\/\/www.lemasdunaoc.com\/fr\/?s={search_term_string}"},"query-input":{"@type":"PropertyValueSpecification","valueRequired":true,"valueName":"search_term_string"}}],"inLanguage":"en-US"},{"@type":["Person","Organization"],"@id":"https:\/\/www.lemasdunaoc.com\/fr\/#\/schema\/person\/ddb5d512a1a346bfaed7b410f9db7c41","name":"jmaingret","image":{"@type":"ImageObject","inLanguage":"en-US","@id":"https:\/\/www.lemasdunaoc.com\/fr\/#\/schema\/person\/image\/","url":"https:\/\/secure.gravatar.com\/avatar\/5784e2612ac089b84aad68c8b1266254636e487769c05a3c47565d323c1a6874?s=96&d=mm&r=g","contentUrl":"https:\/\/secure.gravatar.com\/avatar\/5784e2612ac089b84aad68c8b1266254636e487769c05a3c47565d323c1a6874?s=96&d=mm&r=g","caption":"jmaingret"},"logo":{"@id":"https:\/\/www.lemasdunaoc.com\/fr\/#\/schema\/person\/image\/"}}]}},"_links":{"self":[{"href":"https:\/\/www.lemasdunaoc.com\/en\/wp-json\/wp\/v2\/pages\/2715","targetHints":{"allow":["GET"]}}],"collection":[{"href":"https:\/\/www.lemasdunaoc.com\/en\/wp-json\/wp\/v2\/pages"}],"about":[{"href":"https:\/\/www.lemasdunaoc.com\/en\/wp-json\/wp\/v2\/types\/page"}],"author":[{"embeddable":true,"href":"https:\/\/www.lemasdunaoc.com\/en\/wp-json\/wp\/v2\/users\/1"}],"replies":[{"embeddable":true,"href":"https:\/\/www.lemasdunaoc.com\/en\/wp-json\/wp\/v2\/comments?post=2715"}],"version-history":[{"count":181,"href":"https:\/\/www.lemasdunaoc.com\/en\/wp-json\/wp\/v2\/pages\/2715\/revisions"}],"predecessor-version":[{"id":4736,"href":"https:\/\/www.lemasdunaoc.com\/en\/wp-json\/wp\/v2\/pages\/2715\/revisions\/4736"}],"wp:attachment":[{"href":"https:\/\/www.lemasdunaoc.com\/en\/wp-json\/wp\/v2\/media?parent=2715"}],"curies":[{"name":"wp","href":"https:\/\/api.w.org\/{rel}","templated":true}]}}