{"id":2717,"date":"2016-08-29T16:46:20","date_gmt":"2016-08-29T16:46:20","guid":{"rendered":"http:\/\/www.lemasdunaoc.com\/?page_id=2717"},"modified":"2025-03-23T18:10:39","modified_gmt":"2025-03-23T18:10:39","slug":"le-mas-du-naoc-maison-hotes-grasse","status":"publish","type":"page","link":"https:\/\/www.lemasdunaoc.com\/en\/le-mas-du-naoc-maison-hotes-grasse\/","title":{"rendered":"The Mas guest house Grasse"},"content":{"rendered":"<div class=\"wpb-content-wrapper\"><p>[vc_row][vc_column][rev_slider_vc alias=&#8221;the-mas&#8221;][\/vc_column][vc_column][vc_empty_space][\/vc_column][\/vc_row][vc_row][vc_column][vc_custom_heading text=&#8221;THE MAS DU NAOC &#8211; Charming guest house on the French Riviera&#8221; font_container=&#8221;tag:h1|font_size:50|text_align:center|color:%23303030&#8243; google_fonts=&#8221;font_family:Oswald%3A300%2Cregular%2C700|font_style:300%20light%20regular%3A300%3Anormal&#8221;][vc_column_text]<\/p>\n<p style=\"text-align: center;\">The name of\u00a0 Mas du Naoc comes from a Proven\u00e7al word meaning water-spring<i>. <\/i>Indeed, it is a place to stop and rest for a while. As soon as you enter the property, you feel overwhelmed by the force of the surrounding nature, you can hear the lapping sound of the water and admire the palm, fig and lemon trees, jasmine<i>, <\/i>lavander shrubs, magnolias.\u00a0 Spellbound and relaxed, you feel ready to let go<i>.<\/i><\/p>\n<p style=\"text-align: center;\">The Mas du Naoc is a unique place between mountain and\u00a0 seaside, at the heart of Alpes Maritimes, half-way between the French<i> <\/i>Riviera and Provence. This cool and peaceful oasis is<i> <\/i>just a few kilometers away from the historic city of Grasse, world famous for its perfumes , and the nearby village of Cabris built on the top of a rocky spur, from where you have an outstanding panorama of the French Riviera.<\/p>\n<p>[\/vc_column_text][\/vc_column][\/vc_row][vc_row][vc_column][vc_separator][\/vc_column][\/vc_row][vc_row gap=&#8221;30&#8243; content_placement=&#8221;middle&#8221;][vc_column width=&#8221;1\/2&#8243;][vc_single_image image=&#8221;2901&#8243; img_size=&#8221;900X600&#8243; alignment=&#8221;center&#8221;][vc_custom_heading text=&#8221;+ OUTside&#8221; font_container=&#8221;tag:h4|text_align:center|color:%23bfa77e&#8221; google_fonts=&#8221;font_family:Oswald%3A300%2Cregular%2C700|font_style:300%20light%20regular%3A300%3Anormal&#8221; link=&#8221;url:http%3A%2F%2Fwww.lemasdunaoc.com%2Fle-mas-maison-d-hotes-grasse%2Foutside%2F|||&#8221;][\/vc_column][vc_column width=&#8221;1\/3&#8243;][vc_custom_heading text=&#8221;OUTside&#8221; font_container=&#8221;tag:h1|font_size:50|text_align:center&#8221; google_fonts=&#8221;font_family:Oswald%3A300%2Cregular%2C700|font_style:300%20light%20regular%3A300%3Anormal&#8221;][vc_column_text]<\/p>\n<p style=\"text-align: center;\">Discover the Mas du Naoc <a href=\"http:\/\/www.lemasdunaoc.com\/en\/le-mas-maison-d-hotes-grasse\/outside\/\">outside<\/a> , its 15-meter swimming-pool, heated from April to October, its numerous sunny or shady<i> <\/i>terraces&#8230;<i>..<\/i><\/p>\n<p>[\/vc_column_text][vc_single_image image=&#8221;2810&#8243; img_size=&#8221;&#8221; alignment=&#8221;center&#8221; css_animation=&#8221;top-to-bottom&#8221;][vc_btn title=&#8221;IMAGES&#8221; style=&#8221;classic&#8221; shape=&#8221;square&#8221; color=&#8221;white&#8221; align=&#8221;center&#8221; link=&#8221;url:http%3A%2F%2Fwww.lemasdunaoc.com%2Fle-mas-maison-d-hotes-grasse%2Foutside%2F|||&#8221;][\/vc_column][\/vc_row][vc_row][vc_column][vc_separator][\/vc_column][\/vc_row][vc_row gap=&#8221;30&#8243; content_placement=&#8221;middle&#8221;][vc_column width=&#8221;1\/2&#8243;][vc_single_image image=&#8221;2907&#8243; img_size=&#8221;400X600&#8243; alignment=&#8221;center&#8221;][vc_custom_heading text=&#8221;+ INside&#8221; font_container=&#8221;tag:h4|text_align:center|color:%23bfa77e&#8221; google_fonts=&#8221;font_family:Oswald%3A300%2Cregular%2C700|font_style:300%20light%20regular%3A300%3Anormal&#8221; link=&#8221;url:http%3A%2F%2Fwww.lemasdunaoc.com%2Fle-mas-maison-d-hotes-grasse%2Finside%2F|||&#8221;][\/vc_column][vc_column width=&#8221;1\/3&#8243;][vc_custom_heading text=&#8221;INside&#8221; font_container=&#8221;tag:h1|font_size:50|text_align:center&#8221; google_fonts=&#8221;font_family:Oswald%3A300%2Cregular%2C700|font_style:300%20light%20regular%3A300%3Anormal&#8221;][vc_column_text]<\/p>\n<p style=\"text-align: center;\">This 19<sup>th<\/sup> century country house has been totally remodelled and renovated by Sandra and J\u00e9r\u00f4me. The <a href=\"http:\/\/www.lemasdunaoc.com\/en\/le-mas-maison-d-hotes-grasse\/inside\/\">inside<\/a> is a subtle combination of\u00a0<i> <\/i>old time charm and<i> <\/i>contemporary design.<\/p>\n<p>[\/vc_column_text][vc_single_image image=&#8221;2810&#8243; img_size=&#8221;&#8221; alignment=&#8221;center&#8221; css_animation=&#8221;top-to-bottom&#8221;][vc_btn title=&#8221;IMAGES&#8221; style=&#8221;classic&#8221; shape=&#8221;square&#8221; color=&#8221;white&#8221; align=&#8221;center&#8221; link=&#8221;url:http%3A%2F%2Fwww.lemasdunaoc.com%2Fle-mas-maison-d-hotes-grasse%2Finside%2F|||&#8221;][\/vc_column][\/vc_row][vc_row][vc_column][vc_separator]<div class=\"rit-element-builder rit-element-image-hover \">\n    <div class=\"image-hover-inner\">\n                    <a href=\"#\">\n                <img loading=\"lazy\" decoding=\"async\" width=\"1500\" height=\"1091\" src=\"https:\/\/www.lemasdunaoc.com\/wp-content\/uploads\/2016\/06\/appart-sud-dessin-1.jpg\" class=\"attachment-full size-full\" alt=\"plan appartement c\u00f4t\u00e9 sud\" srcset=\"https:\/\/www.lemasdunaoc.com\/wp-content\/uploads\/2016\/06\/appart-sud-dessin-1.jpg 1500w, https:\/\/www.lemasdunaoc.com\/wp-content\/uploads\/2016\/06\/appart-sud-dessin-1-300x218.jpg 300w, https:\/\/www.lemasdunaoc.com\/wp-content\/uploads\/2016\/06\/appart-sud-dessin-1-768x559.jpg 768w, https:\/\/www.lemasdunaoc.com\/wp-content\/uploads\/2016\/06\/appart-sud-dessin-1-1024x745.jpg 1024w\" sizes=\"auto, (max-width: 1500px) 100vw, 1500px\" \/>            <\/a>\n                    <\/div>\n<\/div>\n[\/vc_column][\/vc_row][vc_row][vc_column][vc_column_text]<\/p>\n<p style=\"text-align: center;\">Starting from the Mas du Naoc, hikers can ramble along the various walking <a href=\"http:\/\/www.lemasdunaoc.com\/en\/slow-living\/\">trails<i> <\/i>nearby<\/a>. The more curious visitors will love wandering in the streets of the picturesque proven\u00e7al villages<i> <\/i>around<i> <\/i>(Mougins,<i> <\/i>Valbonne, Gourdon, Tourettes sur Loup, St Paul de Vence&#8230;..) and be delighted by the visit of the famous museums\u00a0 around (Chagall, Matisse, Picasso, L\u00e9ger&#8230;).<\/p>\n<p>[\/vc_column_text][\/vc_column][\/vc_row]<\/p>\n<\/div>","protected":false},"excerpt":{"rendered":"<p>[vc_row][vc_column][rev_slider_vc alias=&#8221;the-mas&#8221;][\/vc_column][vc_column][vc_empty_space][\/vc_column][\/vc_row][vc_row][vc_column][vc_custom_heading text=&#8221;THE MAS DU NAOC &#8211; Charming guest house on the French Riviera&#8221; font_container=&#8221;tag:h1|font_size:50|text_align:center|color:%23303030&#8243; google_fonts=&#8221;font_family:Oswald%3A300%2Cregular%2C700|font_style:300%20light%20regular%3A300%3Anormal&#8221;][vc_column_text] The name of\u00a0 Mas du Naoc comes from a Proven\u00e7al word meaning water-spring. Indeed, it&#8230;<\/p>\n","protected":false},"author":1,"featured_media":0,"parent":0,"menu_order":0,"comment_status":"closed","ping_status":"closed","template":"","meta":{"_monsterinsights_skip_tracking":false,"_monsterinsights_sitenote_active":false,"_monsterinsights_sitenote_note":"","_monsterinsights_sitenote_category":0,"footnotes":""},"class_list":["post-2717","page","type-page","status-publish","hentry"],"yoast_head":"<!-- This site is optimized with the Yoast SEO plugin v26.9 - https:\/\/yoast.com\/product\/yoast-seo-wordpress\/ -->\n<title>The Mas du Naoc - Charming guest house on the French Riviera near Grasse<\/title>\n<meta name=\"description\" content=\"The Mas du Naoc: 3 charming and design guest rooms and apartments with a garden where you can feel overwhelmed by the force of the surrounding nature\" \/>\n<meta name=\"robots\" content=\"index, follow, max-snippet:-1, max-image-preview:large, max-video-preview:-1\" \/>\n<link rel=\"canonical\" href=\"https:\/\/www.lemasdunaoc.com\/le-mas-du-naoc-maison-hotes-grasse\/\" \/>\n<meta property=\"og:locale\" content=\"en_US\" \/>\n<meta property=\"og:type\" content=\"article\" \/>\n<meta property=\"og:title\" content=\"[:fr]Le Mas du Naoc - pr\u00e9sentation de notre maison d&#039;h\u00f4tes proche de Grasse[:en]The Mas du Naoc - Charming guest house on the French Riviera near Grasse[:]\" \/>\n<meta property=\"og:description\" content=\"{:fr}Le Mas du Naoc propose des chambres \u00e0 la d\u00e9coration contemporaine \u00e0 Cabris proche de Grasse, Cannes et Nice. H\u00e9bergement sur la c\u00f4te d&#039;azur piscine{:en}The Mas du Naoc: 3 charming and design guest rooms and apartments with a garden where you can feel overwhelmed by the force of the surrounding nature{:}\" \/>\n<meta property=\"og:url\" content=\"https:\/\/www.lemasdunaoc.com\/le-mas-du-naoc-maison-hotes-grasse\/\" \/>\n<meta property=\"og:site_name\" content=\"Le Mas du Naoc\" \/>\n<meta property=\"article:modified_time\" content=\"2025-03-23T18:10:39+00:00\" \/>\n<meta name=\"twitter:card\" content=\"summary_large_image\" \/>\n<meta name=\"twitter:label1\" content=\"Est. reading time\" \/>\n\t<meta name=\"twitter:data1\" content=\"2 minutes\" \/>\n<script type=\"application\/ld+json\" class=\"yoast-schema-graph\">{\"@context\":\"https:\/\/schema.org\",\"@graph\":[{\"@type\":\"WebPage\",\"@id\":\"https:\/\/www.lemasdunaoc.com\/le-mas-du-naoc-maison-hotes-grasse\/\",\"url\":\"https:\/\/www.lemasdunaoc.com\/le-mas-du-naoc-maison-hotes-grasse\/\",\"name\":\"[:fr]Le Mas du Naoc - pr\u00e9sentation de notre maison d'h\u00f4tes proche de Grasse[:en]The Mas du Naoc - Charming guest house on the French Riviera near Grasse[:]\",\"isPartOf\":{\"@id\":\"https:\/\/www.lemasdunaoc.com\/fr\/#website\"},\"datePublished\":\"2016-08-29T16:46:20+00:00\",\"dateModified\":\"2025-03-23T18:10:39+00:00\",\"description\":\"{:fr}Le Mas du Naoc propose des chambres \u00e0 la d\u00e9coration contemporaine \u00e0 Cabris proche de Grasse, Cannes et Nice. H\u00e9bergement sur la c\u00f4te d'azur piscine{:en}The Mas du Naoc: 3 charming and design guest rooms and apartments with a garden where you can feel overwhelmed by the force of the surrounding nature{:}\",\"breadcrumb\":{\"@id\":\"https:\/\/www.lemasdunaoc.com\/le-mas-du-naoc-maison-hotes-grasse\/#breadcrumb\"},\"inLanguage\":\"en-US\",\"potentialAction\":[{\"@type\":\"ReadAction\",\"target\":[\"https:\/\/www.lemasdunaoc.com\/le-mas-du-naoc-maison-hotes-grasse\/\"]}]},{\"@type\":\"BreadcrumbList\",\"@id\":\"https:\/\/www.lemasdunaoc.com\/le-mas-du-naoc-maison-hotes-grasse\/#breadcrumb\",\"itemListElement\":[{\"@type\":\"ListItem\",\"position\":1,\"name\":\"Accueil\",\"item\":\"https:\/\/www.lemasdunaoc.com\/\"},{\"@type\":\"ListItem\",\"position\":2,\"name\":\"Le Mas du Naoc Maison d&rsquo;h\u00f4tes Grasse\"}]},{\"@type\":\"WebSite\",\"@id\":\"https:\/\/www.lemasdunaoc.com\/fr\/#website\",\"url\":\"https:\/\/www.lemasdunaoc.com\/fr\/\",\"name\":\"Le Mas du Naoc\",\"description\":\"Maison d&#039;h\u00f4tes de charme\",\"publisher\":{\"@id\":\"https:\/\/www.lemasdunaoc.com\/fr\/#\/schema\/person\/ddb5d512a1a346bfaed7b410f9db7c41\"},\"potentialAction\":[{\"@type\":\"SearchAction\",\"target\":{\"@type\":\"EntryPoint\",\"urlTemplate\":\"https:\/\/www.lemasdunaoc.com\/fr\/?s={search_term_string}\"},\"query-input\":{\"@type\":\"PropertyValueSpecification\",\"valueRequired\":true,\"valueName\":\"search_term_string\"}}],\"inLanguage\":\"en-US\"},{\"@type\":[\"Person\",\"Organization\"],\"@id\":\"https:\/\/www.lemasdunaoc.com\/fr\/#\/schema\/person\/ddb5d512a1a346bfaed7b410f9db7c41\",\"name\":\"jmaingret\",\"image\":{\"@type\":\"ImageObject\",\"inLanguage\":\"en-US\",\"@id\":\"https:\/\/www.lemasdunaoc.com\/fr\/#\/schema\/person\/image\/\",\"url\":\"https:\/\/secure.gravatar.com\/avatar\/5784e2612ac089b84aad68c8b1266254636e487769c05a3c47565d323c1a6874?s=96&d=mm&r=g\",\"contentUrl\":\"https:\/\/secure.gravatar.com\/avatar\/5784e2612ac089b84aad68c8b1266254636e487769c05a3c47565d323c1a6874?s=96&d=mm&r=g\",\"caption\":\"jmaingret\"},\"logo\":{\"@id\":\"https:\/\/www.lemasdunaoc.com\/fr\/#\/schema\/person\/image\/\"}}]}<\/script>\n<!-- \/ Yoast SEO plugin. -->","yoast_head_json":{"title":"The Mas du Naoc - Charming guest house on the French Riviera near Grasse","description":"The Mas du Naoc: 3 charming and design guest rooms and apartments with a garden where you can feel overwhelmed by the force of the surrounding nature","robots":{"index":"index","follow":"follow","max-snippet":"max-snippet:-1","max-image-preview":"max-image-preview:large","max-video-preview":"max-video-preview:-1"},"canonical":"https:\/\/www.lemasdunaoc.com\/le-mas-du-naoc-maison-hotes-grasse\/","og_locale":"en_US","og_type":"article","og_title":"[:fr]Le Mas du Naoc - pr\u00e9sentation de notre maison d'h\u00f4tes proche de Grasse[:en]The Mas du Naoc - Charming guest house on the French Riviera near Grasse[:]","og_description":"{:fr}Le Mas du Naoc propose des chambres \u00e0 la d\u00e9coration contemporaine \u00e0 Cabris proche de Grasse, Cannes et Nice. H\u00e9bergement sur la c\u00f4te d'azur piscine{:en}The Mas du Naoc: 3 charming and design guest rooms and apartments with a garden where you can feel overwhelmed by the force of the surrounding nature{:}","og_url":"https:\/\/www.lemasdunaoc.com\/le-mas-du-naoc-maison-hotes-grasse\/","og_site_name":"Le Mas du Naoc","article_modified_time":"2025-03-23T18:10:39+00:00","twitter_card":"summary_large_image","twitter_misc":{"Est. reading time":"2 minutes"},"schema":{"@context":"https:\/\/schema.org","@graph":[{"@type":"WebPage","@id":"https:\/\/www.lemasdunaoc.com\/le-mas-du-naoc-maison-hotes-grasse\/","url":"https:\/\/www.lemasdunaoc.com\/le-mas-du-naoc-maison-hotes-grasse\/","name":"[:fr]Le Mas du Naoc - pr\u00e9sentation de notre maison d'h\u00f4tes proche de Grasse[:en]The Mas du Naoc - Charming guest house on the French Riviera near Grasse[:]","isPartOf":{"@id":"https:\/\/www.lemasdunaoc.com\/fr\/#website"},"datePublished":"2016-08-29T16:46:20+00:00","dateModified":"2025-03-23T18:10:39+00:00","description":"{:fr}Le Mas du Naoc propose des chambres \u00e0 la d\u00e9coration contemporaine \u00e0 Cabris proche de Grasse, Cannes et Nice. H\u00e9bergement sur la c\u00f4te d'azur piscine{:en}The Mas du Naoc: 3 charming and design guest rooms and apartments with a garden where you can feel overwhelmed by the force of the surrounding nature{:}","breadcrumb":{"@id":"https:\/\/www.lemasdunaoc.com\/le-mas-du-naoc-maison-hotes-grasse\/#breadcrumb"},"inLanguage":"en-US","potentialAction":[{"@type":"ReadAction","target":["https:\/\/www.lemasdunaoc.com\/le-mas-du-naoc-maison-hotes-grasse\/"]}]},{"@type":"BreadcrumbList","@id":"https:\/\/www.lemasdunaoc.com\/le-mas-du-naoc-maison-hotes-grasse\/#breadcrumb","itemListElement":[{"@type":"ListItem","position":1,"name":"Accueil","item":"https:\/\/www.lemasdunaoc.com\/"},{"@type":"ListItem","position":2,"name":"Le Mas du Naoc Maison d&rsquo;h\u00f4tes Grasse"}]},{"@type":"WebSite","@id":"https:\/\/www.lemasdunaoc.com\/fr\/#website","url":"https:\/\/www.lemasdunaoc.com\/fr\/","name":"Le Mas du Naoc","description":"Maison d&#039;h\u00f4tes de charme","publisher":{"@id":"https:\/\/www.lemasdunaoc.com\/fr\/#\/schema\/person\/ddb5d512a1a346bfaed7b410f9db7c41"},"potentialAction":[{"@type":"SearchAction","target":{"@type":"EntryPoint","urlTemplate":"https:\/\/www.lemasdunaoc.com\/fr\/?s={search_term_string}"},"query-input":{"@type":"PropertyValueSpecification","valueRequired":true,"valueName":"search_term_string"}}],"inLanguage":"en-US"},{"@type":["Person","Organization"],"@id":"https:\/\/www.lemasdunaoc.com\/fr\/#\/schema\/person\/ddb5d512a1a346bfaed7b410f9db7c41","name":"jmaingret","image":{"@type":"ImageObject","inLanguage":"en-US","@id":"https:\/\/www.lemasdunaoc.com\/fr\/#\/schema\/person\/image\/","url":"https:\/\/secure.gravatar.com\/avatar\/5784e2612ac089b84aad68c8b1266254636e487769c05a3c47565d323c1a6874?s=96&d=mm&r=g","contentUrl":"https:\/\/secure.gravatar.com\/avatar\/5784e2612ac089b84aad68c8b1266254636e487769c05a3c47565d323c1a6874?s=96&d=mm&r=g","caption":"jmaingret"},"logo":{"@id":"https:\/\/www.lemasdunaoc.com\/fr\/#\/schema\/person\/image\/"}}]}},"_links":{"self":[{"href":"https:\/\/www.lemasdunaoc.com\/en\/wp-json\/wp\/v2\/pages\/2717","targetHints":{"allow":["GET"]}}],"collection":[{"href":"https:\/\/www.lemasdunaoc.com\/en\/wp-json\/wp\/v2\/pages"}],"about":[{"href":"https:\/\/www.lemasdunaoc.com\/en\/wp-json\/wp\/v2\/types\/page"}],"author":[{"embeddable":true,"href":"https:\/\/www.lemasdunaoc.com\/en\/wp-json\/wp\/v2\/users\/1"}],"replies":[{"embeddable":true,"href":"https:\/\/www.lemasdunaoc.com\/en\/wp-json\/wp\/v2\/comments?post=2717"}],"version-history":[{"count":31,"href":"https:\/\/www.lemasdunaoc.com\/en\/wp-json\/wp\/v2\/pages\/2717\/revisions"}],"predecessor-version":[{"id":4493,"href":"https:\/\/www.lemasdunaoc.com\/en\/wp-json\/wp\/v2\/pages\/2717\/revisions\/4493"}],"wp:attachment":[{"href":"https:\/\/www.lemasdunaoc.com\/en\/wp-json\/wp\/v2\/media?parent=2717"}],"curies":[{"name":"wp","href":"https:\/\/api.w.org\/{rel}","templated":true}]}}