{"id":2763,"date":"2016-08-29T19:22:34","date_gmt":"2016-08-29T19:22:34","guid":{"rendered":"http:\/\/www.lemasdunaoc.com\/?page_id=2763"},"modified":"2025-11-14T08:50:51","modified_gmt":"2025-11-14T08:50:51","slug":"appartements-de-charme-cote-d-azur","status":"publish","type":"page","link":"https:\/\/www.lemasdunaoc.com\/en\/appartements-de-charme-cote-d-azur\/","title":{"rendered":"apartments"},"content":{"rendered":"<div class=\"wpb-content-wrapper\"><p>[vc_row][vc_column][rev_slider_vc alias=&#8221;appartements&#8221;][\/vc_column][vc_column][vc_empty_space][\/vc_column][\/vc_row][vc_row][vc_column][vc_custom_heading text=&#8221;An Apartment That Feels Like Home \u2013 Cabris \u2013 French Riviera&#8221; font_container=&#8221;tag:h1|font_size:50|text_align:center|color:%23191919&#8243; google_fonts=&#8221;font_family:Oswald%3A300%2Cregular%2C700|font_style:300%20light%20regular%3A300%3Anormal&#8221; css=&#8221;&#8221;][\/vc_column][\/vc_row][vc_row][vc_column][vc_separator][\/vc_column][\/vc_row][vc_row][vc_column][vc_column_text css=&#8221;&#8221;]<\/p>\n<p style=\"text-align: center;\">Le Mas du Naoc offers an apartment for 5 guests and another for 2 guests. Each apartment features a fully equipped kitchen, a private terrace, and access to the swimming pool.<\/p>\n<p>[\/vc_column_text][\/vc_column][\/vc_row][vc_row][vc_column][vc_separator][\/vc_column][\/vc_row][vc_row gap=&#8221;30&#8243; content_placement=&#8221;middle&#8221;][vc_column width=&#8221;1\/2&#8243;][vc_single_image image=&#8221;4055&#8243; img_size=&#8221;400X600&#8243; alignment=&#8221;center&#8221; onclick=&#8221;custom_link&#8221; link=&#8221;http:\/\/www.lemasdunaoc.com\/photos-des-appartements\/&#8221;][vc_custom_heading text=&#8221;GALLERY&#8221; font_container=&#8221;tag:h4|text_align:center|color:%23bfa77e&#8221; google_fonts=&#8221;font_family:Oswald%3A300%2Cregular%2C700|font_style:300%20light%20regular%3A300%3Anormal&#8221; css=&#8221;&#8221; link=&#8221;url:http%3A%2F%2Fwww.lemasdunaoc.com%2Fphotos-des-appartements%2F|||&#8221;][\/vc_column][vc_column width=&#8221;1\/2&#8243;][vc_custom_heading text=&#8221;L&#8217;ADN&#8221; font_container=&#8221;tag:h2|font_size:36|text_align:center&#8221; google_fonts=&#8221;font_family:Oswald%3A300%2Cregular%2C700|font_style:300%20light%20regular%3A300%3Anormal&#8221;][vc_column_text css=&#8221;&#8221;]<\/p>\n<p class=\"\" style=\"text-align: left;\" data-start=\"68\" data-end=\"335\"><strong data-start=\"68\" data-end=\"90\">Apartment \u2014 110 m\u00b2<\/strong><br data-start=\"90\" data-end=\"93\" \/>This spacious 110-square-meter apartment includes 3 bedrooms for up to 5 guests, 2 walk-in shower rooms, a fully equipped kitchen, a cozy living room, and a private terrace.<br data-start=\"266\" data-end=\"269\" \/>Please note: breakfast is not included when booking the apartment.<\/p>\n<p class=\"\" style=\"text-align: left;\" data-start=\"337\" data-end=\"352\"><strong data-start=\"337\" data-end=\"350\">Amenities<\/strong><\/p>\n<ul data-start=\"354\" data-end=\"497\">\n<li class=\"\" style=\"text-align: center;\" data-start=\"354\" data-end=\"373\">\n<p class=\"\" style=\"text-align: left;\" data-start=\"356\" data-end=\"373\">Washing machine<\/p>\n<\/li>\n<li class=\"\" style=\"text-align: left;\" data-start=\"374\" data-end=\"388\">\n<p class=\"\" data-start=\"376\" data-end=\"388\">Dishwasher<\/p>\n<\/li>\n<li class=\"\" style=\"text-align: left;\" data-start=\"389\" data-end=\"406\">\n<p class=\"\" data-start=\"391\" data-end=\"406\">Plancha grill<\/p>\n<\/li>\n<li class=\"\" style=\"text-align: left;\" data-start=\"407\" data-end=\"429\">\n<p class=\"\" data-start=\"409\" data-end=\"429\">Wood-burning stove<\/p>\n<\/li>\n<li class=\"\" style=\"text-align: left;\" data-start=\"430\" data-end=\"445\">\n<p class=\"\" style=\"text-align: left;\" data-start=\"432\" data-end=\"445\">Gas cooktop<\/p>\n<\/li>\n<li class=\"\" style=\"text-align: left;\" data-start=\"446\" data-end=\"456\">\n<p class=\"\" data-start=\"448\" data-end=\"456\">Kettle<\/p>\n<\/li>\n<li class=\"\" style=\"text-align: left;\" data-start=\"457\" data-end=\"485\">\n<p class=\"\" data-start=\"459\" data-end=\"485\">Nespresso coffee machine<\/p>\n<\/li>\n<li class=\"\" data-start=\"486\" data-end=\"497\">\n<p class=\"\" style=\"text-align: left;\" data-start=\"488\" data-end=\"497\">Toaster<\/p>\n<\/li>\n<\/ul>\n<p>[\/vc_column_text][vc_single_image image=&#8221;2810&#8243; img_size=&#8221;&#8221; alignment=&#8221;center&#8221; css_animation=&#8221;top-to-bottom&#8221;][vc_column_text css=&#8221;&#8221;]<\/p>\n<p style=\"text-align: center;\" data-start=\"79\" data-end=\"116\"><strong>Starting from 315 euros per night<\/strong><\/p>\n<p>[\/vc_column_text][vc_btn title=&#8221;Book your stay&#8221; style=&#8221;custom&#8221; custom_background=&#8221;#596E4E&#8221; custom_text=&#8221;#FFFFFF&#8221; shape=&#8221;square&#8221; align=&#8221;center&#8221; css=&#8221;&#8221; link=&#8221;url:https%3A%2F%2Fwww.lemasdunaoc.com%2Freservation%2F|title:R%C3%A9servation&#8221;][\/vc_column][\/vc_row][vc_row][vc_column][vc_separator][\/vc_column][\/vc_row][vc_row gap=&#8221;30&#8243; content_placement=&#8221;middle&#8221;][vc_column width=&#8221;1\/2&#8243;][vc_single_image image=&#8221;2873&#8243; img_size=&#8221;400X600&#8243; alignment=&#8221;center&#8221; onclick=&#8221;custom_link&#8221; link=&#8221;http:\/\/www.lemasdunaoc.com\/photos-des-appartements\/&#8221;][vc_custom_heading text=&#8221;GALLERY&#8221; font_container=&#8221;tag:h4|text_align:center|color:%23bfa77e&#8221; google_fonts=&#8221;font_family:Oswald%3A300%2Cregular%2C700|font_style:300%20light%20regular%3A300%3Anormal&#8221; css=&#8221;&#8221; link=&#8221;url:http%3A%2F%2Fwww.lemasdunaoc.com%2Fphotos-des-appartements%2F|||&#8221;][\/vc_column][vc_column width=&#8221;1\/2&#8243;][vc_custom_heading text=&#8221;APARTMENT COTE SUD&#8221; font_container=&#8221;tag:h2|font_size:36|text_align:center&#8221; google_fonts=&#8221;font_family:Oswald%3A300%2Cregular%2C700|font_style:300%20light%20regular%3A300%3Anormal&#8221; css=&#8221;&#8221;][vc_column_text css=&#8221;&#8221;]<\/p>\n<p class=\"\" data-start=\"75\" data-end=\"294\"><strong data-start=\"75\" data-end=\"94\">20 m\u00b2 Apartment<\/strong><br data-start=\"94\" data-end=\"97\" \/>A charming 20-square-meter apartment featuring a spacious Italian-style walk-in shower, a fully equipped kitchen, and a large private terrace with stunning views of the sea and surrounding hills.<\/p>\n<p class=\"\" data-start=\"296\" data-end=\"365\"><strong data-start=\"296\" data-end=\"312\">Please note:<\/strong> Breakfast is not included with the apartment rental.<\/p>\n<p class=\"\" data-start=\"367\" data-end=\"383\"><strong data-start=\"367\" data-end=\"381\">Facilities<\/strong><\/p>\n<ul data-start=\"385\" data-end=\"480\">\n<li class=\"\" data-start=\"385\" data-end=\"404\">\n<p class=\"\" data-start=\"387\" data-end=\"404\">Washing machine<\/p>\n<\/li>\n<li class=\"\" data-start=\"405\" data-end=\"420\">\n<p class=\"\" data-start=\"407\" data-end=\"420\">Gas cooktop<\/p>\n<\/li>\n<li class=\"\" data-start=\"421\" data-end=\"439\">\n<p class=\"\" data-start=\"423\" data-end=\"439\">Microwave oven<\/p>\n<\/li>\n<li class=\"\" data-start=\"440\" data-end=\"468\">\n<p class=\"\" data-start=\"442\" data-end=\"468\">Nespresso coffee machine<\/p>\n<\/li>\n<li class=\"\" data-start=\"469\" data-end=\"480\">\n<p class=\"\" data-start=\"471\" data-end=\"480\">Toaster<\/p>\n<\/li>\n<\/ul>\n<p>[\/vc_column_text][vc_single_image image=&#8221;2810&#8243; img_size=&#8221;&#8221; alignment=&#8221;center&#8221; css_animation=&#8221;top-to-bottom&#8221;][vc_column_text css=&#8221;&#8221;]<\/p>\n<p style=\"text-align: center;\" data-start=\"79\" data-end=\"116\"><strong>Starting from 175 euros per night<\/strong><\/p>\n<p>[\/vc_column_text][vc_btn title=&#8221;R\u00e9servez votre s\u00e9jour&#8221; style=&#8221;custom&#8221; custom_background=&#8221;#596E4E&#8221; custom_text=&#8221;#FFFFFF&#8221; shape=&#8221;square&#8221; align=&#8221;center&#8221; css=&#8221;&#8221; link=&#8221;url:https%3A%2F%2Fwww.lemasdunaoc.com%2Freservation%2F|title:R%C3%A9servation&#8221;][\/vc_column][\/vc_row][vc_row][vc_column][vc_separator][\/vc_column][\/vc_row][vc_row][vc_column width=&#8221;1\/2&#8243;][vc_custom_heading text=&#8221;For Your Comfort&#8221; font_container=&#8221;tag:h2|font_size:45|text_align:center&#8221; google_fonts=&#8221;font_family:Oswald%3A300%2Cregular%2C700|font_style:400%20regular%3A400%3Anormal&#8221; css=&#8221;&#8221;][vc_column_text css=&#8221;&#8221;]<\/p>\n<p class=\"\" data-start=\"72\" data-end=\"99\"><strong data-start=\"72\" data-end=\"97\">Important Information<\/strong><\/p>\n<p class=\"\" data-start=\"101\" data-end=\"226\">Our apartments are non-smoking.<\/p>\n<p class=\"\" data-start=\"228\" data-end=\"252\"><strong data-start=\"228\" data-end=\"250\">Included Amenities<\/strong><\/p>\n<ul data-start=\"254\" data-end=\"325\">\n<li class=\"\" data-start=\"254\" data-end=\"275\">\n<p class=\"\" data-start=\"256\" data-end=\"275\">Free Wi-Fi access<\/p>\n<\/li>\n<li class=\"\" data-start=\"276\" data-end=\"292\">\n<p class=\"\" data-start=\"278\" data-end=\"292\">Refrigerator<\/p>\n<\/li>\n<li class=\"\" data-start=\"293\" data-end=\"308\">\n<p class=\"\" data-start=\"295\" data-end=\"308\">Gas cooktop<\/p>\n<\/li>\n<li class=\"\" data-start=\"309\" data-end=\"325\">\n<p class=\"\" data-start=\"311\" data-end=\"325\">Free parking<\/p>\n<\/li>\n<\/ul>\n<p class=\"\" data-start=\"327\" data-end=\"535\">Le Mas du Naoc is designed to be a place of peace and serenity, both day and night. Guests have free access to the garden and the <a href=\"https:\/\/www.lemasdunaoc.com\/en\/le-mas-du-naoc-maison-hotes-grasse\/outside\/\">heated swimming pool<\/a> (open from mid-April to mid-October, weather permitting).<\/p>\n<p><a href=\"http:\/\/www.lemasdunaoc.com\/wp-content\/uploads\/2019\/04\/images.png\">\u00a0 \u00a0 \u00a0 \u00a0<img loading=\"lazy\" decoding=\"async\" class=\"alignnone wp-image-3865\" src=\"http:\/\/www.lemasdunaoc.com\/wp-content\/uploads\/2019\/04\/images.png\" alt=\"\" width=\"58\" height=\"58\" \/><\/a>[\/vc_column_text][\/vc_column][vc_column width=&#8221;1\/2&#8243;][vc_custom_heading text=&#8221;For All Reservations&#8221; font_container=&#8221;tag:h2|font_size:45|text_align:center&#8221; google_fonts=&#8221;font_family:Oswald%3A300%2Cregular%2C700|font_style:400%20regular%3A400%3Anormal&#8221; css=&#8221;&#8221;][vc_column_text css=&#8221;&#8221;]<\/p>\n<ul data-start=\"85\" data-end=\"214\">\n<li class=\"\" data-start=\"85\" data-end=\"152\">\n<p class=\"\" data-start=\"87\" data-end=\"152\">50% of the total amount will be charged at the time of booking.<\/p>\n<\/li>\n<li class=\"\" data-start=\"153\" data-end=\"214\">\n<p class=\"\" data-start=\"155\" data-end=\"214\">The remaining 50% will be charged 7 days prior to check-in.<\/p>\n<\/li>\n<\/ul>\n<p class=\"\" data-start=\"216\" data-end=\"317\">In the event of an early departure, the full cost of the stay remains due and will not be refunded.<\/p>\n<p class=\"\" data-start=\"319\" data-end=\"364\">The balance can also be settled upon arrival.<\/p>\n<p class=\"\" data-start=\"366\" data-end=\"411\"><strong data-start=\"366\" data-end=\"382\">Tourist tax:<\/strong> \u20ac1.10 per person, per night.<\/p>\n<p class=\"\" data-start=\"413\" data-end=\"498\"><strong data-start=\"413\" data-end=\"426\">Check-in:<\/strong> strictly between 4:00 PM and 7:30 PM.<br data-start=\"464\" data-end=\"467\" \/><strong data-start=\"467\" data-end=\"481\">Check-out:<\/strong> before 10:00 AM.<\/p>\n<p>[\/vc_column_text][\/vc_column][\/vc_row][vc_row][vc_column][vc_single_image image=&#8221;2885&#8243; img_size=&#8221;full&#8221;][\/vc_column][\/vc_row]<\/p>\n<\/div>","protected":false},"excerpt":{"rendered":"<p>[vc_row][vc_column][rev_slider_vc alias=&#8221;appartements&#8221;][\/vc_column][vc_column][vc_empty_space][\/vc_column][\/vc_row][vc_row][vc_column][vc_custom_heading text=&#8221;An Apartment That Feels Like Home \u2013 Cabris \u2013 French Riviera&#8221; font_container=&#8221;tag:h1|font_size:50|text_align:center|color:%23191919&#8243; google_fonts=&#8221;font_family:Oswald%3A300%2Cregular%2C700|font_style:300%20light%20regular%3A300%3Anormal&#8221; css=&#8221;&#8221;][\/vc_column][\/vc_row][vc_row][vc_column][vc_separator][\/vc_column][\/vc_row][vc_row][vc_column][vc_column_text css=&#8221;&#8221;] Le Mas du Naoc offers an apartment for 5 guests and another for 2&#8230;<\/p>\n","protected":false},"author":1,"featured_media":0,"parent":0,"menu_order":0,"comment_status":"closed","ping_status":"closed","template":"","meta":{"_monsterinsights_skip_tracking":false,"_monsterinsights_sitenote_active":false,"_monsterinsights_sitenote_note":"","_monsterinsights_sitenote_category":0,"footnotes":""},"class_list":["post-2763","page","type-page","status-publish","hentry"],"yoast_head":"<!-- This site is optimized with the Yoast SEO plugin v26.9 - https:\/\/yoast.com\/product\/yoast-seo-wordpress\/ -->\n<title>Apartments in The Mas du Naoc near Grasse Nice and Cannes<\/title>\n<meta name=\"description\" content=\"Apartments in Cabris French Riviera. ADN for 5 people and C\u00f4t\u00e9 sud for 2 people. access to the swimming pool. Accommodation near Grasse Cannes and Nice.\" \/>\n<meta name=\"robots\" content=\"index, follow, max-snippet:-1, max-image-preview:large, max-video-preview:-1\" \/>\n<link rel=\"canonical\" href=\"https:\/\/www.lemasdunaoc.com\/appartements-de-charme-cote-d-azur\/\" \/>\n<meta property=\"og:locale\" content=\"en_US\" \/>\n<meta property=\"og:type\" content=\"article\" \/>\n<meta property=\"og:title\" content=\"[:fr]Appartements d&#039;h\u00f4tes du Mas du Naoc \u00e0 Cabris proche de Grasse[:en]Apartments in The Mas du Naoc near Grasse Nice and Cannes[:]\" \/>\n<meta property=\"og:description\" content=\"{:fr}Appartements contemporains - location saisonni\u00e8re au Mas du Naoc \u00e0 Cabris. Louez un appartement pour 2 \u00e0 5 personnes dans un ancien mas proven\u00e7al Cabris{:en}Apartments in Cabris French Riviera. ADN for 5 people and C\u00f4t\u00e9 sud for 2 people. access to the swimming pool. Accommodation near Grasse Cannes and Nice.{:}\" \/>\n<meta property=\"og:url\" content=\"https:\/\/www.lemasdunaoc.com\/appartements-de-charme-cote-d-azur\/\" \/>\n<meta property=\"og:site_name\" content=\"Le Mas du Naoc\" \/>\n<meta property=\"article:modified_time\" content=\"2025-11-14T08:50:51+00:00\" \/>\n<meta property=\"og:image\" content=\"http:\/\/www.lemasdunaoc.com\/wp-content\/uploads\/2019\/04\/images.png\" \/>\n<meta name=\"twitter:card\" content=\"summary_large_image\" \/>\n<meta name=\"twitter:label1\" content=\"Est. reading time\" \/>\n\t<meta name=\"twitter:data1\" content=\"3 minutes\" \/>\n<script type=\"application\/ld+json\" class=\"yoast-schema-graph\">{\"@context\":\"https:\/\/schema.org\",\"@graph\":[{\"@type\":\"WebPage\",\"@id\":\"https:\/\/www.lemasdunaoc.com\/appartements-de-charme-cote-d-azur\/\",\"url\":\"https:\/\/www.lemasdunaoc.com\/appartements-de-charme-cote-d-azur\/\",\"name\":\"[:fr]Appartements d'h\u00f4tes du Mas du Naoc \u00e0 Cabris proche de Grasse[:en]Apartments in The Mas du Naoc near Grasse Nice and Cannes[:]\",\"isPartOf\":{\"@id\":\"https:\/\/www.lemasdunaoc.com\/fr\/#website\"},\"primaryImageOfPage\":{\"@id\":\"https:\/\/www.lemasdunaoc.com\/appartements-de-charme-cote-d-azur\/#primaryimage\"},\"image\":{\"@id\":\"https:\/\/www.lemasdunaoc.com\/appartements-de-charme-cote-d-azur\/#primaryimage\"},\"thumbnailUrl\":\"http:\/\/www.lemasdunaoc.com\/wp-content\/uploads\/2019\/04\/images.png\",\"datePublished\":\"2016-08-29T19:22:34+00:00\",\"dateModified\":\"2025-11-14T08:50:51+00:00\",\"description\":\"{:fr}Appartements contemporains - location saisonni\u00e8re au Mas du Naoc \u00e0 Cabris. Louez un appartement pour 2 \u00e0 5 personnes dans un ancien mas proven\u00e7al Cabris{:en}Apartments in Cabris French Riviera. ADN for 5 people and C\u00f4t\u00e9 sud for 2 people. access to the swimming pool. Accommodation near Grasse Cannes and Nice.{:}\",\"breadcrumb\":{\"@id\":\"https:\/\/www.lemasdunaoc.com\/appartements-de-charme-cote-d-azur\/#breadcrumb\"},\"inLanguage\":\"en-US\",\"potentialAction\":[{\"@type\":\"ReadAction\",\"target\":[\"https:\/\/www.lemasdunaoc.com\/appartements-de-charme-cote-d-azur\/\"]}]},{\"@type\":\"ImageObject\",\"inLanguage\":\"en-US\",\"@id\":\"https:\/\/www.lemasdunaoc.com\/appartements-de-charme-cote-d-azur\/#primaryimage\",\"url\":\"http:\/\/www.lemasdunaoc.com\/wp-content\/uploads\/2019\/04\/images.png\",\"contentUrl\":\"http:\/\/www.lemasdunaoc.com\/wp-content\/uploads\/2019\/04\/images.png\"},{\"@type\":\"BreadcrumbList\",\"@id\":\"https:\/\/www.lemasdunaoc.com\/appartements-de-charme-cote-d-azur\/#breadcrumb\",\"itemListElement\":[{\"@type\":\"ListItem\",\"position\":1,\"name\":\"Accueil\",\"item\":\"https:\/\/www.lemasdunaoc.com\/\"},{\"@type\":\"ListItem\",\"position\":2,\"name\":\"apartments\"}]},{\"@type\":\"WebSite\",\"@id\":\"https:\/\/www.lemasdunaoc.com\/fr\/#website\",\"url\":\"https:\/\/www.lemasdunaoc.com\/fr\/\",\"name\":\"Le Mas du Naoc\",\"description\":\"Maison d&#039;h\u00f4tes de charme\",\"publisher\":{\"@id\":\"https:\/\/www.lemasdunaoc.com\/fr\/#\/schema\/person\/ddb5d512a1a346bfaed7b410f9db7c41\"},\"potentialAction\":[{\"@type\":\"SearchAction\",\"target\":{\"@type\":\"EntryPoint\",\"urlTemplate\":\"https:\/\/www.lemasdunaoc.com\/fr\/?s={search_term_string}\"},\"query-input\":{\"@type\":\"PropertyValueSpecification\",\"valueRequired\":true,\"valueName\":\"search_term_string\"}}],\"inLanguage\":\"en-US\"},{\"@type\":[\"Person\",\"Organization\"],\"@id\":\"https:\/\/www.lemasdunaoc.com\/fr\/#\/schema\/person\/ddb5d512a1a346bfaed7b410f9db7c41\",\"name\":\"jmaingret\",\"image\":{\"@type\":\"ImageObject\",\"inLanguage\":\"en-US\",\"@id\":\"https:\/\/www.lemasdunaoc.com\/fr\/#\/schema\/person\/image\/\",\"url\":\"https:\/\/secure.gravatar.com\/avatar\/5784e2612ac089b84aad68c8b1266254636e487769c05a3c47565d323c1a6874?s=96&d=mm&r=g\",\"contentUrl\":\"https:\/\/secure.gravatar.com\/avatar\/5784e2612ac089b84aad68c8b1266254636e487769c05a3c47565d323c1a6874?s=96&d=mm&r=g\",\"caption\":\"jmaingret\"},\"logo\":{\"@id\":\"https:\/\/www.lemasdunaoc.com\/fr\/#\/schema\/person\/image\/\"}}]}<\/script>\n<!-- \/ Yoast SEO plugin. -->","yoast_head_json":{"title":"Apartments in The Mas du Naoc near Grasse Nice and Cannes","description":"Apartments in Cabris French Riviera. ADN for 5 people and C\u00f4t\u00e9 sud for 2 people. access to the swimming pool. Accommodation near Grasse Cannes and Nice.","robots":{"index":"index","follow":"follow","max-snippet":"max-snippet:-1","max-image-preview":"max-image-preview:large","max-video-preview":"max-video-preview:-1"},"canonical":"https:\/\/www.lemasdunaoc.com\/appartements-de-charme-cote-d-azur\/","og_locale":"en_US","og_type":"article","og_title":"[:fr]Appartements d'h\u00f4tes du Mas du Naoc \u00e0 Cabris proche de Grasse[:en]Apartments in The Mas du Naoc near Grasse Nice and Cannes[:]","og_description":"{:fr}Appartements contemporains - location saisonni\u00e8re au Mas du Naoc \u00e0 Cabris. Louez un appartement pour 2 \u00e0 5 personnes dans un ancien mas proven\u00e7al Cabris{:en}Apartments in Cabris French Riviera. ADN for 5 people and C\u00f4t\u00e9 sud for 2 people. access to the swimming pool. Accommodation near Grasse Cannes and Nice.{:}","og_url":"https:\/\/www.lemasdunaoc.com\/appartements-de-charme-cote-d-azur\/","og_site_name":"Le Mas du Naoc","article_modified_time":"2025-11-14T08:50:51+00:00","og_image":[{"url":"http:\/\/www.lemasdunaoc.com\/wp-content\/uploads\/2019\/04\/images.png","type":"","width":"","height":""}],"twitter_card":"summary_large_image","twitter_misc":{"Est. reading time":"3 minutes"},"schema":{"@context":"https:\/\/schema.org","@graph":[{"@type":"WebPage","@id":"https:\/\/www.lemasdunaoc.com\/appartements-de-charme-cote-d-azur\/","url":"https:\/\/www.lemasdunaoc.com\/appartements-de-charme-cote-d-azur\/","name":"[:fr]Appartements d'h\u00f4tes du Mas du Naoc \u00e0 Cabris proche de Grasse[:en]Apartments in The Mas du Naoc near Grasse Nice and Cannes[:]","isPartOf":{"@id":"https:\/\/www.lemasdunaoc.com\/fr\/#website"},"primaryImageOfPage":{"@id":"https:\/\/www.lemasdunaoc.com\/appartements-de-charme-cote-d-azur\/#primaryimage"},"image":{"@id":"https:\/\/www.lemasdunaoc.com\/appartements-de-charme-cote-d-azur\/#primaryimage"},"thumbnailUrl":"http:\/\/www.lemasdunaoc.com\/wp-content\/uploads\/2019\/04\/images.png","datePublished":"2016-08-29T19:22:34+00:00","dateModified":"2025-11-14T08:50:51+00:00","description":"{:fr}Appartements contemporains - location saisonni\u00e8re au Mas du Naoc \u00e0 Cabris. Louez un appartement pour 2 \u00e0 5 personnes dans un ancien mas proven\u00e7al Cabris{:en}Apartments in Cabris French Riviera. ADN for 5 people and C\u00f4t\u00e9 sud for 2 people. access to the swimming pool. Accommodation near Grasse Cannes and Nice.{:}","breadcrumb":{"@id":"https:\/\/www.lemasdunaoc.com\/appartements-de-charme-cote-d-azur\/#breadcrumb"},"inLanguage":"en-US","potentialAction":[{"@type":"ReadAction","target":["https:\/\/www.lemasdunaoc.com\/appartements-de-charme-cote-d-azur\/"]}]},{"@type":"ImageObject","inLanguage":"en-US","@id":"https:\/\/www.lemasdunaoc.com\/appartements-de-charme-cote-d-azur\/#primaryimage","url":"http:\/\/www.lemasdunaoc.com\/wp-content\/uploads\/2019\/04\/images.png","contentUrl":"http:\/\/www.lemasdunaoc.com\/wp-content\/uploads\/2019\/04\/images.png"},{"@type":"BreadcrumbList","@id":"https:\/\/www.lemasdunaoc.com\/appartements-de-charme-cote-d-azur\/#breadcrumb","itemListElement":[{"@type":"ListItem","position":1,"name":"Accueil","item":"https:\/\/www.lemasdunaoc.com\/"},{"@type":"ListItem","position":2,"name":"apartments"}]},{"@type":"WebSite","@id":"https:\/\/www.lemasdunaoc.com\/fr\/#website","url":"https:\/\/www.lemasdunaoc.com\/fr\/","name":"Le Mas du Naoc","description":"Maison d&#039;h\u00f4tes de charme","publisher":{"@id":"https:\/\/www.lemasdunaoc.com\/fr\/#\/schema\/person\/ddb5d512a1a346bfaed7b410f9db7c41"},"potentialAction":[{"@type":"SearchAction","target":{"@type":"EntryPoint","urlTemplate":"https:\/\/www.lemasdunaoc.com\/fr\/?s={search_term_string}"},"query-input":{"@type":"PropertyValueSpecification","valueRequired":true,"valueName":"search_term_string"}}],"inLanguage":"en-US"},{"@type":["Person","Organization"],"@id":"https:\/\/www.lemasdunaoc.com\/fr\/#\/schema\/person\/ddb5d512a1a346bfaed7b410f9db7c41","name":"jmaingret","image":{"@type":"ImageObject","inLanguage":"en-US","@id":"https:\/\/www.lemasdunaoc.com\/fr\/#\/schema\/person\/image\/","url":"https:\/\/secure.gravatar.com\/avatar\/5784e2612ac089b84aad68c8b1266254636e487769c05a3c47565d323c1a6874?s=96&d=mm&r=g","contentUrl":"https:\/\/secure.gravatar.com\/avatar\/5784e2612ac089b84aad68c8b1266254636e487769c05a3c47565d323c1a6874?s=96&d=mm&r=g","caption":"jmaingret"},"logo":{"@id":"https:\/\/www.lemasdunaoc.com\/fr\/#\/schema\/person\/image\/"}}]}},"_links":{"self":[{"href":"https:\/\/www.lemasdunaoc.com\/en\/wp-json\/wp\/v2\/pages\/2763","targetHints":{"allow":["GET"]}}],"collection":[{"href":"https:\/\/www.lemasdunaoc.com\/en\/wp-json\/wp\/v2\/pages"}],"about":[{"href":"https:\/\/www.lemasdunaoc.com\/en\/wp-json\/wp\/v2\/types\/page"}],"author":[{"embeddable":true,"href":"https:\/\/www.lemasdunaoc.com\/en\/wp-json\/wp\/v2\/users\/1"}],"replies":[{"embeddable":true,"href":"https:\/\/www.lemasdunaoc.com\/en\/wp-json\/wp\/v2\/comments?post=2763"}],"version-history":[{"count":85,"href":"https:\/\/www.lemasdunaoc.com\/en\/wp-json\/wp\/v2\/pages\/2763\/revisions"}],"predecessor-version":[{"id":4729,"href":"https:\/\/www.lemasdunaoc.com\/en\/wp-json\/wp\/v2\/pages\/2763\/revisions\/4729"}],"wp:attachment":[{"href":"https:\/\/www.lemasdunaoc.com\/en\/wp-json\/wp\/v2\/media?parent=2763"}],"curies":[{"name":"wp","href":"https:\/\/api.w.org\/{rel}","templated":true}]}}