{"id":3227,"date":"2016-09-24T18:03:36","date_gmt":"2016-09-24T18:03:36","guid":{"rendered":"http:\/\/www.lemasdunaoc.com\/?page_id=3227"},"modified":"2024-02-07T17:18:22","modified_gmt":"2024-02-07T17:18:22","slug":"a-deux-pas","status":"publish","type":"page","link":"https:\/\/www.lemasdunaoc.com\/en\/a-deux-pas\/","title":{"rendered":"Near le Mas du Naoc"},"content":{"rendered":"<div class=\"wpb-content-wrapper\"><p>[vc_row][vc_column][vc_empty_space height=&#8221;60px&#8221;][\/vc_column][\/vc_row][vc_row][vc_column][vc_custom_heading text=&#8221;WHAT TO DO JUST A FEW MILES AWAY FROM THE MAS DU NAOC&#8230;..&#8221; font_container=&#8221;tag:h2|font_size:36|text_align:center&#8221; google_fonts=&#8221;font_family:Oswald%3A300%2Cregular%2C700|font_style:300%20light%20regular%3A300%3Anormal&#8221;][vc_column_text]<\/p>\n<p style=\"text-align: center;\">Half way between the French Riviera and the Alpes Maritimes, the Mas du Naoc is the ideal starting point to discover the\u00a0 typical villages of Provence andthe French Riviera as well as the famous cities of Nice, Cannes, Antibe and Grasse.<\/p>\n<p>[\/vc_column_text][\/vc_column][\/vc_row][vc_row][vc_column][vc_column_text]Close to the Mas du Naoc, you can practice all the summer sports (mountain biking, climbing, paragliding, hiking, gliding, windsurfing or kite surfing, golf&#8230;) and winter sports (alpine skiing, Nordic skiing, ski touring&#8230;).<\/p>\n<p>It is also a privileged place to discover the nature of the Grasse hinterland and the abundant culture on the coast (F.Leger museum, Picasso, Renoir, Matisse, the MAMAC&#8230;).<\/p>\n<p>Having lived in the area for 16 years, we know it well and can share with you our best hikes and discoveries. Nature lovers will discover the back country of Grasse with its Gorges du Loup, the Caussol plateau, the Siagne gorges, the Baou de Saint Jeannet for climbing&#8230;<\/p>\n<p>Just a stone&#8217;s throw from the house, we will be able to recommend a selection of our best secret restaurant addresses.<\/p>\n<p>The perched villages that surround us are all more beautiful than the others. Cabris, Gourdon or Tourrettes sur Loup are authentic Proven\u00e7al villages, medieval villages full of history, often full of tranquillity, they generally offer the most beautiful views of the French Riviera.<\/p>\n<p>If you prefer the life of the southern cities, Nice has some nice surprises in store for you. In any case, it is our favourite.\u00a0The Italian way of life is very present here, the colourful facades and the smell of Nice&#8217;s cuisine invite you to relax and stroll. Its summer evenings, its festivals&#8230;everything is done to welcome you and make you spend excellent evenings.<\/p>\n<p>The Alpes Maritimes offer all this at the same time, they are a mosaic of multiple activities.<\/p>\n<p><strong>You will find some of the most beautiful golf courses in France<\/strong><\/p>\n<p>Golf de <a href=\"http:\/\/www.terre-blanche.com\/parcours-golf.html-0\" target=\"_blank\" rel=\"noopener noreferrer\">Terre Blanche<\/a><\/p>\n<p>Golf du <a href=\"http:\/\/www.chateau-taulane.com\/fr\/le-golf.php\" target=\"_blank\" rel=\"noopener noreferrer\">Ch\u00e2teau de Taulane<\/a><\/p>\n<p>Golf de <a href=\"http:\/\/golfsaintdonat.com\" target=\"_blank\" rel=\"noopener noreferrer\">Saint Donat<\/a><\/p>\n<p>Golf du <a href=\"http:\/\/www.claux-amic.com\" target=\"_blank\" rel=\"noopener noreferrer\">Claux Amic<\/a> (\u00e0 3 minutes de la maison&#8230;)<\/p>\n<p>&#8230;<\/p>\n<p>&nbsp;<\/p>\n<h3>Evadez vous dans les stations de ski des pr\u00e9alpes et du Mercantour<\/h3>\n<p>Station de<a href=\"http:\/\/www.greolieres.fr\" target=\"_blank\" rel=\"noopener noreferrer\"> Gr\u00e9oli\u00e8re les neiges <\/a>(35 minutes du Mas du Naoc)<\/p>\n<p>Station de <a href=\"http:\/\/audibergue.fr\/audibergue.htm\" target=\"_blank\" rel=\"noopener noreferrer\">l&#8217;Audibergue\u00a0\u00a0<\/a>(25 minutes du Mas du Naoc)<\/p>\n<p>Station de <a href=\"http:\/\/www.valberg.com\" target=\"_blank\" rel=\"noopener noreferrer\">Varberg<\/a>\u00a0\u00a0(1H30\u00a0du Mas du Naoc)<\/p>\n<p>Station d&#8217;<a href=\"http:\/\/www.auron.com\" target=\"_blank\" rel=\"noopener noreferrer\">Auron<\/a>\u00a0(1H30\u00a0du Mas du Naoc)<\/p>\n<p>Station d&#8217;<a href=\"http:\/\/www.isola2000.com\" target=\"_blank\" rel=\"noopener noreferrer\">Isola 2000\u00a0<\/a>(1H30\u00a0du Mas du Naoc)<\/p>\n<p>&nbsp;<\/p>\n<h3>Randonn\u00e9es p\u00e9destres, ski de randonn\u00e9e, VTT, cyclisme&#8230;<\/h3>\n<p>D\u00e9couvrez tous les circuits sur le site du Conseil G\u00e9n\u00e9ral des Alpes Maritimes :<\/p>\n<p><a href=\"https:\/\/www.departement06.fr\/alpes-maritimes-a-velo\/itineraires-vtt-1948.html\" target=\"_blank\" rel=\"noopener noreferrer\">VTT<\/a><\/p>\n<p><a href=\"https:\/\/www.departement06.fr\/au-naturel\/les-guides-randoxygene-2517.html\" target=\"_blank\" rel=\"noopener noreferrer\">Randonn\u00e9es p\u00e9destre<\/a>s<\/p>\n<p><a href=\"https:\/\/fr.calameo.com\/read\/00033464488428da525d4\">Randonn\u00e9es cyclo<\/a><\/p>\n<p><a href=\"https:\/\/fr.calameo.com\/read\/000334644d858dbc5b656\">Boucles cyclo touristiques<\/a><\/p>\n<p>Toute l&#8217;information sur le site du <a href=\"https:\/\/www.departement06.fr\" target=\"_blank\" rel=\"noopener noreferrer\">Conseil G\u00e9n\u00e9ral<\/a>[\/vc_column_text][\/vc_column][\/vc_row]<\/p>\n<\/div>","protected":false},"excerpt":{"rendered":"<p>[vc_row][vc_column][vc_empty_space height=&#8221;60px&#8221;][\/vc_column][\/vc_row][vc_row][vc_column][vc_custom_heading text=&#8221;WHAT TO DO JUST A FEW MILES AWAY FROM THE MAS DU NAOC&#8230;..&#8221; font_container=&#8221;tag:h2|font_size:36|text_align:center&#8221; google_fonts=&#8221;font_family:Oswald%3A300%2Cregular%2C700|font_style:300%20light%20regular%3A300%3Anormal&#8221;][vc_column_text] Half way between the French Riviera and the Alpes Maritimes, the Mas du Naoc&#8230;<\/p>\n","protected":false},"author":1,"featured_media":0,"parent":0,"menu_order":0,"comment_status":"closed","ping_status":"closed","template":"","meta":{"_monsterinsights_skip_tracking":false,"_monsterinsights_sitenote_active":false,"_monsterinsights_sitenote_note":"","_monsterinsights_sitenote_category":0,"footnotes":""},"class_list":["post-3227","page","type-page","status-publish","hentry"],"yoast_head":"<!-- This site is optimized with the Yoast SEO plugin v26.9 - https:\/\/yoast.com\/product\/yoast-seo-wordpress\/ -->\n<title>A deux pas de la maison, d\u00e9couvrez l&#039;arri\u00e8re pays Grassois<\/title>\n<meta name=\"description\" content=\"A deux pas de la maison, le Mas du Naoc entre c\u00f4te d&#039;azur et arri\u00e8re pays Grassois, vous d\u00e9couvrirez sa nature, sa culture, ses randonn\u00e9es, ses march\u00e9s...\" \/>\n<meta name=\"robots\" content=\"index, follow, max-snippet:-1, max-image-preview:large, max-video-preview:-1\" \/>\n<link rel=\"canonical\" href=\"https:\/\/www.lemasdunaoc.com\/a-deux-pas\/\" \/>\n<meta property=\"og:locale\" content=\"en_US\" \/>\n<meta property=\"og:type\" content=\"article\" \/>\n<meta property=\"og:title\" content=\"A deux pas de la maison, d\u00e9couvrez l&#039;arri\u00e8re pays Grassois\" \/>\n<meta property=\"og:description\" content=\"A deux pas de la maison, le Mas du Naoc entre c\u00f4te d&#039;azur et arri\u00e8re pays Grassois, vous d\u00e9couvrirez sa nature, sa culture, ses randonn\u00e9es, ses march\u00e9s...\" \/>\n<meta property=\"og:url\" content=\"https:\/\/www.lemasdunaoc.com\/a-deux-pas\/\" \/>\n<meta property=\"og:site_name\" content=\"Le Mas du Naoc\" \/>\n<meta property=\"article:modified_time\" content=\"2024-02-07T17:18:22+00:00\" \/>\n<meta name=\"twitter:card\" content=\"summary_large_image\" \/>\n<meta name=\"twitter:label1\" content=\"Est. reading time\" \/>\n\t<meta name=\"twitter:data1\" content=\"2 minutes\" \/>\n<script type=\"application\/ld+json\" class=\"yoast-schema-graph\">{\"@context\":\"https:\/\/schema.org\",\"@graph\":[{\"@type\":\"WebPage\",\"@id\":\"https:\/\/www.lemasdunaoc.com\/a-deux-pas\/\",\"url\":\"https:\/\/www.lemasdunaoc.com\/a-deux-pas\/\",\"name\":\"A deux pas de la maison, d\u00e9couvrez l'arri\u00e8re pays Grassois\",\"isPartOf\":{\"@id\":\"https:\/\/www.lemasdunaoc.com\/fr\/#website\"},\"primaryImageOfPage\":{\"@id\":\"https:\/\/www.lemasdunaoc.com\/a-deux-pas\/#primaryimage\"},\"image\":{\"@id\":\"https:\/\/www.lemasdunaoc.com\/a-deux-pas\/#primaryimage\"},\"thumbnailUrl\":\"https:\/\/www.lemasdunaoc.com\/wp-content\/uploads\/2023\/04\/golf-taulane.jpg\",\"datePublished\":\"2016-09-24T18:03:36+00:00\",\"dateModified\":\"2024-02-07T17:18:22+00:00\",\"description\":\"A deux pas de la maison, le Mas du Naoc entre c\u00f4te d'azur et arri\u00e8re pays Grassois, vous d\u00e9couvrirez sa nature, sa culture, ses randonn\u00e9es, ses march\u00e9s...\",\"breadcrumb\":{\"@id\":\"https:\/\/www.lemasdunaoc.com\/a-deux-pas\/#breadcrumb\"},\"inLanguage\":\"en-US\",\"potentialAction\":[{\"@type\":\"ReadAction\",\"target\":[\"https:\/\/www.lemasdunaoc.com\/a-deux-pas\/\"]}]},{\"@type\":\"ImageObject\",\"inLanguage\":\"en-US\",\"@id\":\"https:\/\/www.lemasdunaoc.com\/a-deux-pas\/#primaryimage\",\"url\":\"https:\/\/www.lemasdunaoc.com\/wp-content\/uploads\/2023\/04\/golf-taulane.jpg\",\"contentUrl\":\"https:\/\/www.lemasdunaoc.com\/wp-content\/uploads\/2023\/04\/golf-taulane.jpg\"},{\"@type\":\"BreadcrumbList\",\"@id\":\"https:\/\/www.lemasdunaoc.com\/a-deux-pas\/#breadcrumb\",\"itemListElement\":[{\"@type\":\"ListItem\",\"position\":1,\"name\":\"Accueil\",\"item\":\"https:\/\/www.lemasdunaoc.com\/\"},{\"@type\":\"ListItem\",\"position\":2,\"name\":\"Near le Mas du Naoc\"}]},{\"@type\":\"WebSite\",\"@id\":\"https:\/\/www.lemasdunaoc.com\/fr\/#website\",\"url\":\"https:\/\/www.lemasdunaoc.com\/fr\/\",\"name\":\"Le Mas du Naoc\",\"description\":\"Maison d&#039;h\u00f4tes de charme\",\"publisher\":{\"@id\":\"https:\/\/www.lemasdunaoc.com\/fr\/#\/schema\/person\/ddb5d512a1a346bfaed7b410f9db7c41\"},\"potentialAction\":[{\"@type\":\"SearchAction\",\"target\":{\"@type\":\"EntryPoint\",\"urlTemplate\":\"https:\/\/www.lemasdunaoc.com\/fr\/?s={search_term_string}\"},\"query-input\":{\"@type\":\"PropertyValueSpecification\",\"valueRequired\":true,\"valueName\":\"search_term_string\"}}],\"inLanguage\":\"en-US\"},{\"@type\":[\"Person\",\"Organization\"],\"@id\":\"https:\/\/www.lemasdunaoc.com\/fr\/#\/schema\/person\/ddb5d512a1a346bfaed7b410f9db7c41\",\"name\":\"jmaingret\",\"image\":{\"@type\":\"ImageObject\",\"inLanguage\":\"en-US\",\"@id\":\"https:\/\/www.lemasdunaoc.com\/fr\/#\/schema\/person\/image\/\",\"url\":\"https:\/\/secure.gravatar.com\/avatar\/5784e2612ac089b84aad68c8b1266254636e487769c05a3c47565d323c1a6874?s=96&d=mm&r=g\",\"contentUrl\":\"https:\/\/secure.gravatar.com\/avatar\/5784e2612ac089b84aad68c8b1266254636e487769c05a3c47565d323c1a6874?s=96&d=mm&r=g\",\"caption\":\"jmaingret\"},\"logo\":{\"@id\":\"https:\/\/www.lemasdunaoc.com\/fr\/#\/schema\/person\/image\/\"}}]}<\/script>\n<!-- \/ Yoast SEO plugin. -->","yoast_head_json":{"title":"A deux pas de la maison, d\u00e9couvrez l'arri\u00e8re pays Grassois","description":"A deux pas de la maison, le Mas du Naoc entre c\u00f4te d'azur et arri\u00e8re pays Grassois, vous d\u00e9couvrirez sa nature, sa culture, ses randonn\u00e9es, ses march\u00e9s...","robots":{"index":"index","follow":"follow","max-snippet":"max-snippet:-1","max-image-preview":"max-image-preview:large","max-video-preview":"max-video-preview:-1"},"canonical":"https:\/\/www.lemasdunaoc.com\/a-deux-pas\/","og_locale":"en_US","og_type":"article","og_title":"A deux pas de la maison, d\u00e9couvrez l'arri\u00e8re pays Grassois","og_description":"A deux pas de la maison, le Mas du Naoc entre c\u00f4te d'azur et arri\u00e8re pays Grassois, vous d\u00e9couvrirez sa nature, sa culture, ses randonn\u00e9es, ses march\u00e9s...","og_url":"https:\/\/www.lemasdunaoc.com\/a-deux-pas\/","og_site_name":"Le Mas du Naoc","article_modified_time":"2024-02-07T17:18:22+00:00","twitter_card":"summary_large_image","twitter_misc":{"Est. reading time":"2 minutes"},"schema":{"@context":"https:\/\/schema.org","@graph":[{"@type":"WebPage","@id":"https:\/\/www.lemasdunaoc.com\/a-deux-pas\/","url":"https:\/\/www.lemasdunaoc.com\/a-deux-pas\/","name":"A deux pas de la maison, d\u00e9couvrez l'arri\u00e8re pays Grassois","isPartOf":{"@id":"https:\/\/www.lemasdunaoc.com\/fr\/#website"},"primaryImageOfPage":{"@id":"https:\/\/www.lemasdunaoc.com\/a-deux-pas\/#primaryimage"},"image":{"@id":"https:\/\/www.lemasdunaoc.com\/a-deux-pas\/#primaryimage"},"thumbnailUrl":"https:\/\/www.lemasdunaoc.com\/wp-content\/uploads\/2023\/04\/golf-taulane.jpg","datePublished":"2016-09-24T18:03:36+00:00","dateModified":"2024-02-07T17:18:22+00:00","description":"A deux pas de la maison, le Mas du Naoc entre c\u00f4te d'azur et arri\u00e8re pays Grassois, vous d\u00e9couvrirez sa nature, sa culture, ses randonn\u00e9es, ses march\u00e9s...","breadcrumb":{"@id":"https:\/\/www.lemasdunaoc.com\/a-deux-pas\/#breadcrumb"},"inLanguage":"en-US","potentialAction":[{"@type":"ReadAction","target":["https:\/\/www.lemasdunaoc.com\/a-deux-pas\/"]}]},{"@type":"ImageObject","inLanguage":"en-US","@id":"https:\/\/www.lemasdunaoc.com\/a-deux-pas\/#primaryimage","url":"https:\/\/www.lemasdunaoc.com\/wp-content\/uploads\/2023\/04\/golf-taulane.jpg","contentUrl":"https:\/\/www.lemasdunaoc.com\/wp-content\/uploads\/2023\/04\/golf-taulane.jpg"},{"@type":"BreadcrumbList","@id":"https:\/\/www.lemasdunaoc.com\/a-deux-pas\/#breadcrumb","itemListElement":[{"@type":"ListItem","position":1,"name":"Accueil","item":"https:\/\/www.lemasdunaoc.com\/"},{"@type":"ListItem","position":2,"name":"Near le Mas du Naoc"}]},{"@type":"WebSite","@id":"https:\/\/www.lemasdunaoc.com\/fr\/#website","url":"https:\/\/www.lemasdunaoc.com\/fr\/","name":"Le Mas du Naoc","description":"Maison d&#039;h\u00f4tes de charme","publisher":{"@id":"https:\/\/www.lemasdunaoc.com\/fr\/#\/schema\/person\/ddb5d512a1a346bfaed7b410f9db7c41"},"potentialAction":[{"@type":"SearchAction","target":{"@type":"EntryPoint","urlTemplate":"https:\/\/www.lemasdunaoc.com\/fr\/?s={search_term_string}"},"query-input":{"@type":"PropertyValueSpecification","valueRequired":true,"valueName":"search_term_string"}}],"inLanguage":"en-US"},{"@type":["Person","Organization"],"@id":"https:\/\/www.lemasdunaoc.com\/fr\/#\/schema\/person\/ddb5d512a1a346bfaed7b410f9db7c41","name":"jmaingret","image":{"@type":"ImageObject","inLanguage":"en-US","@id":"https:\/\/www.lemasdunaoc.com\/fr\/#\/schema\/person\/image\/","url":"https:\/\/secure.gravatar.com\/avatar\/5784e2612ac089b84aad68c8b1266254636e487769c05a3c47565d323c1a6874?s=96&d=mm&r=g","contentUrl":"https:\/\/secure.gravatar.com\/avatar\/5784e2612ac089b84aad68c8b1266254636e487769c05a3c47565d323c1a6874?s=96&d=mm&r=g","caption":"jmaingret"},"logo":{"@id":"https:\/\/www.lemasdunaoc.com\/fr\/#\/schema\/person\/image\/"}}]}},"_links":{"self":[{"href":"https:\/\/www.lemasdunaoc.com\/en\/wp-json\/wp\/v2\/pages\/3227","targetHints":{"allow":["GET"]}}],"collection":[{"href":"https:\/\/www.lemasdunaoc.com\/en\/wp-json\/wp\/v2\/pages"}],"about":[{"href":"https:\/\/www.lemasdunaoc.com\/en\/wp-json\/wp\/v2\/types\/page"}],"author":[{"embeddable":true,"href":"https:\/\/www.lemasdunaoc.com\/en\/wp-json\/wp\/v2\/users\/1"}],"replies":[{"embeddable":true,"href":"https:\/\/www.lemasdunaoc.com\/en\/wp-json\/wp\/v2\/comments?post=3227"}],"version-history":[{"count":19,"href":"https:\/\/www.lemasdunaoc.com\/en\/wp-json\/wp\/v2\/pages\/3227\/revisions"}],"predecessor-version":[{"id":4476,"href":"https:\/\/www.lemasdunaoc.com\/en\/wp-json\/wp\/v2\/pages\/3227\/revisions\/4476"}],"wp:attachment":[{"href":"https:\/\/www.lemasdunaoc.com\/en\/wp-json\/wp\/v2\/media?parent=3227"}],"curies":[{"name":"wp","href":"https:\/\/api.w.org\/{rel}","templated":true}]}}