{"id":3429,"date":"2016-10-15T12:04:37","date_gmt":"2016-10-15T12:04:37","guid":{"rendered":"http:\/\/www.lemasdunaoc.com\/?page_id=3429"},"modified":"2023-04-18T16:28:25","modified_gmt":"2023-04-18T16:28:25","slug":"l-atelier","status":"publish","type":"page","link":"https:\/\/www.lemasdunaoc.com\/en\/l-atelier\/","title":{"rendered":"L&#8217;atelier de Sandra"},"content":{"rendered":"<div class=\"wpb-content-wrapper\"><p>[vc_row][vc_column][rev_slider_vc alias=&#8221;felting&#8221;][\/vc_column][\/vc_row][vc_row][vc_column][vc_custom_heading text=&#8221;THE WORKSHOP&#8221; font_container=&#8221;tag:h1|font_size:50|text_align:center&#8221; google_fonts=&#8221;font_family:Oswald%3A300%2Cregular%2C700|font_style:300%20light%20regular%3A300%3Anormal&#8221;][vc_column_text]The main room in the house, the<b> workshop<\/b> was preserved when the renovation took place in 2001.<\/p>\n<p>Originally, it was a classroom when Le Mas du Naoc was a private school. It later became an artist\u2019s workshop for a twenty year period under the supervision of <a href=\"http:\/\/www.magdalena-grandmontagne.de\/de\/vita\">Magdalena Grandmontagne<\/a>, a German engraver and painter who took her inspiration from the large Mediterranean garden of Le Mas du Naoc and who welcomed trainees as well.<\/p>\n<p>In 2001, Sandra made it her refuge, a place from which she draws her inspiration. Now, the felting training courses take place in this room which is filled with memories.[\/vc_column_text][\/vc_column][\/vc_row][vc_row][vc_column width=&#8221;1\/3&#8243;][vc_custom_heading text=&#8221;Boutique en ligne&#8221; font_container=&#8221;tag:h2|font_size:30|text_align:center|color:%23ddbb33&#8243; google_fonts=&#8221;font_family:Oswald%3A300%2Cregular%2C700|font_style:300%20light%20regular%3A300%3Anormal&#8221; link=&#8221;url:http%3A%2F%2Fwww.lemasdunaoc.com%2Fboutique%2F|||&#8221;][vc_single_image image=&#8221;3459&#8243; img_size=&#8221;300X600&#8243; alignment=&#8221;center&#8221; onclick=&#8221;custom_link&#8221; link=&#8221;http:\/\/www.lemasdunaoc.com\/boutique&#8221;][vc_column_text]<\/p>\n<p style=\"text-align: justify;\">Le Mas du Naoc ouvrira bient\u00f4t sa boutique en ligne dans laquelle vous trouverez toutes les compositions en feutre que Sandra produit \u00e0 la main dans son atelier. Toutes les pi\u00e8ces sont uniques et peuvent \u00eatre vendues sur place ou en ligne.<\/p>\n<p>[\/vc_column_text][vc_btn title=&#8221;Acc\u00e9der \u00e0 la boutique&#8221; style=&#8221;classic&#8221; shape=&#8221;square&#8221; color=&#8221;white&#8221; align=&#8221;center&#8221; i_icon_fontawesome=&#8221;fa fa-shopping-cart&#8221; add_icon=&#8221;true&#8221; link=&#8221;url:http%3A%2F%2Fwww.lemasdunaoc.com%2Fboutique%2F|||&#8221;][\/vc_column][vc_column width=&#8221;1\/3&#8243;][vc_custom_heading text=&#8221;Felting training courses&#8221; font_container=&#8221;tag:h2|font_size:30|text_align:center|color:%23ddbb33&#8243; google_fonts=&#8221;font_family:Oswald%3A300%2Cregular%2C700|font_style:300%20light%20regular%3A300%3Anormal&#8221;][vc_single_image image=&#8221;3441&#8243; img_size=&#8221;300X600&#8243; alignment=&#8221;center&#8221;][vc_column_text]<strong>Felt, a material of its own Felted wool<\/strong><\/p>\n<p>If<strong> you are curious and creative<\/strong>, you may want to discover the ancestral technique of felting. Sandra opens her workshop to you for a two-day course to learn the felting technique through the creation of a 3-D piece.[\/vc_column_text][vc_btn title=&#8221;R\u00e9server un stage&#8221; style=&#8221;classic&#8221; shape=&#8221;square&#8221; color=&#8221;white&#8221; align=&#8221;center&#8221; i_icon_fontawesome=&#8221;fa fa-users&#8221; add_icon=&#8221;true&#8221; link=&#8221;url:http%3A%2F%2Fwww.lemasdunaoc.com%2Fstages-de-feutre%2F|||&#8221;][\/vc_column][vc_column width=&#8221;1\/3&#8243;][vc_custom_heading text=&#8221;Id\u00e9es d\u00e9co&#8221; font_container=&#8221;tag:h2|font_size:30|text_align:center|color:%23ddbb33&#8243; google_fonts=&#8221;font_family:Oswald%3A300%2Cregular%2C700|font_style:300%20light%20regular%3A300%3Anormal&#8221;][vc_single_image image=&#8221;3437&#8243; img_size=&#8221;300X600&#8243; alignment=&#8221;center&#8221;][vc_column_text]<\/p>\n<p style=\"text-align: justify;\">Les articles que propose Sandra sont vari\u00e9s et issus \u00e0 la fois de son inspiration, de ses rencontres, ses lectures, ses exp\u00e9riences, ses voyages. Sensible \u00e0 la d\u00e9coration int\u00e9rieure contemporaine, au design, au mobilier et \u00e0 l&#8217;art, elle aime partager ses d\u00e9couvertes, ses coups de coeur sur le blog d\u00e9co.<\/p>\n<p>[\/vc_column_text][vc_btn title=&#8221;Le Blog d\u00e9co&#8221; style=&#8221;classic&#8221; shape=&#8221;square&#8221; color=&#8221;white&#8221; align=&#8221;center&#8221; i_icon_fontawesome=&#8221;fa fa-lightbulb-o&#8221; add_icon=&#8221;true&#8221; link=&#8221;url:http%3A%2F%2Fwww.lemasdunaoc.com%2Fcategory%2Fdeco-design%2F|||&#8221;][\/vc_column][\/vc_row]<\/p>\n<\/div>","protected":false},"excerpt":{"rendered":"<p>[vc_row][vc_column][rev_slider_vc alias=&#8221;felting&#8221;][\/vc_column][\/vc_row][vc_row][vc_column][vc_custom_heading text=&#8221;THE WORKSHOP&#8221; font_container=&#8221;tag:h1|font_size:50|text_align:center&#8221; google_fonts=&#8221;font_family:Oswald%3A300%2Cregular%2C700|font_style:300%20light%20regular%3A300%3Anormal&#8221;][vc_column_text]The main room in the house, the workshop was preserved when the renovation took place in 2001. Originally, it was a classroom when Le Mas du&#8230;<\/p>\n","protected":false},"author":1,"featured_media":0,"parent":0,"menu_order":0,"comment_status":"closed","ping_status":"closed","template":"","meta":{"_monsterinsights_skip_tracking":false,"_monsterinsights_sitenote_active":false,"_monsterinsights_sitenote_note":"","_monsterinsights_sitenote_category":0,"footnotes":""},"class_list":["post-3429","page","type-page","status-publish","hentry"],"yoast_head":"<!-- This site is optimized with the Yoast SEO plugin v26.9 - https:\/\/yoast.com\/product\/yoast-seo-wordpress\/ -->\n<title>The work shop - guesthouse le Mas du Naoc - Cabris (06)<\/title>\n<meta name=\"description\" content=\"The workshop open for Felting training courses. Felt, a material of its own Felted wool in Le Mas du Naoc - C\u00f4te d&#039;Azur\" \/>\n<meta name=\"robots\" content=\"noindex, follow\" \/>\n<meta property=\"og:locale\" content=\"en_US\" \/>\n<meta property=\"og:type\" content=\"article\" \/>\n<meta property=\"og:title\" content=\"[:fr]L&#039;atelier de Sandra - maison d&#039;h\u00f4tes le Mas du Naoc - Cabris (06)[:en]The work shop - guesthouse le Mas du Naoc - Cabris (06)[:]\" \/>\n<meta property=\"og:description\" content=\"{:fr}L&#039;atelier de Sandra - feutri\u00e8re \u00e0 Cabris dans les Alpes Maritimes. Stages de feutre et laine feutr\u00e9e propos\u00e9s au Mas du Naoc Maison d&#039;h\u00f4tes \u00e0 Cabris - 06{:en}The workshop open for Felting training courses. Felt, a material of its own Felted wool in Le Mas du Naoc - C\u00f4te d&#039;Azur{:}\" \/>\n<meta property=\"og:url\" content=\"https:\/\/www.lemasdunaoc.com\/l-atelier\/\" \/>\n<meta property=\"og:site_name\" content=\"Le Mas du Naoc\" \/>\n<meta property=\"article:modified_time\" content=\"2023-04-18T16:28:25+00:00\" \/>\n<meta name=\"twitter:card\" content=\"summary_large_image\" \/>\n<meta name=\"twitter:label1\" content=\"Est. reading time\" \/>\n\t<meta name=\"twitter:data1\" content=\"2 minutes\" \/>\n<script type=\"application\/ld+json\" class=\"yoast-schema-graph\">{\"@context\":\"https:\/\/schema.org\",\"@graph\":[{\"@type\":\"WebPage\",\"@id\":\"https:\/\/www.lemasdunaoc.com\/l-atelier\/\",\"url\":\"https:\/\/www.lemasdunaoc.com\/l-atelier\/\",\"name\":\"[:fr]L'atelier de Sandra - maison d'h\u00f4tes le Mas du Naoc - Cabris (06)[:en]The work shop - guesthouse le Mas du Naoc - Cabris (06)[:]\",\"isPartOf\":{\"@id\":\"https:\/\/www.lemasdunaoc.com\/fr\/#website\"},\"datePublished\":\"2016-10-15T12:04:37+00:00\",\"dateModified\":\"2023-04-18T16:28:25+00:00\",\"description\":\"{:fr}L'atelier de Sandra - feutri\u00e8re \u00e0 Cabris dans les Alpes Maritimes. Stages de feutre et laine feutr\u00e9e propos\u00e9s au Mas du Naoc Maison d'h\u00f4tes \u00e0 Cabris - 06{:en}The workshop open for Felting training courses. Felt, a material of its own Felted wool in Le Mas du Naoc - C\u00f4te d'Azur{:}\",\"breadcrumb\":{\"@id\":\"https:\/\/www.lemasdunaoc.com\/l-atelier\/#breadcrumb\"},\"inLanguage\":\"en-US\",\"potentialAction\":[{\"@type\":\"ReadAction\",\"target\":[\"https:\/\/www.lemasdunaoc.com\/l-atelier\/\"]}]},{\"@type\":\"BreadcrumbList\",\"@id\":\"https:\/\/www.lemasdunaoc.com\/l-atelier\/#breadcrumb\",\"itemListElement\":[{\"@type\":\"ListItem\",\"position\":1,\"name\":\"Accueil\",\"item\":\"https:\/\/www.lemasdunaoc.com\/\"},{\"@type\":\"ListItem\",\"position\":2,\"name\":\"L&rsquo;atelier de Sandra\"}]},{\"@type\":\"WebSite\",\"@id\":\"https:\/\/www.lemasdunaoc.com\/fr\/#website\",\"url\":\"https:\/\/www.lemasdunaoc.com\/fr\/\",\"name\":\"Le Mas du Naoc\",\"description\":\"Maison d&#039;h\u00f4tes de charme\",\"publisher\":{\"@id\":\"https:\/\/www.lemasdunaoc.com\/fr\/#\/schema\/person\/ddb5d512a1a346bfaed7b410f9db7c41\"},\"potentialAction\":[{\"@type\":\"SearchAction\",\"target\":{\"@type\":\"EntryPoint\",\"urlTemplate\":\"https:\/\/www.lemasdunaoc.com\/fr\/?s={search_term_string}\"},\"query-input\":{\"@type\":\"PropertyValueSpecification\",\"valueRequired\":true,\"valueName\":\"search_term_string\"}}],\"inLanguage\":\"en-US\"},{\"@type\":[\"Person\",\"Organization\"],\"@id\":\"https:\/\/www.lemasdunaoc.com\/fr\/#\/schema\/person\/ddb5d512a1a346bfaed7b410f9db7c41\",\"name\":\"jmaingret\",\"image\":{\"@type\":\"ImageObject\",\"inLanguage\":\"en-US\",\"@id\":\"https:\/\/www.lemasdunaoc.com\/fr\/#\/schema\/person\/image\/\",\"url\":\"https:\/\/secure.gravatar.com\/avatar\/5784e2612ac089b84aad68c8b1266254636e487769c05a3c47565d323c1a6874?s=96&d=mm&r=g\",\"contentUrl\":\"https:\/\/secure.gravatar.com\/avatar\/5784e2612ac089b84aad68c8b1266254636e487769c05a3c47565d323c1a6874?s=96&d=mm&r=g\",\"caption\":\"jmaingret\"},\"logo\":{\"@id\":\"https:\/\/www.lemasdunaoc.com\/fr\/#\/schema\/person\/image\/\"}}]}<\/script>\n<!-- \/ Yoast SEO plugin. -->","yoast_head_json":{"title":"The work shop - guesthouse le Mas du Naoc - Cabris (06)","description":"The workshop open for Felting training courses. Felt, a material of its own Felted wool in Le Mas du Naoc - C\u00f4te d'Azur","robots":{"index":"noindex","follow":"follow"},"og_locale":"en_US","og_type":"article","og_title":"[:fr]L'atelier de Sandra - maison d'h\u00f4tes le Mas du Naoc - Cabris (06)[:en]The work shop - guesthouse le Mas du Naoc - Cabris (06)[:]","og_description":"{:fr}L'atelier de Sandra - feutri\u00e8re \u00e0 Cabris dans les Alpes Maritimes. Stages de feutre et laine feutr\u00e9e propos\u00e9s au Mas du Naoc Maison d'h\u00f4tes \u00e0 Cabris - 06{:en}The workshop open for Felting training courses. Felt, a material of its own Felted wool in Le Mas du Naoc - C\u00f4te d'Azur{:}","og_url":"https:\/\/www.lemasdunaoc.com\/l-atelier\/","og_site_name":"Le Mas du Naoc","article_modified_time":"2023-04-18T16:28:25+00:00","twitter_card":"summary_large_image","twitter_misc":{"Est. reading time":"2 minutes"},"schema":{"@context":"https:\/\/schema.org","@graph":[{"@type":"WebPage","@id":"https:\/\/www.lemasdunaoc.com\/l-atelier\/","url":"https:\/\/www.lemasdunaoc.com\/l-atelier\/","name":"[:fr]L'atelier de Sandra - maison d'h\u00f4tes le Mas du Naoc - Cabris (06)[:en]The work shop - guesthouse le Mas du Naoc - Cabris (06)[:]","isPartOf":{"@id":"https:\/\/www.lemasdunaoc.com\/fr\/#website"},"datePublished":"2016-10-15T12:04:37+00:00","dateModified":"2023-04-18T16:28:25+00:00","description":"{:fr}L'atelier de Sandra - feutri\u00e8re \u00e0 Cabris dans les Alpes Maritimes. Stages de feutre et laine feutr\u00e9e propos\u00e9s au Mas du Naoc Maison d'h\u00f4tes \u00e0 Cabris - 06{:en}The workshop open for Felting training courses. Felt, a material of its own Felted wool in Le Mas du Naoc - C\u00f4te d'Azur{:}","breadcrumb":{"@id":"https:\/\/www.lemasdunaoc.com\/l-atelier\/#breadcrumb"},"inLanguage":"en-US","potentialAction":[{"@type":"ReadAction","target":["https:\/\/www.lemasdunaoc.com\/l-atelier\/"]}]},{"@type":"BreadcrumbList","@id":"https:\/\/www.lemasdunaoc.com\/l-atelier\/#breadcrumb","itemListElement":[{"@type":"ListItem","position":1,"name":"Accueil","item":"https:\/\/www.lemasdunaoc.com\/"},{"@type":"ListItem","position":2,"name":"L&rsquo;atelier de Sandra"}]},{"@type":"WebSite","@id":"https:\/\/www.lemasdunaoc.com\/fr\/#website","url":"https:\/\/www.lemasdunaoc.com\/fr\/","name":"Le Mas du Naoc","description":"Maison d&#039;h\u00f4tes de charme","publisher":{"@id":"https:\/\/www.lemasdunaoc.com\/fr\/#\/schema\/person\/ddb5d512a1a346bfaed7b410f9db7c41"},"potentialAction":[{"@type":"SearchAction","target":{"@type":"EntryPoint","urlTemplate":"https:\/\/www.lemasdunaoc.com\/fr\/?s={search_term_string}"},"query-input":{"@type":"PropertyValueSpecification","valueRequired":true,"valueName":"search_term_string"}}],"inLanguage":"en-US"},{"@type":["Person","Organization"],"@id":"https:\/\/www.lemasdunaoc.com\/fr\/#\/schema\/person\/ddb5d512a1a346bfaed7b410f9db7c41","name":"jmaingret","image":{"@type":"ImageObject","inLanguage":"en-US","@id":"https:\/\/www.lemasdunaoc.com\/fr\/#\/schema\/person\/image\/","url":"https:\/\/secure.gravatar.com\/avatar\/5784e2612ac089b84aad68c8b1266254636e487769c05a3c47565d323c1a6874?s=96&d=mm&r=g","contentUrl":"https:\/\/secure.gravatar.com\/avatar\/5784e2612ac089b84aad68c8b1266254636e487769c05a3c47565d323c1a6874?s=96&d=mm&r=g","caption":"jmaingret"},"logo":{"@id":"https:\/\/www.lemasdunaoc.com\/fr\/#\/schema\/person\/image\/"}}]}},"_links":{"self":[{"href":"https:\/\/www.lemasdunaoc.com\/en\/wp-json\/wp\/v2\/pages\/3429","targetHints":{"allow":["GET"]}}],"collection":[{"href":"https:\/\/www.lemasdunaoc.com\/en\/wp-json\/wp\/v2\/pages"}],"about":[{"href":"https:\/\/www.lemasdunaoc.com\/en\/wp-json\/wp\/v2\/types\/page"}],"author":[{"embeddable":true,"href":"https:\/\/www.lemasdunaoc.com\/en\/wp-json\/wp\/v2\/users\/1"}],"replies":[{"embeddable":true,"href":"https:\/\/www.lemasdunaoc.com\/en\/wp-json\/wp\/v2\/comments?post=3429"}],"version-history":[{"count":28,"href":"https:\/\/www.lemasdunaoc.com\/en\/wp-json\/wp\/v2\/pages\/3429\/revisions"}],"predecessor-version":[{"id":4211,"href":"https:\/\/www.lemasdunaoc.com\/en\/wp-json\/wp\/v2\/pages\/3429\/revisions\/4211"}],"wp:attachment":[{"href":"https:\/\/www.lemasdunaoc.com\/en\/wp-json\/wp\/v2\/media?parent=3429"}],"curies":[{"name":"wp","href":"https:\/\/api.w.org\/{rel}","templated":true}]}}