{"id":2360,"date":"2016-08-10T13:15:01","date_gmt":"2016-08-10T13:15:01","guid":{"rendered":"http:\/\/wp.rivertheme.com\/ri-fusion\/?page_id=2360"},"modified":"2025-04-21T17:57:17","modified_gmt":"2025-04-21T17:57:17","slug":"contact-reservation","status":"publish","type":"page","link":"https:\/\/www.lemasdunaoc.com\/fr\/contact-reservation\/","title":{"rendered":"Contact-R\u00e9servation"},"content":{"rendered":"<div class=\"wpb-content-wrapper\"><p>[vc_row css=\u00a0\u00bb.vc_custom_1470834989532{margin-top: 100px !important;}\u00a0\u00bb][vc_column][vc_gmaps link=\u00a0\u00bb#E-8_JTNDaWZyYW1lJTIwc3JjJTNEJTIyaHR0cHMlM0ElMkYlMkZ3d3cuZ29vZ2xlLmNvbSUyRm1hcHMlMkZlbWJlZCUzRnBiJTNEJTIxMW0xOCUyMTFtMTIlMjExbTMlMjExZDI4NTYuNDM3OTYzMDEwNTI4JTIxMmQ2Ljg4MzA4NjQ2OTAyMTYzNyUyMTNkNDMuNjYyODk5ODc1MzkwNjglMjEybTMlMjExZjAlMjEyZjAlMjEzZjAlMjEzbTIlMjExaTEwMjQlMjEyaTc2OCUyMTRmMTMuMSUyMTNtMyUyMTFtMiUyMTFzMHgxMmNjMjVkNmY0ZDhmOGNkJTI1M0EweDE4NjUzOTg0NzFlNzU0ZWIlMjEyc0xlJTJCTWFzJTJCZHUlMkJOYW9jJTIxNWUwJTIxM20yJTIxMXNmciUyMTJzZnIlMjE0djE0NzIyNzY4NTQ4MTIlMjIlMjB3aWR0aCUzRCUyMjYwMCUyMiUyMGhlaWdodCUzRCUyMjQ1MCUyMiUyMGZyYW1lYm9yZGVyJTNEJTIyMCUyMiUyMHN0eWxlJTNEJTIyYm9yZGVyJTNBMCUyMiUyMGFsbG93ZnVsbHNjcmVlbiUzRSUzQyUyRmlmcmFtZSUzRQ==\u00a0\u00bb size=\u00a0\u00bb500&Prime;][\/vc_column][\/vc_row][vc_row css=\u00a0\u00bb.vc_custom_1470882280520{margin-top: 80px !important;margin-bottom: 0px !important;}\u00a0\u00bb][vc_column][vc_custom_heading text=\u00a0\u00bbRESERVER\u00a0\u00bb font_container=\u00a0\u00bbtag:h2|font_size:42|text_align:left|color:%23252525&Prime; use_theme_fonts=\u00a0\u00bbyes\u00a0\u00bb][vc_btn title=\u00a0\u00bbR\u00e9servez votre s\u00e9jour\u00a0\u00bb style=\u00a0\u00bbcustom\u00a0\u00bb custom_background=\u00a0\u00bb#596E4E\u00a0\u00bb custom_text=\u00a0\u00bb#FFFFFF\u00a0\u00bb align=\u00a0\u00bbcenter\u00a0\u00bb css=\u00a0\u00bb\u00a0\u00bb button_block=\u00a0\u00bbtrue\u00a0\u00bb link=\u00a0\u00bburl:https%3A%2F%2Fwww.lemasdunaoc.com%2Freservation%2F|title:R%C3%A9servation\u00a0\u00bb][\/vc_column][\/vc_row][vc_row css=\u00a0\u00bb.vc_custom_1470882280520{margin-top: 80px !important;margin-bottom: 0px !important;}\u00a0\u00bb][vc_column width=\u00a0\u00bb1\/3&Prime;][vc_custom_heading text=\u00a0\u00bbINFORMATIONS\u00a0\u00bb font_container=\u00a0\u00bbtag:h2|font_size:42|text_align:left|color:%23252525&Prime; use_theme_fonts=\u00a0\u00bbyes\u00a0\u00bb][\/vc_column][vc_column width=\u00a0\u00bb2\/3&Prime;][vc_row_inner css=\u00a0\u00bb.vc_custom_1470835256675{padding-bottom: 80px !important;}\u00a0\u00bb][vc_column_inner width=\u00a0\u00bb1\/3&Prime;][vc_custom_heading text=\u00a0\u00bbContact\u00a0\u00bb font_container=\u00a0\u00bbtag:h4|font_size:18|text_align:left|color:%23252525&Prime; use_theme_fonts=\u00a0\u00bbyes\u00a0\u00bb css=\u00a0\u00bb.vc_custom_1473602891776{border-top-width: 2px !important;padding-top: 30px !important;padding-bottom: 30px !important;border-top-color: #252525 !important;border-top-style: solid !important;}\u00a0\u00bb][\/vc_column_inner][vc_column_inner width=\u00a0\u00bb2\/3&Prime;][vc_column_text css=\u00a0\u00bb\u00a0\u00bb]Nous sommes \u00e0 votre \u00e9coute par t\u00e9l\u00e9phone si vous nous appelez entre 9h00 et\u00a0\u00a019h00. Un email trouvera toujours une r\u00e9ponse rapide \u00e0 l&rsquo;ensemble de vos questions.<\/p>\n<p>A tr\u00e8s bient\u00f4t&#8230;[\/vc_column_text][\/vc_column_inner][\/vc_row_inner][vc_row_inner css=\u00a0\u00bb.vc_custom_1470882312789{padding-bottom: 40px !important;}\u00a0\u00bb][vc_column_inner width=\u00a0\u00bb1\/3&Prime;][vc_custom_heading text=\u00a0\u00bbNOS COORDONNEES\u00a0\u00bb font_container=\u00a0\u00bbtag:h4|font_size:18|text_align:left|color:%23252525&Prime; use_theme_fonts=\u00a0\u00bbyes\u00a0\u00bb css=\u00a0\u00bb.vc_custom_1472587422825{border-top-width: 2px !important;padding-top: 30px !important;padding-bottom: 30px !important;border-top-color: #252525 !important;border-top-style: solid !important;}\u00a0\u00bb][\/vc_column_inner][vc_column_inner width=\u00a0\u00bb2\/3&Prime;][vc_column_text css=\u00a0\u00bb\u00a0\u00bb]<\/p>\n<p style=\"font-size: 13px;\"><strong>Le Mas du Naoc<\/strong><\/p>\n<p style=\"font-size: 13px;\">580 Chemin du Migrani\u00e9<\/p>\n<p style=\"font-size: 13px;\">06530 CABRIS<\/p>\n<p style=\"font-size: 13px;\">(+33)\u00a06 73 46 04 99<\/p>\n<p><a style=\"color: #494949;\" href=\"mailto:info@lemasdunaoc.com\">info@lemasdunaoc.com<\/a>[\/vc_column_text][\/vc_column_inner][\/vc_row_inner][\/vc_column][\/vc_row]<\/p>\n<\/div>","protected":false},"excerpt":{"rendered":"<p>[vc_row css=\u00a0\u00bb.vc_custom_1470834989532{margin-top: 100px !important;}\u00a0\u00bb][vc_column][vc_gmaps link=\u00a0\u00bb#E-8_JTNDaWZyYW1lJTIwc3JjJTNEJTIyaHR0cHMlM0ElMkYlMkZ3d3cuZ29vZ2xlLmNvbSUyRm1hcHMlMkZlbWJlZCUzRnBiJTNEJTIxMW0xOCUyMTFtMTIlMjExbTMlMjExZDI4NTYuNDM3OTYzMDEwNTI4JTIxMmQ2Ljg4MzA4NjQ2OTAyMTYzNyUyMTNkNDMuNjYyODk5ODc1MzkwNjglMjEybTMlMjExZjAlMjEyZjAlMjEzZjAlMjEzbTIlMjExaTEwMjQlMjEyaTc2OCUyMTRmMTMuMSUyMTNtMyUyMTFtMiUyMTFzMHgxMmNjMjVkNmY0ZDhmOGNkJTI1M0EweDE4NjUzOTg0NzFlNzU0ZWIlMjEyc0xlJTJCTWFzJTJCZHUlMkJOYW9jJTIxNWUwJTIxM20yJTIxMXNmciUyMTJzZnIlMjE0djE0NzIyNzY4NTQ4MTIlMjIlMjB3aWR0aCUzRCUyMjYwMCUyMiUyMGhlaWdodCUzRCUyMjQ1MCUyMiUyMGZyYW1lYm9yZGVyJTNEJTIyMCUyMiUyMHN0eWxlJTNEJTIyYm9yZGVyJTNBMCUyMiUyMGFsbG93ZnVsbHNjcmVlbiUzRSUzQyUyRmlmcmFtZSUzRQ==\u00a0\u00bb size=\u00a0\u00bb500&Prime;][\/vc_column][\/vc_row][vc_row css=\u00a0\u00bb.vc_custom_1470882280520{margin-top: 80px !important;margin-bottom: 0px !important;}\u00a0\u00bb][vc_column][vc_custom_heading text=\u00a0\u00bbRESERVER\u00a0\u00bb font_container=\u00a0\u00bbtag:h2|font_size:42|text_align:left|color:%23252525&Prime; use_theme_fonts=\u00a0\u00bbyes\u00a0\u00bb][vc_btn title=\u00a0\u00bbR\u00e9servez votre s\u00e9jour\u00a0\u00bb style=\u00a0\u00bbcustom\u00a0\u00bb custom_background=\u00a0\u00bb#596E4E\u00a0\u00bb custom_text=\u00a0\u00bb#FFFFFF\u00a0\u00bb align=\u00a0\u00bbcenter\u00a0\u00bb css=\u00a0\u00bb\u00a0\u00bb button_block=\u00a0\u00bbtrue\u00a0\u00bb link=\u00a0\u00bburl:https%3A%2F%2Fwww.lemasdunaoc.com%2Freservation%2F|title:R%C3%A9servation\u00a0\u00bb][\/vc_column][\/vc_row][vc_row css=\u00a0\u00bb.vc_custom_1470882280520{margin-top: 80px !important;margin-bottom: 0px !important;}\u00a0\u00bb][vc_column width=\u00a0\u00bb1\/3&Prime;][vc_custom_heading text=\u00a0\u00bbINFORMATIONS\u00a0\u00bb&#8230;<\/p>\n","protected":false},"author":1,"featured_media":0,"parent":0,"menu_order":0,"comment_status":"closed","ping_status":"closed","template":"","meta":{"_monsterinsights_skip_tracking":false,"_monsterinsights_sitenote_active":false,"_monsterinsights_sitenote_note":"","_monsterinsights_sitenote_category":0,"footnotes":""},"class_list":["post-2360","page","type-page","status-publish","hentry"],"yoast_head":"<!-- This site is optimized with the Yoast SEO plugin v26.9 - https:\/\/yoast.com\/product\/yoast-seo-wordpress\/ -->\n<title>Contact et r\u00e9servation d&#039;une chambres d&#039;h\u00f4tes au Mas du Naoc - Cabris<\/title>\n<meta name=\"description\" content=\"Contact et r\u00e9servation de votre chambre d&#039;h\u00f4te ou appartement contemporain au Mas du Naoc \u00e0 Cabris sur la C\u00f4te d&#039;Azur. Situ\u00e9 proche de Grasse, Cannes, Nice\" \/>\n<meta name=\"robots\" content=\"index, follow, max-snippet:-1, max-image-preview:large, max-video-preview:-1\" \/>\n<link rel=\"canonical\" href=\"https:\/\/www.lemasdunaoc.com\/contact-reservation\/\" \/>\n<meta property=\"og:locale\" content=\"fr_FR\" \/>\n<meta property=\"og:type\" content=\"article\" \/>\n<meta property=\"og:title\" content=\"[:fr]Contact et r\u00e9servation d&#039;une chambres d&#039;h\u00f4tes au Mas du Naoc - Cabris[:en]Contact and booking a guest house in the Mas du Naoc - Cabris[:]\" \/>\n<meta property=\"og:description\" content=\"{:fr}Contact et r\u00e9servation de votre chambre d&#039;h\u00f4te ou appartement contemporain au Mas du Naoc \u00e0 Cabris sur la C\u00f4te d&#039;Azur. Situ\u00e9 proche de Grasse, Cannes, Nice{:en}Contact and booking your guest room or apartment in the Mas du Naoc in Cabris French Riviera. All informations to book your room{:}\" \/>\n<meta property=\"og:url\" content=\"https:\/\/www.lemasdunaoc.com\/contact-reservation\/\" \/>\n<meta property=\"og:site_name\" content=\"Le Mas du Naoc\" \/>\n<meta property=\"article:modified_time\" content=\"2025-04-21T17:57:17+00:00\" \/>\n<meta name=\"twitter:card\" content=\"summary_large_image\" \/>\n<meta name=\"twitter:label1\" content=\"Dur\u00e9e de lecture estim\u00e9e\" \/>\n\t<meta name=\"twitter:data1\" content=\"1 minute\" \/>\n<script type=\"application\/ld+json\" class=\"yoast-schema-graph\">{\"@context\":\"https:\/\/schema.org\",\"@graph\":[{\"@type\":\"WebPage\",\"@id\":\"https:\/\/www.lemasdunaoc.com\/contact-reservation\/\",\"url\":\"https:\/\/www.lemasdunaoc.com\/contact-reservation\/\",\"name\":\"[:fr]Contact et r\u00e9servation d'une chambres d'h\u00f4tes au Mas du Naoc - Cabris[:en]Contact and booking a guest house in the Mas du Naoc - Cabris[:]\",\"isPartOf\":{\"@id\":\"https:\/\/www.lemasdunaoc.com\/fr\/#website\"},\"datePublished\":\"2016-08-10T13:15:01+00:00\",\"dateModified\":\"2025-04-21T17:57:17+00:00\",\"description\":\"{:fr}Contact et r\u00e9servation de votre chambre d'h\u00f4te ou appartement contemporain au Mas du Naoc \u00e0 Cabris sur la C\u00f4te d'Azur. Situ\u00e9 proche de Grasse, Cannes, Nice{:en}Contact and booking your guest room or apartment in the Mas du Naoc in Cabris French Riviera. All informations to book your room{:}\",\"breadcrumb\":{\"@id\":\"https:\/\/www.lemasdunaoc.com\/contact-reservation\/#breadcrumb\"},\"inLanguage\":\"fr-FR\",\"potentialAction\":[{\"@type\":\"ReadAction\",\"target\":[\"https:\/\/www.lemasdunaoc.com\/contact-reservation\/\"]}]},{\"@type\":\"BreadcrumbList\",\"@id\":\"https:\/\/www.lemasdunaoc.com\/contact-reservation\/#breadcrumb\",\"itemListElement\":[{\"@type\":\"ListItem\",\"position\":1,\"name\":\"Accueil\",\"item\":\"https:\/\/www.lemasdunaoc.com\/\"},{\"@type\":\"ListItem\",\"position\":2,\"name\":\"Contact-R\u00e9servation\"}]},{\"@type\":\"WebSite\",\"@id\":\"https:\/\/www.lemasdunaoc.com\/fr\/#website\",\"url\":\"https:\/\/www.lemasdunaoc.com\/fr\/\",\"name\":\"Le Mas du Naoc\",\"description\":\"Maison d&#039;h\u00f4tes de charme\",\"publisher\":{\"@id\":\"https:\/\/www.lemasdunaoc.com\/fr\/#\/schema\/person\/ddb5d512a1a346bfaed7b410f9db7c41\"},\"potentialAction\":[{\"@type\":\"SearchAction\",\"target\":{\"@type\":\"EntryPoint\",\"urlTemplate\":\"https:\/\/www.lemasdunaoc.com\/fr\/?s={search_term_string}\"},\"query-input\":{\"@type\":\"PropertyValueSpecification\",\"valueRequired\":true,\"valueName\":\"search_term_string\"}}],\"inLanguage\":\"fr-FR\"},{\"@type\":[\"Person\",\"Organization\"],\"@id\":\"https:\/\/www.lemasdunaoc.com\/fr\/#\/schema\/person\/ddb5d512a1a346bfaed7b410f9db7c41\",\"name\":\"jmaingret\",\"image\":{\"@type\":\"ImageObject\",\"inLanguage\":\"fr-FR\",\"@id\":\"https:\/\/www.lemasdunaoc.com\/fr\/#\/schema\/person\/image\/\",\"url\":\"https:\/\/secure.gravatar.com\/avatar\/5784e2612ac089b84aad68c8b1266254636e487769c05a3c47565d323c1a6874?s=96&d=mm&r=g\",\"contentUrl\":\"https:\/\/secure.gravatar.com\/avatar\/5784e2612ac089b84aad68c8b1266254636e487769c05a3c47565d323c1a6874?s=96&d=mm&r=g\",\"caption\":\"jmaingret\"},\"logo\":{\"@id\":\"https:\/\/www.lemasdunaoc.com\/fr\/#\/schema\/person\/image\/\"}}]}<\/script>\n<!-- \/ Yoast SEO plugin. -->","yoast_head_json":{"title":"Contact et r\u00e9servation d'une chambres d'h\u00f4tes au Mas du Naoc - Cabris","description":"Contact et r\u00e9servation de votre chambre d'h\u00f4te ou appartement contemporain au Mas du Naoc \u00e0 Cabris sur la C\u00f4te d'Azur. Situ\u00e9 proche de Grasse, Cannes, Nice","robots":{"index":"index","follow":"follow","max-snippet":"max-snippet:-1","max-image-preview":"max-image-preview:large","max-video-preview":"max-video-preview:-1"},"canonical":"https:\/\/www.lemasdunaoc.com\/contact-reservation\/","og_locale":"fr_FR","og_type":"article","og_title":"[:fr]Contact et r\u00e9servation d'une chambres d'h\u00f4tes au Mas du Naoc - Cabris[:en]Contact and booking a guest house in the Mas du Naoc - Cabris[:]","og_description":"{:fr}Contact et r\u00e9servation de votre chambre d'h\u00f4te ou appartement contemporain au Mas du Naoc \u00e0 Cabris sur la C\u00f4te d'Azur. Situ\u00e9 proche de Grasse, Cannes, Nice{:en}Contact and booking your guest room or apartment in the Mas du Naoc in Cabris French Riviera. All informations to book your room{:}","og_url":"https:\/\/www.lemasdunaoc.com\/contact-reservation\/","og_site_name":"Le Mas du Naoc","article_modified_time":"2025-04-21T17:57:17+00:00","twitter_card":"summary_large_image","twitter_misc":{"Dur\u00e9e de lecture estim\u00e9e":"1 minute"},"schema":{"@context":"https:\/\/schema.org","@graph":[{"@type":"WebPage","@id":"https:\/\/www.lemasdunaoc.com\/contact-reservation\/","url":"https:\/\/www.lemasdunaoc.com\/contact-reservation\/","name":"[:fr]Contact et r\u00e9servation d'une chambres d'h\u00f4tes au Mas du Naoc - Cabris[:en]Contact and booking a guest house in the Mas du Naoc - Cabris[:]","isPartOf":{"@id":"https:\/\/www.lemasdunaoc.com\/fr\/#website"},"datePublished":"2016-08-10T13:15:01+00:00","dateModified":"2025-04-21T17:57:17+00:00","description":"{:fr}Contact et r\u00e9servation de votre chambre d'h\u00f4te ou appartement contemporain au Mas du Naoc \u00e0 Cabris sur la C\u00f4te d'Azur. Situ\u00e9 proche de Grasse, Cannes, Nice{:en}Contact and booking your guest room or apartment in the Mas du Naoc in Cabris French Riviera. All informations to book your room{:}","breadcrumb":{"@id":"https:\/\/www.lemasdunaoc.com\/contact-reservation\/#breadcrumb"},"inLanguage":"fr-FR","potentialAction":[{"@type":"ReadAction","target":["https:\/\/www.lemasdunaoc.com\/contact-reservation\/"]}]},{"@type":"BreadcrumbList","@id":"https:\/\/www.lemasdunaoc.com\/contact-reservation\/#breadcrumb","itemListElement":[{"@type":"ListItem","position":1,"name":"Accueil","item":"https:\/\/www.lemasdunaoc.com\/"},{"@type":"ListItem","position":2,"name":"Contact-R\u00e9servation"}]},{"@type":"WebSite","@id":"https:\/\/www.lemasdunaoc.com\/fr\/#website","url":"https:\/\/www.lemasdunaoc.com\/fr\/","name":"Le Mas du Naoc","description":"Maison d&#039;h\u00f4tes de charme","publisher":{"@id":"https:\/\/www.lemasdunaoc.com\/fr\/#\/schema\/person\/ddb5d512a1a346bfaed7b410f9db7c41"},"potentialAction":[{"@type":"SearchAction","target":{"@type":"EntryPoint","urlTemplate":"https:\/\/www.lemasdunaoc.com\/fr\/?s={search_term_string}"},"query-input":{"@type":"PropertyValueSpecification","valueRequired":true,"valueName":"search_term_string"}}],"inLanguage":"fr-FR"},{"@type":["Person","Organization"],"@id":"https:\/\/www.lemasdunaoc.com\/fr\/#\/schema\/person\/ddb5d512a1a346bfaed7b410f9db7c41","name":"jmaingret","image":{"@type":"ImageObject","inLanguage":"fr-FR","@id":"https:\/\/www.lemasdunaoc.com\/fr\/#\/schema\/person\/image\/","url":"https:\/\/secure.gravatar.com\/avatar\/5784e2612ac089b84aad68c8b1266254636e487769c05a3c47565d323c1a6874?s=96&d=mm&r=g","contentUrl":"https:\/\/secure.gravatar.com\/avatar\/5784e2612ac089b84aad68c8b1266254636e487769c05a3c47565d323c1a6874?s=96&d=mm&r=g","caption":"jmaingret"},"logo":{"@id":"https:\/\/www.lemasdunaoc.com\/fr\/#\/schema\/person\/image\/"}}]}},"_links":{"self":[{"href":"https:\/\/www.lemasdunaoc.com\/fr\/wp-json\/wp\/v2\/pages\/2360","targetHints":{"allow":["GET"]}}],"collection":[{"href":"https:\/\/www.lemasdunaoc.com\/fr\/wp-json\/wp\/v2\/pages"}],"about":[{"href":"https:\/\/www.lemasdunaoc.com\/fr\/wp-json\/wp\/v2\/types\/page"}],"author":[{"embeddable":true,"href":"https:\/\/www.lemasdunaoc.com\/fr\/wp-json\/wp\/v2\/users\/1"}],"replies":[{"embeddable":true,"href":"https:\/\/www.lemasdunaoc.com\/fr\/wp-json\/wp\/v2\/comments?post=2360"}],"version-history":[{"count":50,"href":"https:\/\/www.lemasdunaoc.com\/fr\/wp-json\/wp\/v2\/pages\/2360\/revisions"}],"predecessor-version":[{"id":4673,"href":"https:\/\/www.lemasdunaoc.com\/fr\/wp-json\/wp\/v2\/pages\/2360\/revisions\/4673"}],"wp:attachment":[{"href":"https:\/\/www.lemasdunaoc.com\/fr\/wp-json\/wp\/v2\/media?parent=2360"}],"curies":[{"name":"wp","href":"https:\/\/api.w.org\/{rel}","templated":true}]}}