{"id":2715,"date":"2016-08-28T09:25:26","date_gmt":"2016-08-28T09:25:26","guid":{"rendered":"http:\/\/www.lemasdunaoc.com\/?page_id=2715"},"modified":"2026-03-29T08:07:47","modified_gmt":"2026-03-29T08:07:47","slug":"chambres-d-hotes-cabris","status":"publish","type":"page","link":"https:\/\/www.lemasdunaoc.com\/fr\/chambres-d-hotes-cabris\/","title":{"rendered":"Chambres d&rsquo;h\u00f4tes"},"content":{"rendered":"<div class=\"wpb-content-wrapper\"><p>[vc_row][vc_column][rev_slider_vc alias=\u00a0\u00bbfull-screen\u00a0\u00bb][\/vc_column][vc_column][vc_empty_space][\/vc_column][\/vc_row][vc_row][vc_column][vc_custom_heading text=\u00a0\u00bbCHAMBRES D&rsquo;H\u00d4TES ET SUITE \u2013 CABRIS COTE D&rsquo;AZUR\u00a0\u00bb font_container=\u00a0\u00bbtag:h1|font_size:50|text_align:center|color:%23191919&Prime; google_fonts=\u00a0\u00bbfont_family:Oswald%3A300%2Cregular%2C700|font_style:300%20light%20regular%3A300%3Anormal\u00a0\u00bb][\/vc_column][\/vc_row][vc_row][vc_column][vc_separator][\/vc_column][\/vc_row][vc_row][vc_column][vc_column_text css=\u00a0\u00bb\u00a0\u00bb]<\/p>\n<p style=\"text-align: center;\">Le Mas du Naoc \u00e0 Cabris sur la C\u00f4te d&rsquo;Azur, vous propose de dormir dans 2 chambres d\u2019h\u00f4tes pour 2 personnes et une suite pour 3. Vous pouvez profiter d\u2019une cuisine, de terrasses et de l\u2019acc\u00e8s \u00e0 la <a href=\"https:\/\/www.lemasdunaoc.com\/fr\/le-mas-du-naoc-maison-hotes-grasse\/outside\/\">piscine<\/a>\u00a0chauff\u00e9 d\u2019avril \u00e0 octobre (en fonction des conditions m\u00e9t\u00e9o)<\/p>\n<p style=\"text-align: center;\"><strong>*En juillet et ao\u00fbt les chambres sont lou\u00e9es en version appartement<\/strong><\/p>\n<p>[\/vc_column_text][\/vc_column][\/vc_row][vc_row][vc_column][vc_separator][\/vc_column][\/vc_row][vc_row gap=\u00a0\u00bb30&Prime; content_placement=\u00a0\u00bbmiddle\u00a0\u00bb][vc_column width=\u00a0\u00bb1\/2&Prime;][vc_single_image image=\u00a0\u00bb3147&Prime; img_size=\u00a0\u00bb400X600&Prime; alignment=\u00a0\u00bbcenter\u00a0\u00bb onclick=\u00a0\u00bbcustom_link\u00a0\u00bb link=\u00a0\u00bbhttp:\/\/www.lemasdunaoc.com\/chambres-d-hotes-grasse\/galerie-photos-des-chambres\/\u00a0\u00bb][vc_custom_heading text=\u00a0\u00bbGALERIE\u00a0\u00bb font_container=\u00a0\u00bbtag:h4|text_align:center|color:%23bfa77e\u00a0\u00bb google_fonts=\u00a0\u00bbfont_family:Oswald%3A300%2Cregular%2C700|font_style:300%20light%20regular%3A300%3Anormal\u00a0\u00bb link=\u00a0\u00bburl:http%3A%2F%2Fwww.lemasdunaoc.com%2Fchambres-d-hotes-grasse%2Fgalerie-photos-des-chambres%2F|||\u00a0\u00bb][\/vc_column][vc_column width=\u00a0\u00bb1\/2&Prime;][vc_custom_heading text=\u00a0\u00bbCHAMBRE D&rsquo;H\u00d4TES C\u00d4TE LAVOIR\u00a0\u00bb font_container=\u00a0\u00bbtag:h2|font_size:36|text_align:center\u00a0\u00bb google_fonts=\u00a0\u00bbfont_family:Oswald%3A300%2Cregular%2C700|font_style:300%20light%20regular%3A300%3Anormal\u00a0\u00bb][vc_column_text]<\/p>\n<p style=\"text-align: center;\">Cette chambre de 25 m\u00e8tres carr\u00e9s dispose d\u2019une salle de bain avec une grande douche \u00e0 l\u2019italienne et vous avez\u00a0acc\u00e8s \u00e0 la cuisine \u00e9quip\u00e9e et au salon partag\u00e9s avec la suite c\u00f4t\u00e9 oratoire.<\/p>\n<p style=\"text-align: center;\"><b>Equipement<\/b>\u00a0: Linge de toilette et draps\u00a0\u00ab\u00a0Society\u00a0\u00bb, Draps de bain, produits d\u2019accueil biologiques, Wifi gratuit.<\/p>\n<p>[\/vc_column_text][vc_single_image image=\u00a0\u00bb2810&Prime; img_size=\u00a0\u00bb\u00a0\u00bb alignment=\u00a0\u00bbcenter\u00a0\u00bb css_animation=\u00a0\u00bbtop-to-bottom\u00a0\u00bb][vc_column_text css=\u00a0\u00bb\u00a0\u00bb]<\/p>\n<p style=\"text-align: center;\"><strong>A partir de 170 euros<\/strong> petit d\u00e9jeuner Bio inclus (minimum de 2 nuit\u00e9es)<\/p>\n<p style=\"text-align: center;\">Petit d\u00e9jeuner vegan\/sans lactose\/sans gluten sur demande<\/p>\n<p style=\"text-align: center;\">Version appartement en Juillet et Ao\u00fbt et le reste de l\u2019ann\u00e9e sur demande<\/p>\n<p>[\/vc_column_text][vc_btn title=\u00a0\u00bbR\u00e9server cette chambre\u00a0\u00bb style=\u00a0\u00bbcustom\u00a0\u00bb custom_background=\u00a0\u00bb#596E4E\u00a0\u00bb custom_text=\u00a0\u00bb#FFFFFF\u00a0\u00bb shape=\u00a0\u00bbsquare\u00a0\u00bb align=\u00a0\u00bbcenter\u00a0\u00bb css=\u00a0\u00bb\u00a0\u00bb link=\u00a0\u00bburl:https%3A%2F%2Fwww.lemasdunaoc.com%2Freservation%2F|title:R%C3%A9servation\u00a0\u00bb][\/vc_column][\/vc_row][vc_row][vc_column][vc_separator][\/vc_column][\/vc_row][vc_row gap=\u00a0\u00bb30&Prime; content_placement=\u00a0\u00bbmiddle\u00a0\u00bb][vc_column width=\u00a0\u00bb1\/2&Prime;][vc_single_image image=\u00a0\u00bb4656&Prime; img_size=\u00a0\u00bb400X600&Prime; alignment=\u00a0\u00bbcenter\u00a0\u00bb onclick=\u00a0\u00bbcustom_link\u00a0\u00bb css=\u00a0\u00bb\u00a0\u00bb link=\u00a0\u00bbhttp:\/\/www.lemasdunaoc.com\/chambres-d-hotes-grasse\/galerie-photos-des-chambres\/\u00a0\u00bb][vc_custom_heading text=\u00a0\u00bbGALERIE\u00a0\u00bb font_container=\u00a0\u00bbtag:h4|text_align:center|color:%23bfa77e\u00a0\u00bb google_fonts=\u00a0\u00bbfont_family:Oswald%3A300%2Cregular%2C700|font_style:300%20light%20regular%3A300%3Anormal\u00a0\u00bb link=\u00a0\u00bburl:http%3A%2F%2Fwww.lemasdunaoc.com%2Fchambres-d-hotes-grasse%2Fgalerie-photos-des-chambres%2F|||\u00a0\u00bb][\/vc_column][vc_column width=\u00a0\u00bb1\/2&Prime;][vc_custom_heading text=\u00a0\u00bbCHAMBRE D&rsquo;H\u00d4TES COTE SUD\u00a0\u00bb font_container=\u00a0\u00bbtag:h2|font_size:36|text_align:center\u00a0\u00bb google_fonts=\u00a0\u00bbfont_family:Oswald%3A300%2Cregular%2C700|font_style:300%20light%20regular%3A300%3Anormal\u00a0\u00bb][vc_column_text]<\/p>\n<p style=\"text-align: center;\">Cette chambre de 20 m2 vient d\u2019\u00eatre enti\u00e8rement r\u00e9nov\u00e9e. Elle dispose d\u2019une salle de bain avec une tr\u00e8s grande douche \u00e0 l\u2019Italienne, d\u2019une cuisine priv\u00e9e et d\u2019une terrasse de 30 m2 donnant sur les collines avec une \u00e9chapp\u00e9e vers la mer.<\/p>\n<p style=\"text-align: center;\"><b>Equipements<\/b>\u00a0: Linge\u00a0\u00ab\u00a0Society\u00a0\u00bb , Drap de bain piscine et produit d\u2019accueil biologique. Acc\u00e8s WIFI gratuit.<\/p>\n<p>[\/vc_column_text][vc_single_image image=\u00a0\u00bb2810&Prime; img_size=\u00a0\u00bb\u00a0\u00bb alignment=\u00a0\u00bbcenter\u00a0\u00bb css_animation=\u00a0\u00bbtop-to-bottom\u00a0\u00bb][vc_column_text css=\u00a0\u00bb\u00a0\u00bb]<\/p>\n<p style=\"text-align: center;\"><strong>A partir de 200 euros<\/strong> (petit d\u00e9jeuner Bio inclus) (minimum de 2 nuits)<\/p>\n<p style=\"text-align: center;\">Petit d\u00e9jeuner vegan\/sans lactose\/sans gluten sur demande<\/p>\n<p style=\"text-align: center;\">En Juillet et Ao\u00fbt c\u00f4t\u00e9 sud est lou\u00e9e en version appartement<\/p>\n<p>[\/vc_column_text][vc_btn title=\u00a0\u00bbR\u00e9server cette chambre\u00a0\u00bb style=\u00a0\u00bbcustom\u00a0\u00bb custom_background=\u00a0\u00bb#596E4E\u00a0\u00bb custom_text=\u00a0\u00bb#FFFFFF\u00a0\u00bb shape=\u00a0\u00bbsquare\u00a0\u00bb align=\u00a0\u00bbcenter\u00a0\u00bb css=\u00a0\u00bb\u00a0\u00bb link=\u00a0\u00bburl:https%3A%2F%2Fwww.lemasdunaoc.com%2Freservation%2F|title:R%C3%A9servation\u00a0\u00bb][\/vc_column][\/vc_row][vc_row][vc_column][vc_separator][\/vc_column][\/vc_row][vc_row gap=\u00a0\u00bb30&Prime; content_placement=\u00a0\u00bbmiddle\u00a0\u00bb][vc_column width=\u00a0\u00bb1\/2&Prime;][vc_single_image image=\u00a0\u00bb3166&Prime; img_size=\u00a0\u00bb400X600&Prime; alignment=\u00a0\u00bbcenter\u00a0\u00bb onclick=\u00a0\u00bbcustom_link\u00a0\u00bb link=\u00a0\u00bbhttp:\/\/www.lemasdunaoc.com\/chambres-d-hotes-grasse\/galerie-photos-des-chambres\/\u00a0\u00bb][vc_custom_heading text=\u00a0\u00bbGALERIE\u00a0\u00bb font_container=\u00a0\u00bbtag:h4|text_align:center|color:%23bfa77e\u00a0\u00bb google_fonts=\u00a0\u00bbfont_family:Oswald%3A300%2Cregular%2C700|font_style:300%20light%20regular%3A300%3Anormal\u00a0\u00bb link=\u00a0\u00bburl:http%3A%2F%2Fwww.lemasdunaoc.com%2Fchambres-d-hotes-grasse%2Fgalerie-photos-des-chambres%2F|||\u00a0\u00bb][\/vc_column][vc_column width=\u00a0\u00bb1\/2&Prime;][vc_custom_heading text=\u00a0\u00bbSUITE C\u00d4TE ORATOIRE\u00a0\u00bb font_container=\u00a0\u00bbtag:h2|font_size:36|text_align:center\u00a0\u00bb google_fonts=\u00a0\u00bbfont_family:Oswald%3A300%2Cregular%2C700|font_style:300%20light%20regular%3A300%3Anormal\u00a0\u00bb][vc_column_text css=\u00a0\u00bb\u00a0\u00bb]<\/p>\n<p style=\"text-align: center;\">Suite de 45 m2 pour 2 ou 3 personnes compos\u00e9e\u00a0d\u2019une grande chambre et sa\u00a0salle de bain (grande douche \u00e0 l\u2019Italienne) avec un grand lit et d\u2019un salon attenant disposant d\u2019un lit pour une personne avec un coin toilette.<\/p>\n<p style=\"text-align: center;\">La suite c\u00f4t\u00e9 oratoire dispose d\u2019une cuisine \u00e9quip\u00e9e, d\u2019un salon et d\u2019une grande terrasse partag\u00e9e avec la chambre c\u00f4t\u00e9 lavoir.<\/p>\n<p style=\"text-align: center;\"><b>Equipements<\/b>: Linge\u00a0\u00ab\u00a0Society\u00a0\u00bb, Draps de bain,\u00a0produits d\u2019accueil biologiques<\/p>\n<p>[\/vc_column_text][vc_single_image image=\u00a0\u00bb2810&Prime; img_size=\u00a0\u00bb\u00a0\u00bb alignment=\u00a0\u00bbcenter\u00a0\u00bb css_animation=\u00a0\u00bbtop-to-bottom\u00a0\u00bb][vc_column_text css=\u00a0\u00bb\u00a0\u00bb]<\/p>\n<p style=\"text-align: center;\"><strong>A partir de 180 euros<\/strong> (petit d\u00e9jeuner Bio inclus) (minimum de 2 nuits)<\/p>\n<p style=\"text-align: center;\">Petit d\u00e9jeuner vegan\/sans lactose\/sans gluten sur demande<\/p>\n<p style=\"text-align: center;\"><strong>Version appartement en Juillet et Ao\u00fbt et le reste de l\u2019ann\u00e9e sur demande<\/strong><\/p>\n<p>[\/vc_column_text][vc_btn title=\u00a0\u00bbR\u00e9server cette suite\u00a0\u00bb style=\u00a0\u00bbcustom\u00a0\u00bb custom_background=\u00a0\u00bb#596E4E\u00a0\u00bb custom_text=\u00a0\u00bb#FFFFFF\u00a0\u00bb shape=\u00a0\u00bbsquare\u00a0\u00bb align=\u00a0\u00bbcenter\u00a0\u00bb css=\u00a0\u00bb\u00a0\u00bb link=\u00a0\u00bburl:https%3A%2F%2Fwww.lemasdunaoc.com%2Freservation%2F|title:R%C3%A9servation\u00a0\u00bb][\/vc_column][\/vc_row][vc_row][vc_column][vc_separator][vc_column_text]<\/p>\n<p style=\"text-align: center;\">Nos chambres d\u2019h\u00f4tes sont non fumeurs. Pour des raisons de s\u00e9curit\u00e9, les enfants seront obligatoirement accompagn\u00e9s par leurs parents et sous leur responsabilit\u00e9 \u00e0 la piscine.<\/p>\n<p style=\"text-align: center;\">Nos chambres d\u2019h\u00f4tes se d\u00e9finissent comme un lieu de calme et de s\u00e9r\u00e9nit\u00e9 de jour comme de nuit\u2026Acc\u00e8s libre au jardin et au\u00a0<a href=\"https:\/\/www.lemasdunaoc.com\/le-mas-maison-d-hotes-grasse\/outside\/\">bassin de nage chauff\u00e9<\/a>\u00a0(de mi avril \u00e0 mi octobre selon conditions m\u00e9t\u00e9o)<\/p>\n<p>[\/vc_column_text][\/vc_column][\/vc_row][vc_row][vc_column][vc_separator][\/vc_column][\/vc_row][vc_row][vc_column width=\u00a0\u00bb1\/2&Prime;][vc_custom_heading text=\u00a0\u00bbPOUR VOTRE CONFORT\u00a0\u00bb font_container=\u00a0\u00bbtag:h2|font_size:45|text_align:center\u00a0\u00bb google_fonts=\u00a0\u00bbfont_family:Oswald%3A300%2Cregular%2C700|font_style:400%20regular%3A400%3Anormal\u00a0\u00bb][vc_column_text]<\/p>\n<p class=\"p1\"><span class=\"s1\">Cuisine \u00e9quip\u00e9e \u00e0 votre disposition partag\u00e9e avec la suite c\u00f4t\u00e9 Oratoire\u00a0:<\/span><\/p>\n<ul class=\"ul1\">\n<li class=\"li1\"><span class=\"s1\">Machine \u00e0 laver<\/span><\/li>\n<li class=\"li1\"><span class=\"s1\">Machine Nespresso<\/span><\/li>\n<li>Base Harman Kardon<\/li>\n<li class=\"li1\"><span class=\"s1\">Acc\u00e8s gratuit au WIFI<\/span><\/li>\n<li class=\"li1\"><span class=\"s1\">Bouilloire, grille pain<\/span><\/li>\n<li class=\"li1\"><span class=\"s1\">R\u00e9frig\u00e9rateur<\/span><\/li>\n<li class=\"li1\"><span class=\"s1\">Plaques gaz<\/span><\/li>\n<li class=\"li1\"><span class=\"s1\">Parking gratuit<\/span><\/li>\n<\/ul>\n<p><a href=\"http:\/\/www.lemasdunaoc.com\/wp-content\/uploads\/2019\/04\/images.png\">\u00a0 \u00a0 \u00a0 \u00a0<img loading=\"lazy\" decoding=\"async\" class=\"alignnone wp-image-3865\" src=\"http:\/\/www.lemasdunaoc.com\/wp-content\/uploads\/2019\/04\/images.png\" alt=\"\" width=\"58\" height=\"58\" \/><\/a>[\/vc_column_text][\/vc_column][vc_column width=\u00a0\u00bb1\/2&Prime;][vc_custom_heading text=\u00a0\u00bbPOUR TOUTE RESERVATION\u00a0\u00bb font_container=\u00a0\u00bbtag:h2|font_size:45|text_align:center\u00a0\u00bb google_fonts=\u00a0\u00bbfont_family:Oswald%3A300%2Cregular%2C700|font_style:400%20regular%3A400%3Anormal\u00a0\u00bb][vc_column_text css=\u00a0\u00bb\u00a0\u00bb]<\/p>\n<p class=\"p2\"><span class=\"s1\">En cas de s\u00e9jour \u00e9court\u00e9, le prix correspondant au co\u00fbt\u00a0 du s\u00e9jour reste int\u00e9gralement acquis au propri\u00e9taire<\/span><\/p>\n<p>\u2022 50% du prix du s\u00e9jour encaiss\u00e9s \u00e0 la r\u00e9servation<\/p>\n<p>\u2022 les 50% restant seront encaiss\u00e9s 7 jours avant le check in.<\/p>\n<p>Taxe de s\u00e9jour applicable : 1,10 \u20ac par personne et par nuit<\/p>\n<p class=\"p2\"><span class=\"s1\">Les arriv\u00e9es se font strictement entre 16 heures et 19 heures 30<\/span><\/p>\n<p class=\"p2\"><span class=\"s1\">Les d\u00e9parts se font avant 11h00<\/span><\/p>\n<p>[\/vc_column_text][\/vc_column][\/vc_row][vc_row][vc_column][vc_single_image image=\u00a0\u00bb2885&Prime; img_size=\u00a0\u00bbfull\u00a0\u00bb][\/vc_column][\/vc_row]<\/p>\n<\/div>","protected":false},"excerpt":{"rendered":"<p>[vc_row][vc_column][rev_slider_vc alias=\u00a0\u00bbfull-screen\u00a0\u00bb][\/vc_column][vc_column][vc_empty_space][\/vc_column][\/vc_row][vc_row][vc_column][vc_custom_heading text=\u00a0\u00bbCHAMBRES D&rsquo;H\u00d4TES ET SUITE \u2013 CABRIS COTE D&rsquo;AZUR\u00a0\u00bb font_container=\u00a0\u00bbtag:h1|font_size:50|text_align:center|color:%23191919&Prime; google_fonts=\u00a0\u00bbfont_family:Oswald%3A300%2Cregular%2C700|font_style:300%20light%20regular%3A300%3Anormal\u00a0\u00bb][\/vc_column][\/vc_row][vc_row][vc_column][vc_separator][\/vc_column][\/vc_row][vc_row][vc_column][vc_column_text css=\u00a0\u00bb\u00a0\u00bb] Le Mas du Naoc \u00e0 Cabris sur la C\u00f4te d&rsquo;Azur, vous propose de dormir dans 2 chambres d\u2019h\u00f4tes&#8230;<\/p>\n","protected":false},"author":1,"featured_media":0,"parent":0,"menu_order":0,"comment_status":"closed","ping_status":"closed","template":"","meta":{"_monsterinsights_skip_tracking":false,"_monsterinsights_sitenote_active":false,"_monsterinsights_sitenote_note":"","_monsterinsights_sitenote_category":0,"footnotes":""},"class_list":["post-2715","page","type-page","status-publish","hentry"],"yoast_head":"<!-- This site is optimized with the Yoast SEO plugin v26.9 - https:\/\/yoast.com\/product\/yoast-seo-wordpress\/ -->\n<title>Chambres d&#039;hotes de charme \u00e0 Cabris proche Grasse C\u00f4te d&#039;Azur<\/title>\n<meta name=\"description\" content=\"Chambres d&#039;h\u00f4tes et suite de charme et design sur la C\u00f4te d&#039;Azur \u00e0 Cabris proche de Grasse, Cannes, Antibes and Nice. Piscine chauff\u00e9e.\" \/>\n<meta name=\"robots\" content=\"index, follow, max-snippet:-1, max-image-preview:large, max-video-preview:-1\" \/>\n<link rel=\"canonical\" href=\"https:\/\/www.lemasdunaoc.com\/chambres-d-hotes-cabris\/\" \/>\n<meta property=\"og:locale\" content=\"fr_FR\" \/>\n<meta property=\"og:type\" content=\"article\" \/>\n<meta property=\"og:title\" content=\"[:fr]Chambres d&#039;hotes de charme \u00e0 Cabris proche Grasse C\u00f4te d&#039;Azur[:en]Guest rooms and suite The Mas du Naoc in Cabris very near from Grasse Cannes Nice[:]\" \/>\n<meta property=\"og:description\" content=\"{:fr}Chambres d&#039;h\u00f4tes et suite de charme et design sur la C\u00f4te d&#039;Azur \u00e0 Cabris proche de Grasse, Cannes, Antibes and Nice. Piscine chauff\u00e9e.{:en}Guest rooms and suite with contemporean and design rooms in the village of Cabris French Riviera 3 km from Grasse Cannes, Antibes and Nice.{:}\" \/>\n<meta property=\"og:url\" content=\"https:\/\/www.lemasdunaoc.com\/chambres-d-hotes-cabris\/\" \/>\n<meta property=\"og:site_name\" content=\"Le Mas du Naoc\" \/>\n<meta property=\"article:modified_time\" content=\"2026-03-29T08:07:47+00:00\" \/>\n<meta property=\"og:image\" content=\"http:\/\/www.lemasdunaoc.com\/wp-content\/uploads\/2019\/04\/images.png\" \/>\n<meta name=\"twitter:card\" content=\"summary_large_image\" \/>\n<meta name=\"twitter:label1\" content=\"Dur\u00e9e de lecture estim\u00e9e\" \/>\n\t<meta name=\"twitter:data1\" content=\"5 minutes\" \/>\n<script type=\"application\/ld+json\" class=\"yoast-schema-graph\">{\"@context\":\"https:\/\/schema.org\",\"@graph\":[{\"@type\":\"WebPage\",\"@id\":\"https:\/\/www.lemasdunaoc.com\/chambres-d-hotes-cabris\/\",\"url\":\"https:\/\/www.lemasdunaoc.com\/chambres-d-hotes-cabris\/\",\"name\":\"[:fr]Chambres d'hotes de charme \u00e0 Cabris proche Grasse C\u00f4te d'Azur[:en]Guest rooms and suite The Mas du Naoc in Cabris very near from Grasse Cannes Nice[:]\",\"isPartOf\":{\"@id\":\"https:\/\/www.lemasdunaoc.com\/fr\/#website\"},\"primaryImageOfPage\":{\"@id\":\"https:\/\/www.lemasdunaoc.com\/chambres-d-hotes-cabris\/#primaryimage\"},\"image\":{\"@id\":\"https:\/\/www.lemasdunaoc.com\/chambres-d-hotes-cabris\/#primaryimage\"},\"thumbnailUrl\":\"http:\/\/www.lemasdunaoc.com\/wp-content\/uploads\/2019\/04\/images.png\",\"datePublished\":\"2016-08-28T09:25:26+00:00\",\"dateModified\":\"2026-03-29T08:07:47+00:00\",\"description\":\"{:fr}Chambres d'h\u00f4tes et suite de charme et design sur la C\u00f4te d'Azur \u00e0 Cabris proche de Grasse, Cannes, Antibes and Nice. Piscine chauff\u00e9e.{:en}Guest rooms and suite with contemporean and design rooms in the village of Cabris French Riviera 3 km from Grasse Cannes, Antibes and Nice.{:}\",\"breadcrumb\":{\"@id\":\"https:\/\/www.lemasdunaoc.com\/chambres-d-hotes-cabris\/#breadcrumb\"},\"inLanguage\":\"fr-FR\",\"potentialAction\":[{\"@type\":\"ReadAction\",\"target\":[\"https:\/\/www.lemasdunaoc.com\/chambres-d-hotes-cabris\/\"]}]},{\"@type\":\"ImageObject\",\"inLanguage\":\"fr-FR\",\"@id\":\"https:\/\/www.lemasdunaoc.com\/chambres-d-hotes-cabris\/#primaryimage\",\"url\":\"http:\/\/www.lemasdunaoc.com\/wp-content\/uploads\/2019\/04\/images.png\",\"contentUrl\":\"http:\/\/www.lemasdunaoc.com\/wp-content\/uploads\/2019\/04\/images.png\"},{\"@type\":\"BreadcrumbList\",\"@id\":\"https:\/\/www.lemasdunaoc.com\/chambres-d-hotes-cabris\/#breadcrumb\",\"itemListElement\":[{\"@type\":\"ListItem\",\"position\":1,\"name\":\"Accueil\",\"item\":\"https:\/\/www.lemasdunaoc.com\/\"},{\"@type\":\"ListItem\",\"position\":2,\"name\":\"Chambres d&rsquo;h\u00f4tes\"}]},{\"@type\":\"WebSite\",\"@id\":\"https:\/\/www.lemasdunaoc.com\/fr\/#website\",\"url\":\"https:\/\/www.lemasdunaoc.com\/fr\/\",\"name\":\"Le Mas du Naoc\",\"description\":\"Maison d&#039;h\u00f4tes de charme\",\"publisher\":{\"@id\":\"https:\/\/www.lemasdunaoc.com\/fr\/#\/schema\/person\/ddb5d512a1a346bfaed7b410f9db7c41\"},\"potentialAction\":[{\"@type\":\"SearchAction\",\"target\":{\"@type\":\"EntryPoint\",\"urlTemplate\":\"https:\/\/www.lemasdunaoc.com\/fr\/?s={search_term_string}\"},\"query-input\":{\"@type\":\"PropertyValueSpecification\",\"valueRequired\":true,\"valueName\":\"search_term_string\"}}],\"inLanguage\":\"fr-FR\"},{\"@type\":[\"Person\",\"Organization\"],\"@id\":\"https:\/\/www.lemasdunaoc.com\/fr\/#\/schema\/person\/ddb5d512a1a346bfaed7b410f9db7c41\",\"name\":\"jmaingret\",\"image\":{\"@type\":\"ImageObject\",\"inLanguage\":\"fr-FR\",\"@id\":\"https:\/\/www.lemasdunaoc.com\/fr\/#\/schema\/person\/image\/\",\"url\":\"https:\/\/secure.gravatar.com\/avatar\/5784e2612ac089b84aad68c8b1266254636e487769c05a3c47565d323c1a6874?s=96&d=mm&r=g\",\"contentUrl\":\"https:\/\/secure.gravatar.com\/avatar\/5784e2612ac089b84aad68c8b1266254636e487769c05a3c47565d323c1a6874?s=96&d=mm&r=g\",\"caption\":\"jmaingret\"},\"logo\":{\"@id\":\"https:\/\/www.lemasdunaoc.com\/fr\/#\/schema\/person\/image\/\"}}]}<\/script>\n<!-- \/ Yoast SEO plugin. -->","yoast_head_json":{"title":"Chambres d'hotes de charme \u00e0 Cabris proche Grasse C\u00f4te d'Azur","description":"Chambres d'h\u00f4tes et suite de charme et design sur la C\u00f4te d'Azur \u00e0 Cabris proche de Grasse, Cannes, Antibes and Nice. Piscine chauff\u00e9e.","robots":{"index":"index","follow":"follow","max-snippet":"max-snippet:-1","max-image-preview":"max-image-preview:large","max-video-preview":"max-video-preview:-1"},"canonical":"https:\/\/www.lemasdunaoc.com\/chambres-d-hotes-cabris\/","og_locale":"fr_FR","og_type":"article","og_title":"[:fr]Chambres d'hotes de charme \u00e0 Cabris proche Grasse C\u00f4te d'Azur[:en]Guest rooms and suite The Mas du Naoc in Cabris very near from Grasse Cannes Nice[:]","og_description":"{:fr}Chambres d'h\u00f4tes et suite de charme et design sur la C\u00f4te d'Azur \u00e0 Cabris proche de Grasse, Cannes, Antibes and Nice. Piscine chauff\u00e9e.{:en}Guest rooms and suite with contemporean and design rooms in the village of Cabris French Riviera 3 km from Grasse Cannes, Antibes and Nice.{:}","og_url":"https:\/\/www.lemasdunaoc.com\/chambres-d-hotes-cabris\/","og_site_name":"Le Mas du Naoc","article_modified_time":"2026-03-29T08:07:47+00:00","og_image":[{"url":"http:\/\/www.lemasdunaoc.com\/wp-content\/uploads\/2019\/04\/images.png","type":"","width":"","height":""}],"twitter_card":"summary_large_image","twitter_misc":{"Dur\u00e9e de lecture estim\u00e9e":"5 minutes"},"schema":{"@context":"https:\/\/schema.org","@graph":[{"@type":"WebPage","@id":"https:\/\/www.lemasdunaoc.com\/chambres-d-hotes-cabris\/","url":"https:\/\/www.lemasdunaoc.com\/chambres-d-hotes-cabris\/","name":"[:fr]Chambres d'hotes de charme \u00e0 Cabris proche Grasse C\u00f4te d'Azur[:en]Guest rooms and suite The Mas du Naoc in Cabris very near from Grasse Cannes Nice[:]","isPartOf":{"@id":"https:\/\/www.lemasdunaoc.com\/fr\/#website"},"primaryImageOfPage":{"@id":"https:\/\/www.lemasdunaoc.com\/chambres-d-hotes-cabris\/#primaryimage"},"image":{"@id":"https:\/\/www.lemasdunaoc.com\/chambres-d-hotes-cabris\/#primaryimage"},"thumbnailUrl":"http:\/\/www.lemasdunaoc.com\/wp-content\/uploads\/2019\/04\/images.png","datePublished":"2016-08-28T09:25:26+00:00","dateModified":"2026-03-29T08:07:47+00:00","description":"{:fr}Chambres d'h\u00f4tes et suite de charme et design sur la C\u00f4te d'Azur \u00e0 Cabris proche de Grasse, Cannes, Antibes and Nice. Piscine chauff\u00e9e.{:en}Guest rooms and suite with contemporean and design rooms in the village of Cabris French Riviera 3 km from Grasse Cannes, Antibes and Nice.{:}","breadcrumb":{"@id":"https:\/\/www.lemasdunaoc.com\/chambres-d-hotes-cabris\/#breadcrumb"},"inLanguage":"fr-FR","potentialAction":[{"@type":"ReadAction","target":["https:\/\/www.lemasdunaoc.com\/chambres-d-hotes-cabris\/"]}]},{"@type":"ImageObject","inLanguage":"fr-FR","@id":"https:\/\/www.lemasdunaoc.com\/chambres-d-hotes-cabris\/#primaryimage","url":"http:\/\/www.lemasdunaoc.com\/wp-content\/uploads\/2019\/04\/images.png","contentUrl":"http:\/\/www.lemasdunaoc.com\/wp-content\/uploads\/2019\/04\/images.png"},{"@type":"BreadcrumbList","@id":"https:\/\/www.lemasdunaoc.com\/chambres-d-hotes-cabris\/#breadcrumb","itemListElement":[{"@type":"ListItem","position":1,"name":"Accueil","item":"https:\/\/www.lemasdunaoc.com\/"},{"@type":"ListItem","position":2,"name":"Chambres d&rsquo;h\u00f4tes"}]},{"@type":"WebSite","@id":"https:\/\/www.lemasdunaoc.com\/fr\/#website","url":"https:\/\/www.lemasdunaoc.com\/fr\/","name":"Le Mas du Naoc","description":"Maison d&#039;h\u00f4tes de charme","publisher":{"@id":"https:\/\/www.lemasdunaoc.com\/fr\/#\/schema\/person\/ddb5d512a1a346bfaed7b410f9db7c41"},"potentialAction":[{"@type":"SearchAction","target":{"@type":"EntryPoint","urlTemplate":"https:\/\/www.lemasdunaoc.com\/fr\/?s={search_term_string}"},"query-input":{"@type":"PropertyValueSpecification","valueRequired":true,"valueName":"search_term_string"}}],"inLanguage":"fr-FR"},{"@type":["Person","Organization"],"@id":"https:\/\/www.lemasdunaoc.com\/fr\/#\/schema\/person\/ddb5d512a1a346bfaed7b410f9db7c41","name":"jmaingret","image":{"@type":"ImageObject","inLanguage":"fr-FR","@id":"https:\/\/www.lemasdunaoc.com\/fr\/#\/schema\/person\/image\/","url":"https:\/\/secure.gravatar.com\/avatar\/5784e2612ac089b84aad68c8b1266254636e487769c05a3c47565d323c1a6874?s=96&d=mm&r=g","contentUrl":"https:\/\/secure.gravatar.com\/avatar\/5784e2612ac089b84aad68c8b1266254636e487769c05a3c47565d323c1a6874?s=96&d=mm&r=g","caption":"jmaingret"},"logo":{"@id":"https:\/\/www.lemasdunaoc.com\/fr\/#\/schema\/person\/image\/"}}]}},"_links":{"self":[{"href":"https:\/\/www.lemasdunaoc.com\/fr\/wp-json\/wp\/v2\/pages\/2715","targetHints":{"allow":["GET"]}}],"collection":[{"href":"https:\/\/www.lemasdunaoc.com\/fr\/wp-json\/wp\/v2\/pages"}],"about":[{"href":"https:\/\/www.lemasdunaoc.com\/fr\/wp-json\/wp\/v2\/types\/page"}],"author":[{"embeddable":true,"href":"https:\/\/www.lemasdunaoc.com\/fr\/wp-json\/wp\/v2\/users\/1"}],"replies":[{"embeddable":true,"href":"https:\/\/www.lemasdunaoc.com\/fr\/wp-json\/wp\/v2\/comments?post=2715"}],"version-history":[{"count":181,"href":"https:\/\/www.lemasdunaoc.com\/fr\/wp-json\/wp\/v2\/pages\/2715\/revisions"}],"predecessor-version":[{"id":4736,"href":"https:\/\/www.lemasdunaoc.com\/fr\/wp-json\/wp\/v2\/pages\/2715\/revisions\/4736"}],"wp:attachment":[{"href":"https:\/\/www.lemasdunaoc.com\/fr\/wp-json\/wp\/v2\/media?parent=2715"}],"curies":[{"name":"wp","href":"https:\/\/api.w.org\/{rel}","templated":true}]}}