{"id":2763,"date":"2016-08-29T19:22:34","date_gmt":"2016-08-29T19:22:34","guid":{"rendered":"http:\/\/www.lemasdunaoc.com\/?page_id=2763"},"modified":"2025-11-14T08:50:51","modified_gmt":"2025-11-14T08:50:51","slug":"appartements-de-charme-cote-d-azur","status":"publish","type":"page","link":"https:\/\/www.lemasdunaoc.com\/fr\/appartements-de-charme-cote-d-azur\/","title":{"rendered":"Les appartements"},"content":{"rendered":"<div class=\"wpb-content-wrapper\"><p>[vc_row][vc_column][rev_slider_vc alias=\u00a0\u00bbappartements\u00a0\u00bb][\/vc_column][vc_column][vc_empty_space][\/vc_column][\/vc_row][vc_row][vc_column][vc_custom_heading text=\u00a0\u00bbUN APPARTEMENT COMME A LA MAISON &#8211; CABRIS &#8211; C\u00f4te d&rsquo;Azur\u00a0\u00bb font_container=\u00a0\u00bbtag:h1|font_size:50|text_align:center|color:%23191919&Prime; google_fonts=\u00a0\u00bbfont_family:Oswald%3A300%2Cregular%2C700|font_style:300%20light%20regular%3A300%3Anormal\u00a0\u00bb][\/vc_column][\/vc_row][vc_row][vc_column][vc_separator][\/vc_column][\/vc_row][vc_row][vc_column][vc_column_text]<\/p>\n<p style=\"text-align: center;\">Le Mas du Naoc vous propose un appartement pour 5 personnes et un autre pour 2 personnes. Chaque appartement dispose d&rsquo;une cuisine \u00e9quip\u00e9e, d&rsquo;une terrasse et d&rsquo;un acc\u00e8s \u00e0 la piscine.<\/p>\n<p>[\/vc_column_text][\/vc_column][\/vc_row][vc_row][vc_column][vc_separator][\/vc_column][\/vc_row][vc_row gap=\u00a0\u00bb30&Prime; content_placement=\u00a0\u00bbmiddle\u00a0\u00bb][vc_column width=\u00a0\u00bb1\/2&Prime;][vc_single_image image=\u00a0\u00bb4055&Prime; img_size=\u00a0\u00bb400X600&Prime; alignment=\u00a0\u00bbcenter\u00a0\u00bb onclick=\u00a0\u00bbcustom_link\u00a0\u00bb link=\u00a0\u00bbhttp:\/\/www.lemasdunaoc.com\/photos-des-appartements\/\u00a0\u00bb][vc_custom_heading text=\u00a0\u00bbGALERIE\u00a0\u00bb font_container=\u00a0\u00bbtag:h4|text_align:center|color:%23bfa77e\u00a0\u00bb google_fonts=\u00a0\u00bbfont_family:Oswald%3A300%2Cregular%2C700|font_style:300%20light%20regular%3A300%3Anormal\u00a0\u00bb link=\u00a0\u00bburl:http%3A%2F%2Fwww.lemasdunaoc.com%2Fphotos-des-appartements%2F|||\u00a0\u00bb][\/vc_column][vc_column width=\u00a0\u00bb1\/2&Prime;][vc_custom_heading text=\u00a0\u00bbL&rsquo;ADN\u00a0\u00bb font_container=\u00a0\u00bbtag:h2|font_size:36|text_align:center\u00a0\u00bb google_fonts=\u00a0\u00bbfont_family:Oswald%3A300%2Cregular%2C700|font_style:300%20light%20regular%3A300%3Anormal\u00a0\u00bb][vc_column_text]<\/p>\n<p style=\"text-align: center;\">Appartement de 110 m\u00e8tres carr\u00e9s comprenant 3 chambres pour 5 personnes avec 2 salles de douche \u00e0 l&rsquo;italienne, cuisine \u00e9quip\u00e9e, salon et terrasse priv\u00e9e. Le petit d\u00e9jeuner n&rsquo;est pas compris dans la version appartement.<\/p>\n<p style=\"text-align: center;\"><b>Equipement<\/b><\/p>\n<p style=\"text-align: center;\">Machine \u00e0 laver &#8211; Lave vaisselle &#8211; Plancha &#8211; Po\u00eale \u00e0 bois<\/p>\n<p style=\"text-align: center;\">Plaques de cuisson au gaz &#8211; Bouilloire &#8211; Machine \u00e0 caf\u00e9 Nespresso &#8211; Grille pain<\/p>\n<p>[\/vc_column_text][vc_single_image image=\u00a0\u00bb2810&Prime; img_size=\u00a0\u00bb\u00a0\u00bb alignment=\u00a0\u00bbcenter\u00a0\u00bb css_animation=\u00a0\u00bbtop-to-bottom\u00a0\u00bb][vc_column_text css=\u00a0\u00bb\u00a0\u00bb]<\/p>\n<p style=\"text-align: center;\"><strong>A partir de 315 euros par nuit<\/strong><\/p>\n<p>[\/vc_column_text][vc_btn title=\u00a0\u00bbR\u00e9servez votre s\u00e9jour\u00a0\u00bb style=\u00a0\u00bbcustom\u00a0\u00bb custom_background=\u00a0\u00bb#596E4E\u00a0\u00bb custom_text=\u00a0\u00bb#FFFFFF\u00a0\u00bb shape=\u00a0\u00bbsquare\u00a0\u00bb align=\u00a0\u00bbcenter\u00a0\u00bb css=\u00a0\u00bb\u00a0\u00bb link=\u00a0\u00bburl:https%3A%2F%2Fwww.lemasdunaoc.com%2Freservation%2F|title:R%C3%A9servation\u00a0\u00bb][\/vc_column][\/vc_row][vc_row][vc_column][vc_separator][\/vc_column][\/vc_row][vc_row gap=\u00a0\u00bb30&Prime; content_placement=\u00a0\u00bbmiddle\u00a0\u00bb][vc_column width=\u00a0\u00bb1\/2&Prime;][vc_single_image image=\u00a0\u00bb2873&Prime; img_size=\u00a0\u00bb400X600&Prime; alignment=\u00a0\u00bbcenter\u00a0\u00bb onclick=\u00a0\u00bbcustom_link\u00a0\u00bb link=\u00a0\u00bbhttp:\/\/www.lemasdunaoc.com\/photos-des-appartements\/\u00a0\u00bb][vc_custom_heading text=\u00a0\u00bbGALERIE\u00a0\u00bb font_container=\u00a0\u00bbtag:h4|text_align:center|color:%23bfa77e\u00a0\u00bb google_fonts=\u00a0\u00bbfont_family:Oswald%3A300%2Cregular%2C700|font_style:300%20light%20regular%3A300%3Anormal\u00a0\u00bb link=\u00a0\u00bburl:http%3A%2F%2Fwww.lemasdunaoc.com%2Fphotos-des-appartements%2F|||\u00a0\u00bb][\/vc_column][vc_column width=\u00a0\u00bb1\/2&Prime;][vc_custom_heading text=\u00a0\u00bbAPPARTEMENT COTE SUD\u00a0\u00bb font_container=\u00a0\u00bbtag:h2|font_size:36|text_align:center\u00a0\u00bb google_fonts=\u00a0\u00bbfont_family:Oswald%3A300%2Cregular%2C700|font_style:300%20light%20regular%3A300%3Anormal\u00a0\u00bb][vc_column_text]<\/p>\n<p style=\"text-align: center;\">Appartement de 20 m\u00e8tres carr\u00e9s avec grande salle de douche \u00e0 l&rsquo;italienne, cuisine \u00e9quip\u00e9e et grande terrasse priv\u00e9e avec vue sur la mer et les collines. Le petit d\u00e9jeuner n&rsquo;est pas inclus dans la version appartement.<\/p>\n<p style=\"text-align: center;\"><b>Equipement<\/b><\/p>\n<p style=\"text-align: center;\">Machine \u00e0 laver &#8211; Plaques de cuisson au gaz &#8211; four micro-ondes<\/p>\n<p style=\"text-align: center;\">Machine \u00e0 caf\u00e9 Nespresso &#8211; Grille pain<\/p>\n<p>[\/vc_column_text][vc_single_image image=\u00a0\u00bb2810&Prime; img_size=\u00a0\u00bb\u00a0\u00bb alignment=\u00a0\u00bbcenter\u00a0\u00bb css_animation=\u00a0\u00bbtop-to-bottom\u00a0\u00bb][vc_column_text css=\u00a0\u00bb\u00a0\u00bb]<\/p>\n<p style=\"text-align: center;\"><strong>A partir de 175 euros par nuit<\/strong><\/p>\n<p>[\/vc_column_text][vc_btn title=\u00a0\u00bbR\u00e9servez votre s\u00e9jour\u00a0\u00bb style=\u00a0\u00bbcustom\u00a0\u00bb custom_background=\u00a0\u00bb#596E4E\u00a0\u00bb custom_text=\u00a0\u00bb#FFFFFF\u00a0\u00bb shape=\u00a0\u00bbsquare\u00a0\u00bb align=\u00a0\u00bbcenter\u00a0\u00bb css=\u00a0\u00bb\u00a0\u00bb link=\u00a0\u00bburl:https%3A%2F%2Fwww.lemasdunaoc.com%2Freservation%2F|title:R%C3%A9servation\u00a0\u00bb][\/vc_column][\/vc_row][vc_row][vc_column][vc_separator][\/vc_column][\/vc_row][vc_row][vc_column width=\u00a0\u00bb1\/2&Prime;][vc_custom_heading text=\u00a0\u00bbPOUR VOTRE CONFORT\u00a0\u00bb font_container=\u00a0\u00bbtag:h2|font_size:45|text_align:center\u00a0\u00bb google_fonts=\u00a0\u00bbfont_family:Oswald%3A300%2Cregular%2C700|font_style:400%20regular%3A400%3Anormal\u00a0\u00bb][vc_column_text css=\u00a0\u00bb\u00a0\u00bb]<b><span class=\"s1\"><strong>Nos appartements sont non fumeur<\/strong>s.<\/span><\/b><\/p>\n<ul class=\"ul1\">\n<li class=\"li1\"><span class=\"s1\">Acc\u00e8s gratuit au WIFI<\/span><\/li>\n<li class=\"li1\"><span class=\"s1\">R\u00e9frig\u00e9rateur<\/span><\/li>\n<li class=\"li1\"><span class=\"s1\">Plaques gaz<\/span><\/li>\n<li class=\"li1\"><span class=\"s1\">Parking gratuit<\/span><\/li>\n<\/ul>\n<p>&nbsp;<\/p>\n<p class=\"p1\" style=\"text-align: center;\"><span class=\"s1\">Le Mas du Naoc se d\u00e9finit comme un lieu de calme et de s\u00e9r\u00e9nit\u00e9 de jour comme de nuit\u2026Acc\u00e8s libre au jardin et au <a href=\"https:\/\/www.lemasdunaoc.com\/le-mas-maison-d-hotes-grasse\/outside\/\"><span class=\"s2\">bassin de nage chauff\u00e9<\/span><\/a>\u00a0(de mi avril \u00e0 mi octobre selon conditions m\u00e9t\u00e9o)<\/span><\/p>\n<p><a href=\"http:\/\/www.lemasdunaoc.com\/wp-content\/uploads\/2019\/04\/images.png\">\u00a0 \u00a0 \u00a0 \u00a0<img loading=\"lazy\" decoding=\"async\" class=\"alignnone wp-image-3865\" src=\"http:\/\/www.lemasdunaoc.com\/wp-content\/uploads\/2019\/04\/images.png\" alt=\"\" width=\"58\" height=\"58\" \/><\/a>[\/vc_column_text][\/vc_column][vc_column width=\u00a0\u00bb1\/2&Prime;][vc_custom_heading text=\u00a0\u00bbPOUR TOUTES RESERVATIONS\u00a0\u00bb font_container=\u00a0\u00bbtag:h2|font_size:45|text_align:center\u00a0\u00bb google_fonts=\u00a0\u00bbfont_family:Oswald%3A300%2Cregular%2C700|font_style:400%20regular%3A400%3Anormal\u00a0\u00bb][vc_column_text css=\u00a0\u00bb\u00a0\u00bb]\u2022 50% du prix du s\u00e9jour encaiss\u00e9s \u00e0 la r\u00e9servation<\/p>\n<p>\u2022 les 50% restant seront encaiss\u00e9s 7 jours avant le check in.<\/p>\n<p class=\"p2\"><span class=\"s1\">En cas de s\u00e9jour \u00e9court\u00e9, le prix correspondant au co\u00fbt\u00a0 du s\u00e9jour reste int\u00e9gralement acquis au propri\u00e9taire<\/span><\/p>\n<p class=\"p2\"><span class=\"s1\">Le paiement du solde est \u00e0 verser \u00e0 votre arriv\u00e9e.<\/span><\/p>\n<p>Taxe de s\u00e9jour applicable = 1,10 \u20ac par personne et par nuit<\/p>\n<p class=\"p2\"><strong><span class=\"s1\">Les arriv\u00e9es se font strictement entre 16 heures et 19 heures 30<\/span><\/strong><\/p>\n<p class=\"p2\"><strong><span class=\"s1\">Les d\u00e9parts se font avant 10h00<\/span><\/strong><\/p>\n<p>[\/vc_column_text][\/vc_column][\/vc_row][vc_row][vc_column][vc_single_image image=\u00a0\u00bb2885&Prime; img_size=\u00a0\u00bbfull\u00a0\u00bb][\/vc_column][\/vc_row]<\/p>\n<\/div>","protected":false},"excerpt":{"rendered":"<p>[vc_row][vc_column][rev_slider_vc alias=\u00a0\u00bbappartements\u00a0\u00bb][\/vc_column][vc_column][vc_empty_space][\/vc_column][\/vc_row][vc_row][vc_column][vc_custom_heading text=\u00a0\u00bbUN APPARTEMENT COMME A LA MAISON &#8211; CABRIS &#8211; C\u00f4te d&rsquo;Azur\u00a0\u00bb font_container=\u00a0\u00bbtag:h1|font_size:50|text_align:center|color:%23191919&Prime; google_fonts=\u00a0\u00bbfont_family:Oswald%3A300%2Cregular%2C700|font_style:300%20light%20regular%3A300%3Anormal\u00a0\u00bb][\/vc_column][\/vc_row][vc_row][vc_column][vc_separator][\/vc_column][\/vc_row][vc_row][vc_column][vc_column_text] Le Mas du Naoc vous propose un appartement pour 5 personnes et un autre pour 2&#8230;<\/p>\n","protected":false},"author":1,"featured_media":0,"parent":0,"menu_order":0,"comment_status":"closed","ping_status":"closed","template":"","meta":{"_monsterinsights_skip_tracking":false,"_monsterinsights_sitenote_active":false,"_monsterinsights_sitenote_note":"","_monsterinsights_sitenote_category":0,"footnotes":""},"class_list":["post-2763","page","type-page","status-publish","hentry"],"yoast_head":"<!-- This site is optimized with the Yoast SEO plugin v26.9 - https:\/\/yoast.com\/product\/yoast-seo-wordpress\/ -->\n<title>Appartements d&#039;h\u00f4tes du Mas du Naoc \u00e0 Cabris proche de Grasse<\/title>\n<meta name=\"description\" content=\"Appartements contemporains - location saisonni\u00e8re au Mas du Naoc \u00e0 Cabris. Louez un appartement pour 2 \u00e0 5 personnes dans un ancien mas proven\u00e7al Cabris\" \/>\n<meta name=\"robots\" content=\"index, follow, max-snippet:-1, max-image-preview:large, max-video-preview:-1\" \/>\n<link rel=\"canonical\" href=\"https:\/\/www.lemasdunaoc.com\/appartements-de-charme-cote-d-azur\/\" \/>\n<meta property=\"og:locale\" content=\"fr_FR\" \/>\n<meta property=\"og:type\" content=\"article\" \/>\n<meta property=\"og:title\" content=\"[:fr]Appartements d&#039;h\u00f4tes du Mas du Naoc \u00e0 Cabris proche de Grasse[:en]Apartments in The Mas du Naoc near Grasse Nice and Cannes[:]\" \/>\n<meta property=\"og:description\" content=\"{:fr}Appartements contemporains - location saisonni\u00e8re au Mas du Naoc \u00e0 Cabris. Louez un appartement pour 2 \u00e0 5 personnes dans un ancien mas proven\u00e7al Cabris{:en}Apartments in Cabris French Riviera. ADN for 5 people and C\u00f4t\u00e9 sud for 2 people. access to the swimming pool. Accommodation near Grasse Cannes and Nice.{:}\" \/>\n<meta property=\"og:url\" content=\"https:\/\/www.lemasdunaoc.com\/appartements-de-charme-cote-d-azur\/\" \/>\n<meta property=\"og:site_name\" content=\"Le Mas du Naoc\" \/>\n<meta property=\"article:modified_time\" content=\"2025-11-14T08:50:51+00:00\" \/>\n<meta property=\"og:image\" content=\"http:\/\/www.lemasdunaoc.com\/wp-content\/uploads\/2019\/04\/images.png\" \/>\n<meta name=\"twitter:card\" content=\"summary_large_image\" \/>\n<meta name=\"twitter:label1\" content=\"Dur\u00e9e de lecture estim\u00e9e\" \/>\n\t<meta name=\"twitter:data1\" content=\"3 minutes\" \/>\n<script type=\"application\/ld+json\" class=\"yoast-schema-graph\">{\"@context\":\"https:\/\/schema.org\",\"@graph\":[{\"@type\":\"WebPage\",\"@id\":\"https:\/\/www.lemasdunaoc.com\/appartements-de-charme-cote-d-azur\/\",\"url\":\"https:\/\/www.lemasdunaoc.com\/appartements-de-charme-cote-d-azur\/\",\"name\":\"[:fr]Appartements d'h\u00f4tes du Mas du Naoc \u00e0 Cabris proche de Grasse[:en]Apartments in The Mas du Naoc near Grasse Nice and Cannes[:]\",\"isPartOf\":{\"@id\":\"https:\/\/www.lemasdunaoc.com\/fr\/#website\"},\"primaryImageOfPage\":{\"@id\":\"https:\/\/www.lemasdunaoc.com\/appartements-de-charme-cote-d-azur\/#primaryimage\"},\"image\":{\"@id\":\"https:\/\/www.lemasdunaoc.com\/appartements-de-charme-cote-d-azur\/#primaryimage\"},\"thumbnailUrl\":\"http:\/\/www.lemasdunaoc.com\/wp-content\/uploads\/2019\/04\/images.png\",\"datePublished\":\"2016-08-29T19:22:34+00:00\",\"dateModified\":\"2025-11-14T08:50:51+00:00\",\"description\":\"{:fr}Appartements contemporains - location saisonni\u00e8re au Mas du Naoc \u00e0 Cabris. Louez un appartement pour 2 \u00e0 5 personnes dans un ancien mas proven\u00e7al Cabris{:en}Apartments in Cabris French Riviera. ADN for 5 people and C\u00f4t\u00e9 sud for 2 people. access to the swimming pool. Accommodation near Grasse Cannes and Nice.{:}\",\"breadcrumb\":{\"@id\":\"https:\/\/www.lemasdunaoc.com\/appartements-de-charme-cote-d-azur\/#breadcrumb\"},\"inLanguage\":\"fr-FR\",\"potentialAction\":[{\"@type\":\"ReadAction\",\"target\":[\"https:\/\/www.lemasdunaoc.com\/appartements-de-charme-cote-d-azur\/\"]}]},{\"@type\":\"ImageObject\",\"inLanguage\":\"fr-FR\",\"@id\":\"https:\/\/www.lemasdunaoc.com\/appartements-de-charme-cote-d-azur\/#primaryimage\",\"url\":\"http:\/\/www.lemasdunaoc.com\/wp-content\/uploads\/2019\/04\/images.png\",\"contentUrl\":\"http:\/\/www.lemasdunaoc.com\/wp-content\/uploads\/2019\/04\/images.png\"},{\"@type\":\"BreadcrumbList\",\"@id\":\"https:\/\/www.lemasdunaoc.com\/appartements-de-charme-cote-d-azur\/#breadcrumb\",\"itemListElement\":[{\"@type\":\"ListItem\",\"position\":1,\"name\":\"Accueil\",\"item\":\"https:\/\/www.lemasdunaoc.com\/\"},{\"@type\":\"ListItem\",\"position\":2,\"name\":\"apartments\"}]},{\"@type\":\"WebSite\",\"@id\":\"https:\/\/www.lemasdunaoc.com\/fr\/#website\",\"url\":\"https:\/\/www.lemasdunaoc.com\/fr\/\",\"name\":\"Le Mas du Naoc\",\"description\":\"Maison d&#039;h\u00f4tes de charme\",\"publisher\":{\"@id\":\"https:\/\/www.lemasdunaoc.com\/fr\/#\/schema\/person\/ddb5d512a1a346bfaed7b410f9db7c41\"},\"potentialAction\":[{\"@type\":\"SearchAction\",\"target\":{\"@type\":\"EntryPoint\",\"urlTemplate\":\"https:\/\/www.lemasdunaoc.com\/fr\/?s={search_term_string}\"},\"query-input\":{\"@type\":\"PropertyValueSpecification\",\"valueRequired\":true,\"valueName\":\"search_term_string\"}}],\"inLanguage\":\"fr-FR\"},{\"@type\":[\"Person\",\"Organization\"],\"@id\":\"https:\/\/www.lemasdunaoc.com\/fr\/#\/schema\/person\/ddb5d512a1a346bfaed7b410f9db7c41\",\"name\":\"jmaingret\",\"image\":{\"@type\":\"ImageObject\",\"inLanguage\":\"fr-FR\",\"@id\":\"https:\/\/www.lemasdunaoc.com\/fr\/#\/schema\/person\/image\/\",\"url\":\"https:\/\/secure.gravatar.com\/avatar\/5784e2612ac089b84aad68c8b1266254636e487769c05a3c47565d323c1a6874?s=96&d=mm&r=g\",\"contentUrl\":\"https:\/\/secure.gravatar.com\/avatar\/5784e2612ac089b84aad68c8b1266254636e487769c05a3c47565d323c1a6874?s=96&d=mm&r=g\",\"caption\":\"jmaingret\"},\"logo\":{\"@id\":\"https:\/\/www.lemasdunaoc.com\/fr\/#\/schema\/person\/image\/\"}}]}<\/script>\n<!-- \/ Yoast SEO plugin. -->","yoast_head_json":{"title":"Appartements d'h\u00f4tes du Mas du Naoc \u00e0 Cabris proche de Grasse","description":"Appartements contemporains - location saisonni\u00e8re au Mas du Naoc \u00e0 Cabris. Louez un appartement pour 2 \u00e0 5 personnes dans un ancien mas proven\u00e7al Cabris","robots":{"index":"index","follow":"follow","max-snippet":"max-snippet:-1","max-image-preview":"max-image-preview:large","max-video-preview":"max-video-preview:-1"},"canonical":"https:\/\/www.lemasdunaoc.com\/appartements-de-charme-cote-d-azur\/","og_locale":"fr_FR","og_type":"article","og_title":"[:fr]Appartements d'h\u00f4tes du Mas du Naoc \u00e0 Cabris proche de Grasse[:en]Apartments in The Mas du Naoc near Grasse Nice and Cannes[:]","og_description":"{:fr}Appartements contemporains - location saisonni\u00e8re au Mas du Naoc \u00e0 Cabris. Louez un appartement pour 2 \u00e0 5 personnes dans un ancien mas proven\u00e7al Cabris{:en}Apartments in Cabris French Riviera. ADN for 5 people and C\u00f4t\u00e9 sud for 2 people. access to the swimming pool. Accommodation near Grasse Cannes and Nice.{:}","og_url":"https:\/\/www.lemasdunaoc.com\/appartements-de-charme-cote-d-azur\/","og_site_name":"Le Mas du Naoc","article_modified_time":"2025-11-14T08:50:51+00:00","og_image":[{"url":"http:\/\/www.lemasdunaoc.com\/wp-content\/uploads\/2019\/04\/images.png","type":"","width":"","height":""}],"twitter_card":"summary_large_image","twitter_misc":{"Dur\u00e9e de lecture estim\u00e9e":"3 minutes"},"schema":{"@context":"https:\/\/schema.org","@graph":[{"@type":"WebPage","@id":"https:\/\/www.lemasdunaoc.com\/appartements-de-charme-cote-d-azur\/","url":"https:\/\/www.lemasdunaoc.com\/appartements-de-charme-cote-d-azur\/","name":"[:fr]Appartements d'h\u00f4tes du Mas du Naoc \u00e0 Cabris proche de Grasse[:en]Apartments in The Mas du Naoc near Grasse Nice and Cannes[:]","isPartOf":{"@id":"https:\/\/www.lemasdunaoc.com\/fr\/#website"},"primaryImageOfPage":{"@id":"https:\/\/www.lemasdunaoc.com\/appartements-de-charme-cote-d-azur\/#primaryimage"},"image":{"@id":"https:\/\/www.lemasdunaoc.com\/appartements-de-charme-cote-d-azur\/#primaryimage"},"thumbnailUrl":"http:\/\/www.lemasdunaoc.com\/wp-content\/uploads\/2019\/04\/images.png","datePublished":"2016-08-29T19:22:34+00:00","dateModified":"2025-11-14T08:50:51+00:00","description":"{:fr}Appartements contemporains - location saisonni\u00e8re au Mas du Naoc \u00e0 Cabris. Louez un appartement pour 2 \u00e0 5 personnes dans un ancien mas proven\u00e7al Cabris{:en}Apartments in Cabris French Riviera. ADN for 5 people and C\u00f4t\u00e9 sud for 2 people. access to the swimming pool. Accommodation near Grasse Cannes and Nice.{:}","breadcrumb":{"@id":"https:\/\/www.lemasdunaoc.com\/appartements-de-charme-cote-d-azur\/#breadcrumb"},"inLanguage":"fr-FR","potentialAction":[{"@type":"ReadAction","target":["https:\/\/www.lemasdunaoc.com\/appartements-de-charme-cote-d-azur\/"]}]},{"@type":"ImageObject","inLanguage":"fr-FR","@id":"https:\/\/www.lemasdunaoc.com\/appartements-de-charme-cote-d-azur\/#primaryimage","url":"http:\/\/www.lemasdunaoc.com\/wp-content\/uploads\/2019\/04\/images.png","contentUrl":"http:\/\/www.lemasdunaoc.com\/wp-content\/uploads\/2019\/04\/images.png"},{"@type":"BreadcrumbList","@id":"https:\/\/www.lemasdunaoc.com\/appartements-de-charme-cote-d-azur\/#breadcrumb","itemListElement":[{"@type":"ListItem","position":1,"name":"Accueil","item":"https:\/\/www.lemasdunaoc.com\/"},{"@type":"ListItem","position":2,"name":"apartments"}]},{"@type":"WebSite","@id":"https:\/\/www.lemasdunaoc.com\/fr\/#website","url":"https:\/\/www.lemasdunaoc.com\/fr\/","name":"Le Mas du Naoc","description":"Maison d&#039;h\u00f4tes de charme","publisher":{"@id":"https:\/\/www.lemasdunaoc.com\/fr\/#\/schema\/person\/ddb5d512a1a346bfaed7b410f9db7c41"},"potentialAction":[{"@type":"SearchAction","target":{"@type":"EntryPoint","urlTemplate":"https:\/\/www.lemasdunaoc.com\/fr\/?s={search_term_string}"},"query-input":{"@type":"PropertyValueSpecification","valueRequired":true,"valueName":"search_term_string"}}],"inLanguage":"fr-FR"},{"@type":["Person","Organization"],"@id":"https:\/\/www.lemasdunaoc.com\/fr\/#\/schema\/person\/ddb5d512a1a346bfaed7b410f9db7c41","name":"jmaingret","image":{"@type":"ImageObject","inLanguage":"fr-FR","@id":"https:\/\/www.lemasdunaoc.com\/fr\/#\/schema\/person\/image\/","url":"https:\/\/secure.gravatar.com\/avatar\/5784e2612ac089b84aad68c8b1266254636e487769c05a3c47565d323c1a6874?s=96&d=mm&r=g","contentUrl":"https:\/\/secure.gravatar.com\/avatar\/5784e2612ac089b84aad68c8b1266254636e487769c05a3c47565d323c1a6874?s=96&d=mm&r=g","caption":"jmaingret"},"logo":{"@id":"https:\/\/www.lemasdunaoc.com\/fr\/#\/schema\/person\/image\/"}}]}},"_links":{"self":[{"href":"https:\/\/www.lemasdunaoc.com\/fr\/wp-json\/wp\/v2\/pages\/2763","targetHints":{"allow":["GET"]}}],"collection":[{"href":"https:\/\/www.lemasdunaoc.com\/fr\/wp-json\/wp\/v2\/pages"}],"about":[{"href":"https:\/\/www.lemasdunaoc.com\/fr\/wp-json\/wp\/v2\/types\/page"}],"author":[{"embeddable":true,"href":"https:\/\/www.lemasdunaoc.com\/fr\/wp-json\/wp\/v2\/users\/1"}],"replies":[{"embeddable":true,"href":"https:\/\/www.lemasdunaoc.com\/fr\/wp-json\/wp\/v2\/comments?post=2763"}],"version-history":[{"count":85,"href":"https:\/\/www.lemasdunaoc.com\/fr\/wp-json\/wp\/v2\/pages\/2763\/revisions"}],"predecessor-version":[{"id":4729,"href":"https:\/\/www.lemasdunaoc.com\/fr\/wp-json\/wp\/v2\/pages\/2763\/revisions\/4729"}],"wp:attachment":[{"href":"https:\/\/www.lemasdunaoc.com\/fr\/wp-json\/wp\/v2\/media?parent=2763"}],"curies":[{"name":"wp","href":"https:\/\/api.w.org\/{rel}","templated":true}]}}