{"id":3227,"date":"2016-09-24T18:03:36","date_gmt":"2016-09-24T18:03:36","guid":{"rendered":"http:\/\/www.lemasdunaoc.com\/?page_id=3227"},"modified":"2024-02-07T17:18:22","modified_gmt":"2024-02-07T17:18:22","slug":"a-deux-pas","status":"publish","type":"page","link":"https:\/\/www.lemasdunaoc.com\/fr\/a-deux-pas\/","title":{"rendered":"A deux pas du mas"},"content":{"rendered":"<div class=\"wpb-content-wrapper\"><p>[vc_row][vc_column][vc_single_image image=\u00a0\u00bb4438&Prime; img_size=\u00a0\u00bb1200&#215;400&Prime; alignment=\u00a0\u00bbcenter\u00a0\u00bb][vc_custom_heading text=\u00a0\u00bbA deux pas du Mas du Naoc\u00a0\u00bb font_container=\u00a0\u00bbtag:h2|font_size:36|text_align:center\u00a0\u00bb google_fonts=\u00a0\u00bbfont_family:Oswald%3A300%2Cregular%2C700|font_style:300%20light%20regular%3A300%3Anormal\u00a0\u00bb][vc_column_text]<\/p>\n<p style=\"text-align: center;\">Situ\u00e9 \u00e0 mi chemin entre la C\u00f4te d&rsquo;Azur et l&rsquo;arri\u00e8re pays des Alpes Maritimes, le Mas du Naoc est le pied \u00e0 terre id\u00e9al pour partir \u00e0 la d\u00e9couverte des villages proven\u00e7aux si r\u00e9put\u00e9s de la French Riviera, des c\u00e9l\u00e8bres villes de Nice, Cannes, Antibes et Grasse.<\/p>\n<p>[\/vc_column_text][\/vc_column][\/vc_row][vc_row][vc_column][vc_column_text]Proche du Mas du Naoc, vous pourrez pratiquer tous les sports nature d&rsquo;\u00e9t\u00e9 (VTT, escalade, parapente, randonn\u00e9e, vol \u00e0 voile, windsurf ou kite surf, golf&#8230;) et d&rsquo;hiver (ski alpin, ski nordique, ski de randonn\u00e9e&#8230;).<\/p>\n<p>C&rsquo;est aussi un lieu privil\u00e9gi\u00e9 pour d\u00e9couvrir la nature de l&rsquo;arri\u00e8re pays Grassois et la culture foisonnante sur la c\u00f4te (mus\u00e9e F.Leger, mus\u00e9e Picasso, Renoir, Matisse, le MAMAC&#8230;).<\/p>\n<p>&nbsp;<\/p>\n<p>Install\u00e9s depuis de nombreuses ann\u00e9es, nous connaissons bien la r\u00e9gion et pourrons partager avec vous nos meilleures <a href=\"http:\/\/www.lemasdunaoc.com\/randonnee_tour_du_grand_capelet\/\">randonn\u00e9es<\/a> et d\u00e9couvertes. Les amoureux de nature d\u00e9couvriront l&rsquo;arri\u00e8re pays Grassois avec ses Gorges du Loup, le plateau de Caussol, les gorges de la Siagne, le Baou de Saint Jeannet pour l&rsquo;escalade&#8230;<\/p>\n<p>A deux pas de la maison, nous saurons vous conseiller une s\u00e9lection de nos meilleures adresses secr\u00e8tes de restaurants.<\/p>\n<p>Les villages perch\u00e9s qui nous entourent sont tous plus beaux les uns que les autres. Cabris, Gourdon ou encore Tourrettes sur Loup sont d&rsquo;authentiques villages proven\u00e7aux, villages m\u00e9di\u00e9vaux charg\u00e9s d&rsquo;histoire, souvent empreints de qui\u00e9tude, ils offrent g\u00e9n\u00e9ralement les plus beaux points de vue sur la C\u00f4te d&rsquo;Azur.<\/p>\n<p>Si vous pr\u00e9f\u00e9rez la vie des villes du sud, Nice vous r\u00e9serve de jolies surprises. En tout cas, c&rsquo;est notre pr\u00e9f\u00e9r\u00e9e.\u00a0L&rsquo;Italie y est bien pr\u00e9sente, la douceur de vivre, ses fa\u00e7ades color\u00e9es, ces odeurs de cuisine ni\u00e7oise appellent au farniente et \u00e0 la promenade. Ses soir\u00e9es d&rsquo;\u00e9t\u00e9, ses festivals..tout est fait pour vous accueillir et vous faire passer d&rsquo;excellentes soir\u00e9es.<\/p>\n<p>Les Alpes Maritimes offrent tout cela \u00e0 la fois, elles sont une mosa\u00efque d&rsquo;activit\u00e9s multiples.<\/p>\n<h3>Vous trouverez quelques uns des plus beaux parcours de golf de France<\/h3>\n<figure id=\"attachment_4441\" aria-describedby=\"caption-attachment-4441\" style=\"width: 1230px\" class=\"wp-caption alignnone\"><a href=\"https:\/\/www.lemasdunaoc.com\/wp-content\/uploads\/2023\/04\/golf-taulane.jpg\"><img loading=\"lazy\" decoding=\"async\" class=\"wp-image-4441 size-full\" src=\"https:\/\/www.lemasdunaoc.com\/wp-content\/uploads\/2023\/04\/golf-taulane.jpg\" alt=\"\" width=\"1230\" height=\"381\" srcset=\"https:\/\/www.lemasdunaoc.com\/wp-content\/uploads\/2023\/04\/golf-taulane.jpg 1230w, https:\/\/www.lemasdunaoc.com\/wp-content\/uploads\/2023\/04\/golf-taulane-300x93.jpg 300w, https:\/\/www.lemasdunaoc.com\/wp-content\/uploads\/2023\/04\/golf-taulane-1024x317.jpg 1024w, https:\/\/www.lemasdunaoc.com\/wp-content\/uploads\/2023\/04\/golf-taulane-768x238.jpg 768w\" sizes=\"auto, (max-width: 1230px) 100vw, 1230px\" \/><\/a><figcaption id=\"caption-attachment-4441\" class=\"wp-caption-text\">Domaine du Ch\u00e2teau de Taulane, La Martre (83)<\/figcaption><\/figure>\n<p>Golf de <a href=\"http:\/\/www.terre-blanche.com\/parcours-golf.html-0\" target=\"_blank\" rel=\"noopener noreferrer\">Terre Blanche<\/a><\/p>\n<p>Golf du <a href=\"http:\/\/www.chateau-taulane.com\/fr\/le-golf.php\" target=\"_blank\" rel=\"noopener noreferrer\">Ch\u00e2teau de Taulane<\/a><\/p>\n<p>Golf de <a href=\"http:\/\/golfsaintdonat.com\" target=\"_blank\" rel=\"noopener noreferrer\">Saint Donat<\/a><\/p>\n<p>Golf du <a href=\"http:\/\/www.claux-amic.com\" target=\"_blank\" rel=\"noopener noreferrer\">Claux Amic<\/a> (\u00e0 3 minutes de la maison&#8230;)<\/p>\n<p>&#8230;<\/p>\n<p>&nbsp;<\/p>\n<h3>Evadez vous dans les stations de ski des pr\u00e9alpes et du Mercantour<\/h3>\n<p>&nbsp;<\/p>\n<p>Station de<a href=\"http:\/\/www.greolieres.fr\" target=\"_blank\" rel=\"noopener noreferrer\"> Gr\u00e9oli\u00e8re les neiges <\/a>(35 minutes du Mas du Naoc)<\/p>\n<p>Station de <a href=\"http:\/\/audibergue.fr\/audibergue.htm\" target=\"_blank\" rel=\"noopener noreferrer\">l&rsquo;Audibergue\u00a0\u00a0<\/a>(25 minutes du Mas du Naoc)<\/p>\n<p>Station de <a href=\"http:\/\/www.valberg.com\" target=\"_blank\" rel=\"noopener noreferrer\">Varberg<\/a>\u00a0\u00a0(1H30\u00a0du Mas du Naoc)<\/p>\n<p>Station d&rsquo;<a href=\"http:\/\/www.auron.com\" target=\"_blank\" rel=\"noopener noreferrer\">Auron<\/a>\u00a0(1H30\u00a0du Mas du Naoc)<\/p>\n<p>Station d&rsquo;<a href=\"http:\/\/www.isola2000.com\" target=\"_blank\" rel=\"noopener noreferrer\">Isola 2000\u00a0<\/a>(1H30\u00a0du Mas du Naoc)<\/p>\n<p>&nbsp;<\/p>\n<h3>Randonn\u00e9es p\u00e9destres, ski de randonn\u00e9e, VTT, cyclisme&#8230;<\/h3>\n<p>D\u00e9couvrez tous les circuits sur le site du Conseil G\u00e9n\u00e9ral des Alpes Maritimes :<\/p>\n<p><a href=\"https:\/\/www.departement06.fr\/alpes-maritimes-a-velo\/itineraires-vtt-1948.html\" target=\"_blank\" rel=\"noopener noreferrer\">VTT<\/a><\/p>\n<p><a href=\"https:\/\/www.departement06.fr\/au-naturel\/les-guides-randoxygene-2517.html\" target=\"_blank\" rel=\"noopener noreferrer\">Randonn\u00e9es p\u00e9destre<\/a>s<\/p>\n<p><a href=\"https:\/\/fr.calameo.com\/read\/00033464488428da525d4\">Randonn\u00e9es cyclo<\/a><\/p>\n<p><a href=\"https:\/\/fr.calameo.com\/read\/000334644d858dbc5b656\">Boucles cyclo touristiques<\/a><\/p>\n<p>Toute l&rsquo;information sur le site du <a href=\"https:\/\/www.departement06.fr\" target=\"_blank\" rel=\"noopener noreferrer\">Conseil G\u00e9n\u00e9ral<\/a>[\/vc_column_text][\/vc_column][\/vc_row]<\/p>\n<\/div>","protected":false},"excerpt":{"rendered":"<p>[vc_row][vc_column][vc_single_image image=\u00a0\u00bb4438&Prime; img_size=\u00a0\u00bb1200&#215;400&Prime; alignment=\u00a0\u00bbcenter\u00a0\u00bb][vc_custom_heading text=\u00a0\u00bbA deux pas du Mas du Naoc\u00a0\u00bb font_container=\u00a0\u00bbtag:h2|font_size:36|text_align:center\u00a0\u00bb google_fonts=\u00a0\u00bbfont_family:Oswald%3A300%2Cregular%2C700|font_style:300%20light%20regular%3A300%3Anormal\u00a0\u00bb][vc_column_text] Situ\u00e9 \u00e0 mi chemin entre la C\u00f4te d&rsquo;Azur et l&rsquo;arri\u00e8re pays des Alpes Maritimes, le Mas du Naoc&#8230;<\/p>\n","protected":false},"author":1,"featured_media":0,"parent":0,"menu_order":0,"comment_status":"closed","ping_status":"closed","template":"","meta":{"_monsterinsights_skip_tracking":false,"_monsterinsights_sitenote_active":false,"_monsterinsights_sitenote_note":"","_monsterinsights_sitenote_category":0,"footnotes":""},"class_list":["post-3227","page","type-page","status-publish","hentry"],"yoast_head":"<!-- This site is optimized with the Yoast SEO plugin v26.9 - https:\/\/yoast.com\/product\/yoast-seo-wordpress\/ -->\n<title>A deux pas de la maison, d\u00e9couvrez l&#039;arri\u00e8re pays Grassois<\/title>\n<meta name=\"description\" content=\"A deux pas de la maison, le Mas du Naoc entre c\u00f4te d&#039;azur et arri\u00e8re pays Grassois, vous d\u00e9couvrirez sa nature, sa culture, ses randonn\u00e9es, ses march\u00e9s...\" \/>\n<meta name=\"robots\" content=\"index, follow, max-snippet:-1, max-image-preview:large, max-video-preview:-1\" \/>\n<link rel=\"canonical\" href=\"https:\/\/www.lemasdunaoc.com\/a-deux-pas\/\" \/>\n<meta property=\"og:locale\" content=\"fr_FR\" \/>\n<meta property=\"og:type\" content=\"article\" \/>\n<meta property=\"og:title\" content=\"A deux pas de la maison, d\u00e9couvrez l&#039;arri\u00e8re pays Grassois\" \/>\n<meta property=\"og:description\" content=\"A deux pas de la maison, le Mas du Naoc entre c\u00f4te d&#039;azur et arri\u00e8re pays Grassois, vous d\u00e9couvrirez sa nature, sa culture, ses randonn\u00e9es, ses march\u00e9s...\" \/>\n<meta property=\"og:url\" content=\"https:\/\/www.lemasdunaoc.com\/a-deux-pas\/\" \/>\n<meta property=\"og:site_name\" content=\"Le Mas du Naoc\" \/>\n<meta property=\"article:modified_time\" content=\"2024-02-07T17:18:22+00:00\" \/>\n<meta name=\"twitter:card\" content=\"summary_large_image\" \/>\n<meta name=\"twitter:label1\" content=\"Dur\u00e9e de lecture estim\u00e9e\" \/>\n\t<meta name=\"twitter:data1\" content=\"2 minutes\" \/>\n<script type=\"application\/ld+json\" class=\"yoast-schema-graph\">{\"@context\":\"https:\/\/schema.org\",\"@graph\":[{\"@type\":\"WebPage\",\"@id\":\"https:\/\/www.lemasdunaoc.com\/a-deux-pas\/\",\"url\":\"https:\/\/www.lemasdunaoc.com\/a-deux-pas\/\",\"name\":\"A deux pas de la maison, d\u00e9couvrez l'arri\u00e8re pays Grassois\",\"isPartOf\":{\"@id\":\"https:\/\/www.lemasdunaoc.com\/fr\/#website\"},\"primaryImageOfPage\":{\"@id\":\"https:\/\/www.lemasdunaoc.com\/a-deux-pas\/#primaryimage\"},\"image\":{\"@id\":\"https:\/\/www.lemasdunaoc.com\/a-deux-pas\/#primaryimage\"},\"thumbnailUrl\":\"https:\/\/www.lemasdunaoc.com\/wp-content\/uploads\/2023\/04\/golf-taulane.jpg\",\"datePublished\":\"2016-09-24T18:03:36+00:00\",\"dateModified\":\"2024-02-07T17:18:22+00:00\",\"description\":\"A deux pas de la maison, le Mas du Naoc entre c\u00f4te d'azur et arri\u00e8re pays Grassois, vous d\u00e9couvrirez sa nature, sa culture, ses randonn\u00e9es, ses march\u00e9s...\",\"breadcrumb\":{\"@id\":\"https:\/\/www.lemasdunaoc.com\/a-deux-pas\/#breadcrumb\"},\"inLanguage\":\"fr-FR\",\"potentialAction\":[{\"@type\":\"ReadAction\",\"target\":[\"https:\/\/www.lemasdunaoc.com\/a-deux-pas\/\"]}]},{\"@type\":\"ImageObject\",\"inLanguage\":\"fr-FR\",\"@id\":\"https:\/\/www.lemasdunaoc.com\/a-deux-pas\/#primaryimage\",\"url\":\"https:\/\/www.lemasdunaoc.com\/wp-content\/uploads\/2023\/04\/golf-taulane.jpg\",\"contentUrl\":\"https:\/\/www.lemasdunaoc.com\/wp-content\/uploads\/2023\/04\/golf-taulane.jpg\"},{\"@type\":\"BreadcrumbList\",\"@id\":\"https:\/\/www.lemasdunaoc.com\/a-deux-pas\/#breadcrumb\",\"itemListElement\":[{\"@type\":\"ListItem\",\"position\":1,\"name\":\"Accueil\",\"item\":\"https:\/\/www.lemasdunaoc.com\/\"},{\"@type\":\"ListItem\",\"position\":2,\"name\":\"Near le Mas du Naoc\"}]},{\"@type\":\"WebSite\",\"@id\":\"https:\/\/www.lemasdunaoc.com\/fr\/#website\",\"url\":\"https:\/\/www.lemasdunaoc.com\/fr\/\",\"name\":\"Le Mas du Naoc\",\"description\":\"Maison d&#039;h\u00f4tes de charme\",\"publisher\":{\"@id\":\"https:\/\/www.lemasdunaoc.com\/fr\/#\/schema\/person\/ddb5d512a1a346bfaed7b410f9db7c41\"},\"potentialAction\":[{\"@type\":\"SearchAction\",\"target\":{\"@type\":\"EntryPoint\",\"urlTemplate\":\"https:\/\/www.lemasdunaoc.com\/fr\/?s={search_term_string}\"},\"query-input\":{\"@type\":\"PropertyValueSpecification\",\"valueRequired\":true,\"valueName\":\"search_term_string\"}}],\"inLanguage\":\"fr-FR\"},{\"@type\":[\"Person\",\"Organization\"],\"@id\":\"https:\/\/www.lemasdunaoc.com\/fr\/#\/schema\/person\/ddb5d512a1a346bfaed7b410f9db7c41\",\"name\":\"jmaingret\",\"image\":{\"@type\":\"ImageObject\",\"inLanguage\":\"fr-FR\",\"@id\":\"https:\/\/www.lemasdunaoc.com\/fr\/#\/schema\/person\/image\/\",\"url\":\"https:\/\/secure.gravatar.com\/avatar\/5784e2612ac089b84aad68c8b1266254636e487769c05a3c47565d323c1a6874?s=96&d=mm&r=g\",\"contentUrl\":\"https:\/\/secure.gravatar.com\/avatar\/5784e2612ac089b84aad68c8b1266254636e487769c05a3c47565d323c1a6874?s=96&d=mm&r=g\",\"caption\":\"jmaingret\"},\"logo\":{\"@id\":\"https:\/\/www.lemasdunaoc.com\/fr\/#\/schema\/person\/image\/\"}}]}<\/script>\n<!-- \/ Yoast SEO plugin. -->","yoast_head_json":{"title":"A deux pas de la maison, d\u00e9couvrez l'arri\u00e8re pays Grassois","description":"A deux pas de la maison, le Mas du Naoc entre c\u00f4te d'azur et arri\u00e8re pays Grassois, vous d\u00e9couvrirez sa nature, sa culture, ses randonn\u00e9es, ses march\u00e9s...","robots":{"index":"index","follow":"follow","max-snippet":"max-snippet:-1","max-image-preview":"max-image-preview:large","max-video-preview":"max-video-preview:-1"},"canonical":"https:\/\/www.lemasdunaoc.com\/a-deux-pas\/","og_locale":"fr_FR","og_type":"article","og_title":"A deux pas de la maison, d\u00e9couvrez l'arri\u00e8re pays Grassois","og_description":"A deux pas de la maison, le Mas du Naoc entre c\u00f4te d'azur et arri\u00e8re pays Grassois, vous d\u00e9couvrirez sa nature, sa culture, ses randonn\u00e9es, ses march\u00e9s...","og_url":"https:\/\/www.lemasdunaoc.com\/a-deux-pas\/","og_site_name":"Le Mas du Naoc","article_modified_time":"2024-02-07T17:18:22+00:00","twitter_card":"summary_large_image","twitter_misc":{"Dur\u00e9e de lecture estim\u00e9e":"2 minutes"},"schema":{"@context":"https:\/\/schema.org","@graph":[{"@type":"WebPage","@id":"https:\/\/www.lemasdunaoc.com\/a-deux-pas\/","url":"https:\/\/www.lemasdunaoc.com\/a-deux-pas\/","name":"A deux pas de la maison, d\u00e9couvrez l'arri\u00e8re pays Grassois","isPartOf":{"@id":"https:\/\/www.lemasdunaoc.com\/fr\/#website"},"primaryImageOfPage":{"@id":"https:\/\/www.lemasdunaoc.com\/a-deux-pas\/#primaryimage"},"image":{"@id":"https:\/\/www.lemasdunaoc.com\/a-deux-pas\/#primaryimage"},"thumbnailUrl":"https:\/\/www.lemasdunaoc.com\/wp-content\/uploads\/2023\/04\/golf-taulane.jpg","datePublished":"2016-09-24T18:03:36+00:00","dateModified":"2024-02-07T17:18:22+00:00","description":"A deux pas de la maison, le Mas du Naoc entre c\u00f4te d'azur et arri\u00e8re pays Grassois, vous d\u00e9couvrirez sa nature, sa culture, ses randonn\u00e9es, ses march\u00e9s...","breadcrumb":{"@id":"https:\/\/www.lemasdunaoc.com\/a-deux-pas\/#breadcrumb"},"inLanguage":"fr-FR","potentialAction":[{"@type":"ReadAction","target":["https:\/\/www.lemasdunaoc.com\/a-deux-pas\/"]}]},{"@type":"ImageObject","inLanguage":"fr-FR","@id":"https:\/\/www.lemasdunaoc.com\/a-deux-pas\/#primaryimage","url":"https:\/\/www.lemasdunaoc.com\/wp-content\/uploads\/2023\/04\/golf-taulane.jpg","contentUrl":"https:\/\/www.lemasdunaoc.com\/wp-content\/uploads\/2023\/04\/golf-taulane.jpg"},{"@type":"BreadcrumbList","@id":"https:\/\/www.lemasdunaoc.com\/a-deux-pas\/#breadcrumb","itemListElement":[{"@type":"ListItem","position":1,"name":"Accueil","item":"https:\/\/www.lemasdunaoc.com\/"},{"@type":"ListItem","position":2,"name":"Near le Mas du Naoc"}]},{"@type":"WebSite","@id":"https:\/\/www.lemasdunaoc.com\/fr\/#website","url":"https:\/\/www.lemasdunaoc.com\/fr\/","name":"Le Mas du Naoc","description":"Maison d&#039;h\u00f4tes de charme","publisher":{"@id":"https:\/\/www.lemasdunaoc.com\/fr\/#\/schema\/person\/ddb5d512a1a346bfaed7b410f9db7c41"},"potentialAction":[{"@type":"SearchAction","target":{"@type":"EntryPoint","urlTemplate":"https:\/\/www.lemasdunaoc.com\/fr\/?s={search_term_string}"},"query-input":{"@type":"PropertyValueSpecification","valueRequired":true,"valueName":"search_term_string"}}],"inLanguage":"fr-FR"},{"@type":["Person","Organization"],"@id":"https:\/\/www.lemasdunaoc.com\/fr\/#\/schema\/person\/ddb5d512a1a346bfaed7b410f9db7c41","name":"jmaingret","image":{"@type":"ImageObject","inLanguage":"fr-FR","@id":"https:\/\/www.lemasdunaoc.com\/fr\/#\/schema\/person\/image\/","url":"https:\/\/secure.gravatar.com\/avatar\/5784e2612ac089b84aad68c8b1266254636e487769c05a3c47565d323c1a6874?s=96&d=mm&r=g","contentUrl":"https:\/\/secure.gravatar.com\/avatar\/5784e2612ac089b84aad68c8b1266254636e487769c05a3c47565d323c1a6874?s=96&d=mm&r=g","caption":"jmaingret"},"logo":{"@id":"https:\/\/www.lemasdunaoc.com\/fr\/#\/schema\/person\/image\/"}}]}},"_links":{"self":[{"href":"https:\/\/www.lemasdunaoc.com\/fr\/wp-json\/wp\/v2\/pages\/3227","targetHints":{"allow":["GET"]}}],"collection":[{"href":"https:\/\/www.lemasdunaoc.com\/fr\/wp-json\/wp\/v2\/pages"}],"about":[{"href":"https:\/\/www.lemasdunaoc.com\/fr\/wp-json\/wp\/v2\/types\/page"}],"author":[{"embeddable":true,"href":"https:\/\/www.lemasdunaoc.com\/fr\/wp-json\/wp\/v2\/users\/1"}],"replies":[{"embeddable":true,"href":"https:\/\/www.lemasdunaoc.com\/fr\/wp-json\/wp\/v2\/comments?post=3227"}],"version-history":[{"count":19,"href":"https:\/\/www.lemasdunaoc.com\/fr\/wp-json\/wp\/v2\/pages\/3227\/revisions"}],"predecessor-version":[{"id":4476,"href":"https:\/\/www.lemasdunaoc.com\/fr\/wp-json\/wp\/v2\/pages\/3227\/revisions\/4476"}],"wp:attachment":[{"href":"https:\/\/www.lemasdunaoc.com\/fr\/wp-json\/wp\/v2\/media?parent=3227"}],"curies":[{"name":"wp","href":"https:\/\/api.w.org\/{rel}","templated":true}]}}