{"id":3429,"date":"2016-10-15T12:04:37","date_gmt":"2016-10-15T12:04:37","guid":{"rendered":"http:\/\/www.lemasdunaoc.com\/?page_id=3429"},"modified":"2023-04-18T16:28:25","modified_gmt":"2023-04-18T16:28:25","slug":"l-atelier","status":"publish","type":"page","link":"https:\/\/www.lemasdunaoc.com\/fr\/l-atelier\/","title":{"rendered":"L&rsquo;atelier de Sandra"},"content":{"rendered":"<div class=\"wpb-content-wrapper\"><p>[vc_row][vc_column][rev_slider_vc alias=\u00a0\u00bbla-boutique\u00a0\u00bb][\/vc_column][\/vc_row][vc_row][vc_column][vc_custom_heading text=\u00a0\u00bbL&rsquo;ATELIER DE SANDRA\u00a0\u00bb font_container=\u00a0\u00bbtag:h1|font_size:50|text_align:center\u00a0\u00bb google_fonts=\u00a0\u00bbfont_family:Oswald%3A300%2Cregular%2C700|font_style:300%20light%20regular%3A300%3Anormal\u00a0\u00bb][vc_column_text]<\/p>\n<p style=\"text-align: justify;\">Pi\u00e8ce ma\u00eetresse de la maison, l&rsquo;atelier \u00e0 \u00e9t\u00e9 pr\u00e9serv\u00e9 lors de la r\u00e9novation du Mas. D&rsquo;abord ancienne salle de classe lorsque le Mas du Naoc \u00e9tait un \u00ab\u00a0<em>home d&rsquo;enfants\u00a0\u00bb<\/em>, il est devenu ensuite \u00ab\u00a0<em>atelier d&rsquo;artistes\u00a0\u00bb<\/em>\u00a0pendant une vingtaine d&rsquo;ann\u00e9es sous la direction de <a href=\"http:\/\/www.magdalena-grandmontagne.de\/de\/vita\" target=\"_blank\" rel=\"noopener\">Magdalena Grandmontagne<\/a>, graveur et peintre Allemande qui tirait toute son inspiration des lieux et qui ouvrait d\u00e9j\u00e0 d\u00e9j\u00e0 ses portes \u00e0 un public averti et sensible \u00e0 l&rsquo;art&#8230;<br \/>\nSandra en a fait \u00ab\u00a0Sa pi\u00e8ce\u00a0\u00bb, \u00ab\u00a0Son refuge\u00a0\u00bb dans lequel elle puise \u00e9galement toute son inspiration. Ici sont n\u00e9es les id\u00e9es et les r\u00e9alisations les plus vari\u00e9es. C&rsquo;est dans cet espace empreint d&rsquo;histoire et baign\u00e9 de soleil qu&rsquo;ont lieu les stages de laine feutr\u00e9e qu&rsquo;elle propose \u00e0 ses h\u00f4tes. C&rsquo;est le coeur du Mas du Naoc.<\/p>\n<p>[\/vc_column_text][\/vc_column][\/vc_row][vc_row][vc_column width=\u00a0\u00bb1\/3&Prime;][vc_custom_heading text=\u00a0\u00bbBoutique en ligne\u00a0\u00bb font_container=\u00a0\u00bbtag:h2|font_size:30|text_align:center|color:%23ddbb33&Prime; google_fonts=\u00a0\u00bbfont_family:Oswald%3A300%2Cregular%2C700|font_style:300%20light%20regular%3A300%3Anormal\u00a0\u00bb link=\u00a0\u00bburl:http%3A%2F%2Fwww.lemasdunaoc.com%2Fboutique%2F|||\u00a0\u00bb][vc_single_image image=\u00a0\u00bb3459&Prime; img_size=\u00a0\u00bb300X600&Prime; alignment=\u00a0\u00bbcenter\u00a0\u00bb onclick=\u00a0\u00bbcustom_link\u00a0\u00bb link=\u00a0\u00bbhttp:\/\/www.lemasdunaoc.com\/boutique\u00a0\u00bb][vc_column_text]<\/p>\n<p style=\"text-align: justify;\">Le Mas du Naoc ouvrira bient\u00f4t sa boutique en ligne dans laquelle vous trouverez toutes les compositions en feutre que Sandra produit \u00e0 la main dans son atelier. Toutes les pi\u00e8ces sont uniques et peuvent \u00eatre vendues sur place ou en ligne.<\/p>\n<p>[\/vc_column_text][vc_btn title=\u00a0\u00bbAcc\u00e9der \u00e0 la boutique\u00a0\u00bb style=\u00a0\u00bbclassic\u00a0\u00bb shape=\u00a0\u00bbsquare\u00a0\u00bb color=\u00a0\u00bbwhite\u00a0\u00bb align=\u00a0\u00bbcenter\u00a0\u00bb i_icon_fontawesome=\u00a0\u00bbfa fa-shopping-cart\u00a0\u00bb add_icon=\u00a0\u00bbtrue\u00a0\u00bb link=\u00a0\u00bburl:http%3A%2F%2Fwww.lemasdunaoc.com%2Fboutique%2F|||\u00a0\u00bb][\/vc_column][vc_column width=\u00a0\u00bb1\/3&Prime;][vc_custom_heading text=\u00a0\u00bbLes stages\u00a0\u00bb font_container=\u00a0\u00bbtag:h2|font_size:30|text_align:center|color:%23ddbb33&Prime; google_fonts=\u00a0\u00bbfont_family:Oswald%3A300%2Cregular%2C700|font_style:300%20light%20regular%3A300%3Anormal\u00a0\u00bb][vc_single_image image=\u00a0\u00bb3441&Prime; img_size=\u00a0\u00bb300X600&Prime; alignment=\u00a0\u00bbcenter\u00a0\u00bb][vc_column_text]<\/p>\n<p style=\"text-align: justify;\"><strong>La laine feutr\u00e9e, une mati\u00e8re \u00e0 part enti\u00e8re.<\/strong>. Sandra propose des stages pendant lesquels vous d\u00e9couvrirez les techniques de feutrage.<br \/>\nLes stages sont ouverts \u00e0 tous, petits et grands, passionn\u00e9s et d\u00e9butants.<\/p>\n<p>[\/vc_column_text][vc_btn title=\u00a0\u00bbR\u00e9server un stage\u00a0\u00bb style=\u00a0\u00bbclassic\u00a0\u00bb shape=\u00a0\u00bbsquare\u00a0\u00bb color=\u00a0\u00bbwhite\u00a0\u00bb align=\u00a0\u00bbcenter\u00a0\u00bb i_icon_fontawesome=\u00a0\u00bbfa fa-users\u00a0\u00bb add_icon=\u00a0\u00bbtrue\u00a0\u00bb link=\u00a0\u00bburl:http%3A%2F%2Fwww.lemasdunaoc.com%2Fstages-de-feutre%2F|||\u00a0\u00bb][\/vc_column][vc_column width=\u00a0\u00bb1\/3&Prime;][vc_custom_heading text=\u00a0\u00bbId\u00e9es d\u00e9co\u00a0\u00bb font_container=\u00a0\u00bbtag:h2|font_size:30|text_align:center|color:%23ddbb33&Prime; google_fonts=\u00a0\u00bbfont_family:Oswald%3A300%2Cregular%2C700|font_style:300%20light%20regular%3A300%3Anormal\u00a0\u00bb][vc_single_image image=\u00a0\u00bb3437&Prime; img_size=\u00a0\u00bb300X600&Prime; alignment=\u00a0\u00bbcenter\u00a0\u00bb][vc_column_text]<\/p>\n<p style=\"text-align: justify;\">Les articles que propose Sandra sont vari\u00e9s et issus \u00e0 la fois de son inspiration, de ses rencontres, ses lectures, ses exp\u00e9riences, ses voyages. Sensible \u00e0 la d\u00e9coration int\u00e9rieure contemporaine, au design, au mobilier et \u00e0 l&rsquo;art, elle aime partager ses d\u00e9couvertes, ses coups de coeur sur le blog d\u00e9co.<\/p>\n<p>[\/vc_column_text][vc_btn title=\u00a0\u00bbLe Blog d\u00e9co\u00a0\u00bb style=\u00a0\u00bbclassic\u00a0\u00bb shape=\u00a0\u00bbsquare\u00a0\u00bb color=\u00a0\u00bbwhite\u00a0\u00bb align=\u00a0\u00bbcenter\u00a0\u00bb i_icon_fontawesome=\u00a0\u00bbfa fa-lightbulb-o\u00a0\u00bb add_icon=\u00a0\u00bbtrue\u00a0\u00bb link=\u00a0\u00bburl:http%3A%2F%2Fwww.lemasdunaoc.com%2Fcategory%2Fdeco-design%2F|||\u00a0\u00bb][\/vc_column][\/vc_row][vc_row][vc_column][vc_video link=\u00a0\u00bbhttps:\/\/youtu.be\/nMIebJUZRPE\u00a0\u00bb title=\u00a0\u00bbPr\u00e9sentation des \u00e9tapes n\u00e9cessaires \u00e0 la cr\u00e9ation d&rsquo;une corbeille en laine feutr\u00e9e.\u00a0\u00bb][\/vc_column][\/vc_row]<\/p>\n<\/div>","protected":false},"excerpt":{"rendered":"<p>[vc_row][vc_column][rev_slider_vc alias=\u00a0\u00bbla-boutique\u00a0\u00bb][\/vc_column][\/vc_row][vc_row][vc_column][vc_custom_heading text=\u00a0\u00bbL&rsquo;ATELIER DE SANDRA\u00a0\u00bb font_container=\u00a0\u00bbtag:h1|font_size:50|text_align:center\u00a0\u00bb google_fonts=\u00a0\u00bbfont_family:Oswald%3A300%2Cregular%2C700|font_style:300%20light%20regular%3A300%3Anormal\u00a0\u00bb][vc_column_text] Pi\u00e8ce ma\u00eetresse de la maison, l&rsquo;atelier \u00e0 \u00e9t\u00e9 pr\u00e9serv\u00e9 lors de la r\u00e9novation du Mas. D&rsquo;abord ancienne salle de classe lorsque le Mas du&#8230;<\/p>\n","protected":false},"author":1,"featured_media":0,"parent":0,"menu_order":0,"comment_status":"closed","ping_status":"closed","template":"","meta":{"_monsterinsights_skip_tracking":false,"_monsterinsights_sitenote_active":false,"_monsterinsights_sitenote_note":"","_monsterinsights_sitenote_category":0,"footnotes":""},"class_list":["post-3429","page","type-page","status-publish","hentry"],"yoast_head":"<!-- This site is optimized with the Yoast SEO plugin v26.9 - https:\/\/yoast.com\/product\/yoast-seo-wordpress\/ -->\n<title>L&#039;atelier de Sandra - maison d&#039;h\u00f4tes le Mas du Naoc - Cabris (06)<\/title>\n<meta name=\"description\" content=\"L&#039;atelier de Sandra - feutri\u00e8re \u00e0 Cabris dans les Alpes Maritimes. Stages de feutre et laine feutr\u00e9e propos\u00e9s au Mas du Naoc Maison d&#039;h\u00f4tes \u00e0 Cabris - 06\" \/>\n<meta name=\"robots\" content=\"noindex, follow\" \/>\n<meta property=\"og:locale\" content=\"fr_FR\" \/>\n<meta property=\"og:type\" content=\"article\" \/>\n<meta property=\"og:title\" content=\"[:fr]L&#039;atelier de Sandra - maison d&#039;h\u00f4tes le Mas du Naoc - Cabris (06)[:en]The work shop - guesthouse le Mas du Naoc - Cabris (06)[:]\" \/>\n<meta property=\"og:description\" content=\"{:fr}L&#039;atelier de Sandra - feutri\u00e8re \u00e0 Cabris dans les Alpes Maritimes. Stages de feutre et laine feutr\u00e9e propos\u00e9s au Mas du Naoc Maison d&#039;h\u00f4tes \u00e0 Cabris - 06{:en}The workshop open for Felting training courses. Felt, a material of its own Felted wool in Le Mas du Naoc - C\u00f4te d&#039;Azur{:}\" \/>\n<meta property=\"og:url\" content=\"https:\/\/www.lemasdunaoc.com\/l-atelier\/\" \/>\n<meta property=\"og:site_name\" content=\"Le Mas du Naoc\" \/>\n<meta property=\"article:modified_time\" content=\"2023-04-18T16:28:25+00:00\" \/>\n<meta name=\"twitter:card\" content=\"summary_large_image\" \/>\n<meta name=\"twitter:label1\" content=\"Dur\u00e9e de lecture estim\u00e9e\" \/>\n\t<meta name=\"twitter:data1\" content=\"2 minutes\" \/>\n<script type=\"application\/ld+json\" class=\"yoast-schema-graph\">{\"@context\":\"https:\/\/schema.org\",\"@graph\":[{\"@type\":\"WebPage\",\"@id\":\"https:\/\/www.lemasdunaoc.com\/l-atelier\/\",\"url\":\"https:\/\/www.lemasdunaoc.com\/l-atelier\/\",\"name\":\"[:fr]L'atelier de Sandra - maison d'h\u00f4tes le Mas du Naoc - Cabris (06)[:en]The work shop - guesthouse le Mas du Naoc - Cabris (06)[:]\",\"isPartOf\":{\"@id\":\"https:\/\/www.lemasdunaoc.com\/fr\/#website\"},\"datePublished\":\"2016-10-15T12:04:37+00:00\",\"dateModified\":\"2023-04-18T16:28:25+00:00\",\"description\":\"{:fr}L'atelier de Sandra - feutri\u00e8re \u00e0 Cabris dans les Alpes Maritimes. Stages de feutre et laine feutr\u00e9e propos\u00e9s au Mas du Naoc Maison d'h\u00f4tes \u00e0 Cabris - 06{:en}The workshop open for Felting training courses. Felt, a material of its own Felted wool in Le Mas du Naoc - C\u00f4te d'Azur{:}\",\"breadcrumb\":{\"@id\":\"https:\/\/www.lemasdunaoc.com\/l-atelier\/#breadcrumb\"},\"inLanguage\":\"fr-FR\",\"potentialAction\":[{\"@type\":\"ReadAction\",\"target\":[\"https:\/\/www.lemasdunaoc.com\/l-atelier\/\"]}]},{\"@type\":\"BreadcrumbList\",\"@id\":\"https:\/\/www.lemasdunaoc.com\/l-atelier\/#breadcrumb\",\"itemListElement\":[{\"@type\":\"ListItem\",\"position\":1,\"name\":\"Accueil\",\"item\":\"https:\/\/www.lemasdunaoc.com\/\"},{\"@type\":\"ListItem\",\"position\":2,\"name\":\"L&rsquo;atelier de Sandra\"}]},{\"@type\":\"WebSite\",\"@id\":\"https:\/\/www.lemasdunaoc.com\/fr\/#website\",\"url\":\"https:\/\/www.lemasdunaoc.com\/fr\/\",\"name\":\"Le Mas du Naoc\",\"description\":\"Maison d&#039;h\u00f4tes de charme\",\"publisher\":{\"@id\":\"https:\/\/www.lemasdunaoc.com\/fr\/#\/schema\/person\/ddb5d512a1a346bfaed7b410f9db7c41\"},\"potentialAction\":[{\"@type\":\"SearchAction\",\"target\":{\"@type\":\"EntryPoint\",\"urlTemplate\":\"https:\/\/www.lemasdunaoc.com\/fr\/?s={search_term_string}\"},\"query-input\":{\"@type\":\"PropertyValueSpecification\",\"valueRequired\":true,\"valueName\":\"search_term_string\"}}],\"inLanguage\":\"fr-FR\"},{\"@type\":[\"Person\",\"Organization\"],\"@id\":\"https:\/\/www.lemasdunaoc.com\/fr\/#\/schema\/person\/ddb5d512a1a346bfaed7b410f9db7c41\",\"name\":\"jmaingret\",\"image\":{\"@type\":\"ImageObject\",\"inLanguage\":\"fr-FR\",\"@id\":\"https:\/\/www.lemasdunaoc.com\/fr\/#\/schema\/person\/image\/\",\"url\":\"https:\/\/secure.gravatar.com\/avatar\/5784e2612ac089b84aad68c8b1266254636e487769c05a3c47565d323c1a6874?s=96&d=mm&r=g\",\"contentUrl\":\"https:\/\/secure.gravatar.com\/avatar\/5784e2612ac089b84aad68c8b1266254636e487769c05a3c47565d323c1a6874?s=96&d=mm&r=g\",\"caption\":\"jmaingret\"},\"logo\":{\"@id\":\"https:\/\/www.lemasdunaoc.com\/fr\/#\/schema\/person\/image\/\"}}]}<\/script>\n<!-- \/ Yoast SEO plugin. -->","yoast_head_json":{"title":"L'atelier de Sandra - maison d'h\u00f4tes le Mas du Naoc - Cabris (06)","description":"L'atelier de Sandra - feutri\u00e8re \u00e0 Cabris dans les Alpes Maritimes. Stages de feutre et laine feutr\u00e9e propos\u00e9s au Mas du Naoc Maison d'h\u00f4tes \u00e0 Cabris - 06","robots":{"index":"noindex","follow":"follow"},"og_locale":"fr_FR","og_type":"article","og_title":"[:fr]L'atelier de Sandra - maison d'h\u00f4tes le Mas du Naoc - Cabris (06)[:en]The work shop - guesthouse le Mas du Naoc - Cabris (06)[:]","og_description":"{:fr}L'atelier de Sandra - feutri\u00e8re \u00e0 Cabris dans les Alpes Maritimes. Stages de feutre et laine feutr\u00e9e propos\u00e9s au Mas du Naoc Maison d'h\u00f4tes \u00e0 Cabris - 06{:en}The workshop open for Felting training courses. Felt, a material of its own Felted wool in Le Mas du Naoc - C\u00f4te d'Azur{:}","og_url":"https:\/\/www.lemasdunaoc.com\/l-atelier\/","og_site_name":"Le Mas du Naoc","article_modified_time":"2023-04-18T16:28:25+00:00","twitter_card":"summary_large_image","twitter_misc":{"Dur\u00e9e de lecture estim\u00e9e":"2 minutes"},"schema":{"@context":"https:\/\/schema.org","@graph":[{"@type":"WebPage","@id":"https:\/\/www.lemasdunaoc.com\/l-atelier\/","url":"https:\/\/www.lemasdunaoc.com\/l-atelier\/","name":"[:fr]L'atelier de Sandra - maison d'h\u00f4tes le Mas du Naoc - Cabris (06)[:en]The work shop - guesthouse le Mas du Naoc - Cabris (06)[:]","isPartOf":{"@id":"https:\/\/www.lemasdunaoc.com\/fr\/#website"},"datePublished":"2016-10-15T12:04:37+00:00","dateModified":"2023-04-18T16:28:25+00:00","description":"{:fr}L'atelier de Sandra - feutri\u00e8re \u00e0 Cabris dans les Alpes Maritimes. Stages de feutre et laine feutr\u00e9e propos\u00e9s au Mas du Naoc Maison d'h\u00f4tes \u00e0 Cabris - 06{:en}The workshop open for Felting training courses. Felt, a material of its own Felted wool in Le Mas du Naoc - C\u00f4te d'Azur{:}","breadcrumb":{"@id":"https:\/\/www.lemasdunaoc.com\/l-atelier\/#breadcrumb"},"inLanguage":"fr-FR","potentialAction":[{"@type":"ReadAction","target":["https:\/\/www.lemasdunaoc.com\/l-atelier\/"]}]},{"@type":"BreadcrumbList","@id":"https:\/\/www.lemasdunaoc.com\/l-atelier\/#breadcrumb","itemListElement":[{"@type":"ListItem","position":1,"name":"Accueil","item":"https:\/\/www.lemasdunaoc.com\/"},{"@type":"ListItem","position":2,"name":"L&rsquo;atelier de Sandra"}]},{"@type":"WebSite","@id":"https:\/\/www.lemasdunaoc.com\/fr\/#website","url":"https:\/\/www.lemasdunaoc.com\/fr\/","name":"Le Mas du Naoc","description":"Maison d&#039;h\u00f4tes de charme","publisher":{"@id":"https:\/\/www.lemasdunaoc.com\/fr\/#\/schema\/person\/ddb5d512a1a346bfaed7b410f9db7c41"},"potentialAction":[{"@type":"SearchAction","target":{"@type":"EntryPoint","urlTemplate":"https:\/\/www.lemasdunaoc.com\/fr\/?s={search_term_string}"},"query-input":{"@type":"PropertyValueSpecification","valueRequired":true,"valueName":"search_term_string"}}],"inLanguage":"fr-FR"},{"@type":["Person","Organization"],"@id":"https:\/\/www.lemasdunaoc.com\/fr\/#\/schema\/person\/ddb5d512a1a346bfaed7b410f9db7c41","name":"jmaingret","image":{"@type":"ImageObject","inLanguage":"fr-FR","@id":"https:\/\/www.lemasdunaoc.com\/fr\/#\/schema\/person\/image\/","url":"https:\/\/secure.gravatar.com\/avatar\/5784e2612ac089b84aad68c8b1266254636e487769c05a3c47565d323c1a6874?s=96&d=mm&r=g","contentUrl":"https:\/\/secure.gravatar.com\/avatar\/5784e2612ac089b84aad68c8b1266254636e487769c05a3c47565d323c1a6874?s=96&d=mm&r=g","caption":"jmaingret"},"logo":{"@id":"https:\/\/www.lemasdunaoc.com\/fr\/#\/schema\/person\/image\/"}}]}},"_links":{"self":[{"href":"https:\/\/www.lemasdunaoc.com\/fr\/wp-json\/wp\/v2\/pages\/3429","targetHints":{"allow":["GET"]}}],"collection":[{"href":"https:\/\/www.lemasdunaoc.com\/fr\/wp-json\/wp\/v2\/pages"}],"about":[{"href":"https:\/\/www.lemasdunaoc.com\/fr\/wp-json\/wp\/v2\/types\/page"}],"author":[{"embeddable":true,"href":"https:\/\/www.lemasdunaoc.com\/fr\/wp-json\/wp\/v2\/users\/1"}],"replies":[{"embeddable":true,"href":"https:\/\/www.lemasdunaoc.com\/fr\/wp-json\/wp\/v2\/comments?post=3429"}],"version-history":[{"count":28,"href":"https:\/\/www.lemasdunaoc.com\/fr\/wp-json\/wp\/v2\/pages\/3429\/revisions"}],"predecessor-version":[{"id":4211,"href":"https:\/\/www.lemasdunaoc.com\/fr\/wp-json\/wp\/v2\/pages\/3429\/revisions\/4211"}],"wp:attachment":[{"href":"https:\/\/www.lemasdunaoc.com\/fr\/wp-json\/wp\/v2\/media?parent=3429"}],"curies":[{"name":"wp","href":"https:\/\/api.w.org\/{rel}","templated":true}]}}